{"id":1060,"date":"2012-07-13T10:49:29","date_gmt":"2012-07-13T07:49:29","guid":{"rendered":"https:\/\/mydrink.ee\/product\/onezhkaja-hlebnaja-vodka-40-50cl\/"},"modified":"2025-09-09T03:03:45","modified_gmt":"2025-09-09T00:03:45","slug":"onezhkaja-hlebnaja-vodka-40-50cl","status":"publish","type":"product","link":"https:\/\/mydrink.ee\/fi\/product\/onezhkaja-hlebnaja-vodka-40-50cl\/","title":{"rendered":"ONEZHKAJA HLEBNAJA VODKA 40%50CL"},"content":{"rendered":"<p>Kirjeldus:<br \/>\n\u2022 Puhas ja kristallselge viin. Toote nimi tuleneb asjaolust, et valmistamisel on kasutatud \u00f6koloogiliselt puhast ja pehmet Onega j\u00e4rve vett.<br \/>\n\u2022 Esmane filtreerimine l\u00e4bi s\u00f6efiltri ning l\u00f5plik filtratsioon piimaga annab viinale l\u00e4bipaistvuse ja puhta maitse<br \/>\n\u2022 Onega j\u00e4rve kujutis etiketil r\u00f5hutab toote \u00f6koloogilist p\u00e4ritolu<br \/>\n\u2022 Mitmetasandiline ning rangelt riiklike standardeid j\u00e4rgiv kvaliteedikontroll tootmisprotsessis tagab toote kvaliteedi ja usaldusv\u00e4\u00e4rsuse<\/p>","protected":false},"excerpt":{"rendered":"<p>Liik: Kange alkohol, Viin<br \/>\nKastis: 12<br \/>\nMaht: 50CL<br \/>\nAlkoholisisaldus: 40%<br \/>\nP\u00e4ritolumaa: Venemaa<\/p>","protected":false},"featured_media":1059,"template":"","meta":{"_acf_changed":false,"_kad_post_transparent":"","_kad_post_title":"","_kad_post_layout":"","_kad_post_sidebar_id":"","_kad_post_content_style":"","_kad_post_vertical_padding":"","_kad_post_feature":"","_kad_post_feature_position":"","_kad_post_header":false,"_kad_post_footer":false},"product_brand":[],"product_cat":[46],"product_tag":[],"class_list":{"0":"post-1060","1":"product","2":"type-product","3":"status-publish","4":"has-post-thumbnail","6":"product_cat-vodka","8":"first","9":"outofstock","10":"taxable","11":"shipping-taxable","12":"purchasable","13":"product-type-simple","14":"entry","15":"content-bg","16":"loop-entry"},"acf":[],"_links":{"self":[{"href":"https:\/\/mydrink.ee\/fi\/wp-json\/wp\/v2\/product\/1060","targetHints":{"allow":["GET"]}}],"collection":[{"href":"https:\/\/mydrink.ee\/fi\/wp-json\/wp\/v2\/product"}],"about":[{"href":"https:\/\/mydrink.ee\/fi\/wp-json\/wp\/v2\/types\/product"}],"wp:featuredmedia":[{"embeddable":true,"href":"https:\/\/mydrink.ee\/fi\/wp-json\/wp\/v2\/media\/1059"}],"wp:attachment":[{"href":"https:\/\/mydrink.ee\/fi\/wp-json\/wp\/v2\/media?parent=1060"}],"wp:term":[{"taxonomy":"product_brand","embeddable":true,"href":"https:\/\/mydrink.ee\/fi\/wp-json\/wp\/v2\/product_brand?post=1060"},{"taxonomy":"product_cat","embeddable":true,"href":"https:\/\/mydrink.ee\/fi\/wp-json\/wp\/v2\/product_cat?post=1060"},{"taxonomy":"product_tag","embeddable":true,"href":"https:\/\/mydrink.ee\/fi\/wp-json\/wp\/v2\/product_tag?post=1060"}],"curies":[{"name":"wp","href":"https:\/\/api.w.org\/{rel}","templated":true}]}}