{"id":1090,"date":"2012-07-13T10:49:33","date_gmt":"2012-07-13T07:49:33","guid":{"rendered":"https:\/\/mydrink.ee\/product\/pfaff-goldert-grd-cru-gewurztraminer-13-5-75cl\/"},"modified":"2012-07-13T10:49:33","modified_gmt":"2012-07-13T07:49:33","slug":"pfaff-goldert-grd-cru-gewurztraminer-13-5-75cl","status":"publish","type":"product","link":"https:\/\/mydrink.ee\/fi\/product\/pfaff-goldert-grd-cru-gewurztraminer-13-5-75cl\/","title":{"rendered":"PFAFF GOLDERT GRD CRU GEWURZTRAMINER 13,5% 75CL"},"content":{"rendered":"<p>Cave Vinicole de Pfaffenheim Prantsusmaalt Alsace\u00b4st on juba \u00fcle kolmek\u00fcmne viie aasta valmistanud suursuguseid veine, mida on auhinnatud paljude medalitega. See on suur tunnustus, kuid samas ka vastutus. Sellep\u00e4rast v\u00f5etakse veinide valmistamisel arvesse iga v\u00e4iksemgi detail, pidevalt t\u00e4iustades tehnoloogiat, kasutades ainult selekteeritud marju. Seda k\u00f5ike selleks, et saaks jagada palju veinir\u00f5\u00f5mu Pfaffenheimi veinide nautijatele.<br \/>\nKliima on Alsace`is viinamarjakasvatust soosiv &#8211; kaitstud p\u00f5hjatuulte eest ja asudes Prantsusmaa k\u00f5ige kuivemas piirkonnas &#8211; 2 400 p\u00e4ikselist tundi aastas.<br \/>\nKuna alsace k\u00f6\u00f6k on paljuski sarnane eesti k\u00f6\u00f6giga, siis on p\u00f5nev sobitada neid suurep\u00e4raseid veine meie maitseharjumustega.<\/p>\n<p>Traditsiooniliselt serveeritakse aperitiivina, tugevate juustudega nagu Munster ja Roquefort ja dessertidega. Huvitav on foie gras&#8217;ga, metslinnulihaga ja homaariga, mis on kastmes.<br \/>\nVananemispotentsiaaliga umbes 10-15 aastat. <\/p>","protected":false},"excerpt":{"rendered":"<p>Liik: Kaitstud p\u00e4ritolunimetusega vein<br \/>\nKastis: 6<br \/>\nMaht: 75CL<br \/>\nAlkoholisisaldus: 14%<br \/>\nP\u00e4ritolumaa: Prantsusmaa<br \/>\nPiirkond: Alsace<br \/>\nAroom: V\u00e4ga elegantne aroom, rikkalik, mesine<br \/>\nMaitse: T\u00e4idlane, selles kombineeruvad mesi ja apelsin<br \/>\nToidusoovitus: Alsace p\u00e4rased toidud, desserdid, juustud.<br \/>\nServeerimine: 10-12 C<\/p>","protected":false},"featured_media":1089,"template":"","meta":{"_acf_changed":false,"_kadence_starter_templates_imported_post":false,"_kad_post_transparent":"","_kad_post_title":"","_kad_post_layout":"","_kad_post_sidebar_id":"","_kad_post_content_style":"","_kad_post_vertical_padding":"","_kad_post_feature":"","_kad_post_feature_position":"","_kad_post_header":false,"_kad_post_footer":false},"product_brand":[],"product_cat":[21,180,57],"product_tag":[],"class_list":{"0":"post-1090","1":"product","2":"type-product","3":"status-publish","4":"has-post-thumbnail","6":"product_cat-valged-veinid","7":"product_cat-veinid","8":"product_cat-prantsuse-1","10":"first","11":"instock","12":"taxable","13":"shipping-taxable","14":"purchasable","15":"product-type-simple","16":"entry","17":"content-bg","18":"loop-entry"},"acf":[],"_links":{"self":[{"href":"https:\/\/mydrink.ee\/fi\/wp-json\/wp\/v2\/product\/1090","targetHints":{"allow":["GET"]}}],"collection":[{"href":"https:\/\/mydrink.ee\/fi\/wp-json\/wp\/v2\/product"}],"about":[{"href":"https:\/\/mydrink.ee\/fi\/wp-json\/wp\/v2\/types\/product"}],"wp:featuredmedia":[{"embeddable":true,"href":"https:\/\/mydrink.ee\/fi\/wp-json\/wp\/v2\/media\/1089"}],"wp:attachment":[{"href":"https:\/\/mydrink.ee\/fi\/wp-json\/wp\/v2\/media?parent=1090"}],"wp:term":[{"taxonomy":"product_brand","embeddable":true,"href":"https:\/\/mydrink.ee\/fi\/wp-json\/wp\/v2\/product_brand?post=1090"},{"taxonomy":"product_cat","embeddable":true,"href":"https:\/\/mydrink.ee\/fi\/wp-json\/wp\/v2\/product_cat?post=1090"},{"taxonomy":"product_tag","embeddable":true,"href":"https:\/\/mydrink.ee\/fi\/wp-json\/wp\/v2\/product_tag?post=1090"}],"curies":[{"name":"wp","href":"https:\/\/api.w.org\/{rel}","templated":true}]}}