{"id":1113,"date":"2012-07-13T10:49:37","date_gmt":"2012-07-13T07:49:37","guid":{"rendered":"https:\/\/mydrink.ee\/product\/l-latour-chablis-1er-cru-montmains-20-13-75cl\/"},"modified":"2012-07-13T10:49:37","modified_gmt":"2012-07-13T07:49:37","slug":"l-latour-chablis-1er-cru-montmains-20-13-75cl","status":"publish","type":"product","link":"https:\/\/mydrink.ee\/fi\/product\/l-latour-chablis-1er-cru-montmains-20-13-75cl\/","title":{"rendered":"L.LATOUR CHABLIS 1ER CRU MONTMAINS `20 13% 75CL"},"content":{"rendered":"","protected":false},"excerpt":{"rendered":"<p>Tooteliik:\tKaitstud p\u00e4ritolunimetusega vein<br \/>\nMagususe aste:\tKuiv<br \/>\nP\u00e4ritolumaa:\tPrantsusmaa<br \/>\nPiirkond:\tChablis<br \/>\nViinamarjasort:\tChardonnay<br \/>\nV\u00e4rvus: Kuldkollane, kirgas<br \/>\nAroom: Mineraalne, puuviljane, tunda mandleid, papaya, pirni.<br \/>\nMaitse: Keskmise t\u00e4idlusega, v\u00e4rske happega, mineraalne, puuviljane, tunda kollaseid \u00f5unu, virsikuid, veidi tsitruselisi.<br \/>\nToidusoovitus: Mereannid, valge kala, kanaliha, pastatoidud, juust<\/p>","protected":false},"featured_media":1112,"template":"","meta":{"_acf_changed":false,"_kadence_starter_templates_imported_post":false,"_kad_post_transparent":"","_kad_post_title":"","_kad_post_layout":"","_kad_post_sidebar_id":"","_kad_post_content_style":"","_kad_post_vertical_padding":"","_kad_post_feature":"","_kad_post_feature_position":"","_kad_post_header":false,"_kad_post_footer":false},"product_brand":[],"product_cat":[21,180,57],"product_tag":[],"class_list":{"0":"post-1113","1":"product","2":"type-product","3":"status-publish","4":"has-post-thumbnail","6":"product_cat-valged-veinid","7":"product_cat-veinid","8":"product_cat-prantsuse-1","10":"first","11":"instock","12":"taxable","13":"shipping-taxable","14":"purchasable","15":"product-type-simple","16":"entry","17":"content-bg","18":"loop-entry"},"acf":[],"_links":{"self":[{"href":"https:\/\/mydrink.ee\/fi\/wp-json\/wp\/v2\/product\/1113","targetHints":{"allow":["GET"]}}],"collection":[{"href":"https:\/\/mydrink.ee\/fi\/wp-json\/wp\/v2\/product"}],"about":[{"href":"https:\/\/mydrink.ee\/fi\/wp-json\/wp\/v2\/types\/product"}],"wp:featuredmedia":[{"embeddable":true,"href":"https:\/\/mydrink.ee\/fi\/wp-json\/wp\/v2\/media\/1112"}],"wp:attachment":[{"href":"https:\/\/mydrink.ee\/fi\/wp-json\/wp\/v2\/media?parent=1113"}],"wp:term":[{"taxonomy":"product_brand","embeddable":true,"href":"https:\/\/mydrink.ee\/fi\/wp-json\/wp\/v2\/product_brand?post=1113"},{"taxonomy":"product_cat","embeddable":true,"href":"https:\/\/mydrink.ee\/fi\/wp-json\/wp\/v2\/product_cat?post=1113"},{"taxonomy":"product_tag","embeddable":true,"href":"https:\/\/mydrink.ee\/fi\/wp-json\/wp\/v2\/product_tag?post=1113"}],"curies":[{"name":"wp","href":"https:\/\/api.w.org\/{rel}","templated":true}]}}