{"id":1121,"date":"2012-07-13T10:49:38","date_gmt":"2012-07-13T07:49:38","guid":{"rendered":"https:\/\/mydrink.ee\/product\/l-latour-saint-veran-les-deux-moulins-06-13-75cl\/"},"modified":"2012-07-13T10:49:38","modified_gmt":"2012-07-13T07:49:38","slug":"l-latour-saint-veran-les-deux-moulins-06-13-75cl","status":"publish","type":"product","link":"https:\/\/mydrink.ee\/fi\/product\/l-latour-saint-veran-les-deux-moulins-06-13-75cl\/","title":{"rendered":"L.LATOUR SAINT VERAN LES DEUX MOULINS `20 13% 75CL"},"content":{"rendered":"<p>Kuulsast M\u00e2con\u2019i piirkonnast p\u00e4rit klassikaline valge burgunder moodustab k\u00fcllusliku, h\u00e4sti balansseeritud eristuva aroomi ja pika j\u00e4relmaitsega veini.<\/p>\n<p>L.Latour valged veinid on valmistatud 100% Chardonnay viinamarjast.<br \/>\nT\u00e4idlane, huvitav, aromaatne, sobiva kangusega kompleksne vein.<\/p>","protected":false},"excerpt":{"rendered":"<p>Liik: Kaitstud p\u00e4ritolunimetusega vein<br \/>\nKastis: 12<br \/>\nMaht: 75CL<br \/>\nAlkoholisisaldus: 13%<br \/>\nP\u00e4ritolumaa: Prantsusmaa<br \/>\nPiirkond: Burgundia<br \/>\nViinamarjasort: Chardonnay<br \/>\nAroom: Aroomis tunda virsikut ja pirni<br \/>\nMaitse: Maitse on pehme, meeldiv ja v\u00e4ga nauditav<br \/>\nServeerimine: 10-12 C<\/p>","protected":false},"featured_media":1120,"template":"","meta":{"_acf_changed":false,"_kadence_starter_templates_imported_post":false,"_kad_post_transparent":"","_kad_post_title":"","_kad_post_layout":"","_kad_post_sidebar_id":"","_kad_post_content_style":"","_kad_post_vertical_padding":"","_kad_post_feature":"","_kad_post_feature_position":"","_kad_post_header":false,"_kad_post_footer":false},"product_brand":[],"product_cat":[21,180,57],"product_tag":[],"class_list":{"0":"post-1121","1":"product","2":"type-product","3":"status-publish","4":"has-post-thumbnail","6":"product_cat-valged-veinid","7":"product_cat-veinid","8":"product_cat-prantsuse-1","10":"first","11":"instock","12":"taxable","13":"shipping-taxable","14":"purchasable","15":"product-type-simple","16":"entry","17":"content-bg","18":"loop-entry"},"acf":[],"_links":{"self":[{"href":"https:\/\/mydrink.ee\/fi\/wp-json\/wp\/v2\/product\/1121","targetHints":{"allow":["GET"]}}],"collection":[{"href":"https:\/\/mydrink.ee\/fi\/wp-json\/wp\/v2\/product"}],"about":[{"href":"https:\/\/mydrink.ee\/fi\/wp-json\/wp\/v2\/types\/product"}],"wp:featuredmedia":[{"embeddable":true,"href":"https:\/\/mydrink.ee\/fi\/wp-json\/wp\/v2\/media\/1120"}],"wp:attachment":[{"href":"https:\/\/mydrink.ee\/fi\/wp-json\/wp\/v2\/media?parent=1121"}],"wp:term":[{"taxonomy":"product_brand","embeddable":true,"href":"https:\/\/mydrink.ee\/fi\/wp-json\/wp\/v2\/product_brand?post=1121"},{"taxonomy":"product_cat","embeddable":true,"href":"https:\/\/mydrink.ee\/fi\/wp-json\/wp\/v2\/product_cat?post=1121"},{"taxonomy":"product_tag","embeddable":true,"href":"https:\/\/mydrink.ee\/fi\/wp-json\/wp\/v2\/product_tag?post=1121"}],"curies":[{"name":"wp","href":"https:\/\/api.w.org\/{rel}","templated":true}]}}