{"id":1139,"date":"2012-07-13T10:49:41","date_gmt":"2012-07-13T07:49:41","guid":{"rendered":"https:\/\/mydrink.ee\/product\/remich-primerberg-rivaner-vin-classe-12-75cl\/"},"modified":"2012-07-13T10:49:41","modified_gmt":"2012-07-13T07:49:41","slug":"remich-primerberg-rivaner-vin-classe-12-75cl","status":"publish","type":"product","link":"https:\/\/mydrink.ee\/fi\/product\/remich-primerberg-rivaner-vin-classe-12-75cl\/","title":{"rendered":"DESOM PREMIER CRU RIVANER 12% 75CL"},"content":{"rendered":"","protected":false},"excerpt":{"rendered":"<p>Liik: Kaitstud p\u00e4ritolunimetusega vein<br \/>\nKastis: 6<br \/>\nMaht: 75CL<br \/>\nAlkoholisisaldus: 12%<br \/>\nP\u00e4ritolumaa: Luksemburg<br \/>\nPiirkond: Remich<br \/>\nViinamarjasort: Rivaner<br \/>\nAroom: Aroomis on tunda magusust, leivakarakterit, \u00f5una<br \/>\nMaitse: Mineraalne, mahlane, tunda \u00f5una ja kollast ploomi, \u00f5rna v\u00fcrtsi<br \/>\nToidusoovitus: Sobib ideaalselt aperitiivina, salatitega, kergete kana- ja kalaroogadega, kui ka iseseisvalt tarbimiseks.<br \/>\nServeerimine: 10-12 C<\/p>","protected":false},"featured_media":1138,"template":"","meta":{"_acf_changed":false,"_kadence_starter_templates_imported_post":false,"_kad_post_transparent":"","_kad_post_title":"","_kad_post_layout":"","_kad_post_sidebar_id":"","_kad_post_content_style":"","_kad_post_vertical_padding":"","_kad_post_feature":"","_kad_post_feature_position":"","_kad_post_header":false,"_kad_post_footer":false},"product_brand":[],"product_cat":[21,180,106,62],"product_tag":[],"class_list":{"0":"post-1139","1":"product","2":"type-product","3":"status-publish","4":"has-post-thumbnail","6":"product_cat-valged-veinid","7":"product_cat-veinid","8":"product_cat-luksemburg-1","9":"product_cat-muu-1-valged-veinid","11":"first","12":"instock","13":"taxable","14":"shipping-taxable","15":"purchasable","16":"product-type-simple","17":"entry","18":"content-bg","19":"loop-entry"},"acf":[],"_links":{"self":[{"href":"https:\/\/mydrink.ee\/fi\/wp-json\/wp\/v2\/product\/1139","targetHints":{"allow":["GET"]}}],"collection":[{"href":"https:\/\/mydrink.ee\/fi\/wp-json\/wp\/v2\/product"}],"about":[{"href":"https:\/\/mydrink.ee\/fi\/wp-json\/wp\/v2\/types\/product"}],"wp:featuredmedia":[{"embeddable":true,"href":"https:\/\/mydrink.ee\/fi\/wp-json\/wp\/v2\/media\/1138"}],"wp:attachment":[{"href":"https:\/\/mydrink.ee\/fi\/wp-json\/wp\/v2\/media?parent=1139"}],"wp:term":[{"taxonomy":"product_brand","embeddable":true,"href":"https:\/\/mydrink.ee\/fi\/wp-json\/wp\/v2\/product_brand?post=1139"},{"taxonomy":"product_cat","embeddable":true,"href":"https:\/\/mydrink.ee\/fi\/wp-json\/wp\/v2\/product_cat?post=1139"},{"taxonomy":"product_tag","embeddable":true,"href":"https:\/\/mydrink.ee\/fi\/wp-json\/wp\/v2\/product_tag?post=1139"}],"curies":[{"name":"wp","href":"https:\/\/api.w.org\/{rel}","templated":true}]}}