{"id":1143,"date":"2012-07-13T10:49:41","date_gmt":"2012-07-13T07:49:41","guid":{"rendered":"https:\/\/mydrink.ee\/product\/ruffino-orvieto-classico-doc-07-12-75cl\/"},"modified":"2012-07-13T10:49:41","modified_gmt":"2012-07-13T07:49:41","slug":"ruffino-orvieto-classico-doc-07-12-75cl","status":"publish","type":"product","link":"https:\/\/mydrink.ee\/fi\/product\/ruffino-orvieto-classico-doc-07-12-75cl\/","title":{"rendered":"RUFFINO ORVIETO CLASSICO DOC 12% vol 75CL"},"content":{"rendered":"<p>Ruffino Orvieto on oma nime saanud t\u00e4htsa kultuurilinna Orvieto j\u00e4rgi, mille viinamarjad Trebbiano, Verdello, Grechetto, Drupeccio ja Malvasia on korjatud piirkonna s\u00fcdamest, parimatelt aladelt, mida t\u00e4histab pudeli etiketil Classico nimetus.<br \/>\nRuffino Orvieto Classico on k\u00e4\u00e4ritatud terastankeris, jahedal temperatuuril, et s\u00e4iluks viinamarjade delikaatsed puuviljalised aroomid.<br \/>\nVein on s\u00e4rav kahvatu kollane, millel on delikaatne pehmelt p\u00e4hkline aroom.<\/p>","protected":false},"excerpt":{"rendered":"<p>Liik: Kaitstud geograafilise t\u00e4hisega vein<br \/>\nKastis: 12<br \/>\nMaht: 75CL<br \/>\nAlkoholisisaldus: 12%<br \/>\nP\u00e4ritolumaa: Itaalia<br \/>\nPiirkond: Toscana<br \/>\nViinamarjasort: Trebbiano, Verdello, Grechetto, Drupeccio, Malvasia<br \/>\nAroom: Delikaatne pehmelt p\u00e4hkline aroom<br \/>\nMaitse: Maitselt kuiv v\u00e4rske ja tunda kerget gaasi. J\u00e4relmaitse erk ja balanseeritud<br \/>\nToidusoovitus: Ruffino Orvieto Classico on suurep\u00e4raseks kaaslaseks antipasti, suppide, mereandide ja valge liha roogadega.<br \/>\nServeerimine: Serveerida soovitaks jahutatult, mitte j\u00e4\u00e4k\u00fclmalt, sest nii tulevad k\u00f5igeparemini esile veini \u00f5rnus ja lillelisus.<\/p>","protected":false},"featured_media":1142,"template":"","meta":{"_acf_changed":false,"_kadence_starter_templates_imported_post":false,"_kad_post_transparent":"","_kad_post_title":"","_kad_post_layout":"","_kad_post_sidebar_id":"","_kad_post_content_style":"","_kad_post_vertical_padding":"","_kad_post_feature":"","_kad_post_feature_position":"","_kad_post_header":false,"_kad_post_footer":false},"product_brand":[],"product_cat":[21,180,55],"product_tag":[],"class_list":{"0":"post-1143","1":"product","2":"type-product","3":"status-publish","4":"has-post-thumbnail","6":"product_cat-valged-veinid","7":"product_cat-veinid","8":"product_cat-itaalia-1","10":"first","11":"instock","12":"taxable","13":"shipping-taxable","14":"purchasable","15":"product-type-simple","16":"entry","17":"content-bg","18":"loop-entry"},"acf":[],"_links":{"self":[{"href":"https:\/\/mydrink.ee\/fi\/wp-json\/wp\/v2\/product\/1143","targetHints":{"allow":["GET"]}}],"collection":[{"href":"https:\/\/mydrink.ee\/fi\/wp-json\/wp\/v2\/product"}],"about":[{"href":"https:\/\/mydrink.ee\/fi\/wp-json\/wp\/v2\/types\/product"}],"wp:featuredmedia":[{"embeddable":true,"href":"https:\/\/mydrink.ee\/fi\/wp-json\/wp\/v2\/media\/1142"}],"wp:attachment":[{"href":"https:\/\/mydrink.ee\/fi\/wp-json\/wp\/v2\/media?parent=1143"}],"wp:term":[{"taxonomy":"product_brand","embeddable":true,"href":"https:\/\/mydrink.ee\/fi\/wp-json\/wp\/v2\/product_brand?post=1143"},{"taxonomy":"product_cat","embeddable":true,"href":"https:\/\/mydrink.ee\/fi\/wp-json\/wp\/v2\/product_cat?post=1143"},{"taxonomy":"product_tag","embeddable":true,"href":"https:\/\/mydrink.ee\/fi\/wp-json\/wp\/v2\/product_tag?post=1143"}],"curies":[{"name":"wp","href":"https:\/\/api.w.org\/{rel}","templated":true}]}}