{"id":1160,"date":"2012-07-13T10:49:43","date_gmt":"2012-07-13T07:49:43","guid":{"rendered":"https:\/\/mydrink.ee\/product\/l-latour-grand-ardeche-chardonnay-20-13-5-75cl\/"},"modified":"2012-07-13T10:49:43","modified_gmt":"2012-07-13T07:49:43","slug":"l-latour-grand-ardeche-chardonnay-20-13-5-75cl","status":"publish","type":"product","link":"https:\/\/mydrink.ee\/fi\/product\/l-latour-grand-ardeche-chardonnay-20-13-5-75cl\/","title":{"rendered":"L.LATOUR GRAND ARDECHE CHARDONNAY `20 13.5% 75CL"},"content":{"rendered":"<p>Chardonnay\u2019d on Burgundiaskasvatatud sajandeid. Sellest on loodud tuntud suurep\u00e4raseid valgeid veine C\u00f4te d&#8217;Or, C\u00f4te Chalonnaise ja M\u00e2connais ning ka Chablis. See sort kasvatab ilusaid kuldseid viinamarju. Marjad on v\u00e4ikesed, magusa mahlaga. Lehed on eristatavad oma kahe paksu rootsu poolest, mida \u00fcmbritsevad sakilised leheservad lehe ja varre \u00fchinemiskohal.<br \/>\nVinifikatsioon: Roostevabades t\u00f5rtes 100% malolaktiline fermenteerimine<\/p>\n<p>Kuulsast M\u00e2con\u2019i piirkonnast p\u00e4rit klassikaline valge burgunder moodustab k\u00fcllusliku, h\u00e4sti balansseeritud eristuva aroomi ja pika j\u00e4relmaitsega veini.<br \/>\nT\u00e4idlane, huvitav, aromaatne, sobiva kangusega kompleksne vein.<br \/>\nParim serveerimistemperatuur 10-12 C<\/p>","protected":false},"excerpt":{"rendered":"<p>Liik: Kaitstud p\u00e4ritolunimetusega vein<br \/>\nKastis: 12<br \/>\nMaht: 75CL<br \/>\nAlkoholisisaldus: 13,5%<br \/>\nP\u00e4ritolumaa: Prantsusmaa<br \/>\nPiirkond: Burgundia<br \/>\nViinamarjasort: Chardonnay<\/p>","protected":false},"featured_media":1159,"template":"","meta":{"_acf_changed":false,"_kadence_starter_templates_imported_post":false,"_kad_post_transparent":"","_kad_post_title":"","_kad_post_layout":"","_kad_post_sidebar_id":"","_kad_post_content_style":"","_kad_post_vertical_padding":"","_kad_post_feature":"","_kad_post_feature_position":"","_kad_post_header":false,"_kad_post_footer":false},"product_brand":[],"product_cat":[21,180,57],"product_tag":[],"class_list":{"0":"post-1160","1":"product","2":"type-product","3":"status-publish","4":"has-post-thumbnail","6":"product_cat-valged-veinid","7":"product_cat-veinid","8":"product_cat-prantsuse-1","10":"first","11":"instock","12":"taxable","13":"shipping-taxable","14":"purchasable","15":"product-type-simple","16":"entry","17":"content-bg","18":"loop-entry"},"acf":[],"_links":{"self":[{"href":"https:\/\/mydrink.ee\/fi\/wp-json\/wp\/v2\/product\/1160","targetHints":{"allow":["GET"]}}],"collection":[{"href":"https:\/\/mydrink.ee\/fi\/wp-json\/wp\/v2\/product"}],"about":[{"href":"https:\/\/mydrink.ee\/fi\/wp-json\/wp\/v2\/types\/product"}],"wp:featuredmedia":[{"embeddable":true,"href":"https:\/\/mydrink.ee\/fi\/wp-json\/wp\/v2\/media\/1159"}],"wp:attachment":[{"href":"https:\/\/mydrink.ee\/fi\/wp-json\/wp\/v2\/media?parent=1160"}],"wp:term":[{"taxonomy":"product_brand","embeddable":true,"href":"https:\/\/mydrink.ee\/fi\/wp-json\/wp\/v2\/product_brand?post=1160"},{"taxonomy":"product_cat","embeddable":true,"href":"https:\/\/mydrink.ee\/fi\/wp-json\/wp\/v2\/product_cat?post=1160"},{"taxonomy":"product_tag","embeddable":true,"href":"https:\/\/mydrink.ee\/fi\/wp-json\/wp\/v2\/product_tag?post=1160"}],"curies":[{"name":"wp","href":"https:\/\/api.w.org\/{rel}","templated":true}]}}