{"id":1192,"date":"2012-07-13T10:49:48","date_gmt":"2012-07-13T07:49:48","guid":{"rendered":"https:\/\/mydrink.ee\/product\/yellow-tail-chardonnay-13-75cl\/"},"modified":"2012-07-13T10:49:48","modified_gmt":"2012-07-13T07:49:48","slug":"yellow-tail-chardonnay-13-75cl","status":"publish","type":"product","link":"https:\/\/mydrink.ee\/fi\/product\/yellow-tail-chardonnay-13-75cl\/","title":{"rendered":"YELLOW TAIL CHARDONNAY 13%75CL"},"content":{"rendered":"<p>VALMISTAMINE: Chardonnay on valmistatud viinamarjadest, mis p\u00e4rinevad k\u00f5rgeima kvaliteediga viinamarjaistandustest. Marjad on \u00f5rnalt pressitud, et s\u00e4ilitada maksimaalne v\u00e4rskus ja maitse. Veini valmistamisel on kasutatud spetsiaalset surumismeetodit. \u00dchekordsel k\u00e4\u00e4ritamisel saavutatakse l\u00f5plik kerge kontakt tammevaadiga. <\/p>","protected":false},"excerpt":{"rendered":"<p>Liik:\tGeograafilise t\u00e4hisega vein<br \/>\nKastis:\t6<br \/>\nMaht:\t75CL<br \/>\nAlkoholisisaldus:\t13%<br \/>\nP\u00e4ritolumaa:\tAustraalia<br \/>\nPiirkond:\tSouth-Eastern<br \/>\nViinamarjasort:\tChardonnay<br \/>\nAroom:\tChardonnay klaasist tungib ninna iseloomulik armastusv\u00e4\u00e4rne troopiline aroom<br \/>\nMaitse:\tVeinil on rikkalik kreemjas j\u00e4relmaitse, olles samaaegselt siididselt pehme ja kergelt joodav.<br \/>\nToidusoovitus: Chardonnay on loodud lihtsa filosoofilise meelega, et valmistada head veini, mida v\u00f5ib nautida iga\u00fcks, igal ajal ja kohas. See valge vein sobib suurep\u00e4raselt hea kanasalati ja meeldiva seltskonnaga.<\/p>","protected":false},"featured_media":1191,"template":"","meta":{"_acf_changed":false,"_kadence_starter_templates_imported_post":false,"_kad_post_transparent":"","_kad_post_title":"","_kad_post_layout":"","_kad_post_sidebar_id":"","_kad_post_content_style":"","_kad_post_vertical_padding":"","_kad_post_feature":"","_kad_post_feature_position":"","_kad_post_header":false,"_kad_post_footer":false},"product_brand":[],"product_cat":[53,21,180],"product_tag":[],"class_list":{"0":"post-1192","1":"product","2":"type-product","3":"status-publish","4":"has-post-thumbnail","6":"product_cat-austraalia-1","7":"product_cat-valged-veinid","8":"product_cat-veinid","10":"first","11":"instock","12":"taxable","13":"shipping-taxable","14":"purchasable","15":"product-type-simple","16":"entry","17":"content-bg","18":"loop-entry"},"acf":[],"_links":{"self":[{"href":"https:\/\/mydrink.ee\/fi\/wp-json\/wp\/v2\/product\/1192","targetHints":{"allow":["GET"]}}],"collection":[{"href":"https:\/\/mydrink.ee\/fi\/wp-json\/wp\/v2\/product"}],"about":[{"href":"https:\/\/mydrink.ee\/fi\/wp-json\/wp\/v2\/types\/product"}],"wp:featuredmedia":[{"embeddable":true,"href":"https:\/\/mydrink.ee\/fi\/wp-json\/wp\/v2\/media\/1191"}],"wp:attachment":[{"href":"https:\/\/mydrink.ee\/fi\/wp-json\/wp\/v2\/media?parent=1192"}],"wp:term":[{"taxonomy":"product_brand","embeddable":true,"href":"https:\/\/mydrink.ee\/fi\/wp-json\/wp\/v2\/product_brand?post=1192"},{"taxonomy":"product_cat","embeddable":true,"href":"https:\/\/mydrink.ee\/fi\/wp-json\/wp\/v2\/product_cat?post=1192"},{"taxonomy":"product_tag","embeddable":true,"href":"https:\/\/mydrink.ee\/fi\/wp-json\/wp\/v2\/product_tag?post=1192"}],"curies":[{"name":"wp","href":"https:\/\/api.w.org\/{rel}","templated":true}]}}