{"id":1200,"date":"2012-07-13T10:49:49","date_gmt":"2012-07-13T07:49:49","guid":{"rendered":"https:\/\/mydrink.ee\/product\/collavini-pinot-grigio-villa-canlungo-12-5-vol-75cl\/"},"modified":"2012-07-13T10:49:49","modified_gmt":"2012-07-13T07:49:49","slug":"collavini-pinot-grigio-villa-canlungo-12-5-vol-75cl","status":"publish","type":"product","link":"https:\/\/mydrink.ee\/fi\/product\/collavini-pinot-grigio-villa-canlungo-12-5-vol-75cl\/","title":{"rendered":"COLLAVINI PINOT GRIGIO VILLA CANLUNGO 12,5% vol 75CL"},"content":{"rendered":"<p>TOOTMISPIIRKOND: San Floriano del Collio, Gorizia, Corm\u00f4ns ja Mossa<br \/>\nISTIKUTE TIHEDUS: 4500 kuni 5000 veini hektarilt<br \/>\nKORJE AEG: September<br \/>\nVEINIVALMISTAMISE TEHNOLOOGIA<br \/>\nL\u00fchike leotamine koos kestadega madalal temperatuuril. K\u00e4\u00e4ritamine toimub terastankides umbes 2 n\u00e4dalat temperatuuril 14 -16\u00b0C. K\u00fcpsemine ning vananemine koos p\u00e4rmiga kuni kevadeni.<br \/>\nVEIN<br \/>\nIntensiivne kollane v\u00e4rvus koos huvitava vase l\u00e4ikega.<\/p>","protected":false},"excerpt":{"rendered":"<p>Liik: Kaitstud p\u00e4ritolunimetusega vein<br \/>\nKastis: 12<br \/>\nMaht: 75CL<br \/>\nAlkoholisisaldus: 12,5%<br \/>\nP\u00e4ritolumaa: Itaalia<br \/>\nPiirkond: Friuli<br \/>\nViinamarjasort: Pinot Grigio<br \/>\nApellatsioon: Collio<br \/>\nAroom: Aroom pakub lillelisust ning aistinguid passioni viljale.<br \/>\nMaitse: Maitse on puuviljane, lilleline, h\u00e4sti tasakaalustatud, siidine ning elegantne.<br \/>\nToidusoovitus: Ideaalne koos kalast valmistatud eelroogadega, pasta -roogadega, riisi &#8211; v\u00f5i juurviljasuppidega, keedetud kalaga, k\u00fclmad valged liharoad.<br \/>\nServeerimine: Serveeri temperatuuril 10\u00b0C Riedel\u00b4i Chardonnay klaasist v\u00f5i sarnasest.<\/p>","protected":false},"featured_media":1199,"template":"","meta":{"_acf_changed":false,"_kadence_starter_templates_imported_post":false,"_kad_post_transparent":"","_kad_post_title":"","_kad_post_layout":"","_kad_post_sidebar_id":"","_kad_post_content_style":"","_kad_post_vertical_padding":"","_kad_post_feature":"","_kad_post_feature_position":"","_kad_post_header":false,"_kad_post_footer":false},"product_brand":[],"product_cat":[21,180,55],"product_tag":[],"class_list":{"0":"post-1200","1":"product","2":"type-product","3":"status-publish","4":"has-post-thumbnail","6":"product_cat-valged-veinid","7":"product_cat-veinid","8":"product_cat-itaalia-1","10":"first","11":"instock","12":"taxable","13":"shipping-taxable","14":"purchasable","15":"product-type-simple","16":"entry","17":"content-bg","18":"loop-entry"},"acf":[],"_links":{"self":[{"href":"https:\/\/mydrink.ee\/fi\/wp-json\/wp\/v2\/product\/1200","targetHints":{"allow":["GET"]}}],"collection":[{"href":"https:\/\/mydrink.ee\/fi\/wp-json\/wp\/v2\/product"}],"about":[{"href":"https:\/\/mydrink.ee\/fi\/wp-json\/wp\/v2\/types\/product"}],"wp:featuredmedia":[{"embeddable":true,"href":"https:\/\/mydrink.ee\/fi\/wp-json\/wp\/v2\/media\/1199"}],"wp:attachment":[{"href":"https:\/\/mydrink.ee\/fi\/wp-json\/wp\/v2\/media?parent=1200"}],"wp:term":[{"taxonomy":"product_brand","embeddable":true,"href":"https:\/\/mydrink.ee\/fi\/wp-json\/wp\/v2\/product_brand?post=1200"},{"taxonomy":"product_cat","embeddable":true,"href":"https:\/\/mydrink.ee\/fi\/wp-json\/wp\/v2\/product_cat?post=1200"},{"taxonomy":"product_tag","embeddable":true,"href":"https:\/\/mydrink.ee\/fi\/wp-json\/wp\/v2\/product_tag?post=1200"}],"curies":[{"name":"wp","href":"https:\/\/api.w.org\/{rel}","templated":true}]}}