{"id":1224,"date":"2012-07-13T10:49:54","date_gmt":"2012-07-13T07:49:54","guid":{"rendered":"https:\/\/mydrink.ee\/product\/espiritu-de-chile-chardonnay-gewurztraminer-13-75cl\/"},"modified":"2012-07-13T10:49:54","modified_gmt":"2012-07-13T07:49:54","slug":"espiritu-de-chile-chardonnay-gewurztraminer-13-75cl","status":"publish","type":"product","link":"https:\/\/mydrink.ee\/fi\/product\/espiritu-de-chile-chardonnay-gewurztraminer-13-75cl\/","title":{"rendered":"ESPIRITU DE CHILE CHARDONNAY GEW\u00dcRZTRAMINER 13% 75CL"},"content":{"rendered":"<p>Kahvatu rohekas-kollase v\u00e4rvusega, keskmise t\u00e4idlusega kuiv valge vein.<\/p>","protected":false},"excerpt":{"rendered":"<p>Liik:\tGeograafilise t\u00e4hisega vein<br \/>\nKastis: 6<br \/>\nMaht: 75CL<br \/>\nAlkoholisisaldus: 13%<br \/>\nP\u00e4ritolumaa: T\u0161iili<br \/>\nPiirkond: Central Valley<br \/>\nViinamarjasort: Chardonnay (55%) ja Gew\u00fcrztraminer (45%)<br \/>\nAroom: Veini intensiivses ja v\u00fcrtsikas aroomis on segunenud k\u00fcpsete puuviljade ja lillede l\u00f5hnad.<br \/>\nMaitse: Maitse on kerge, v\u00e4rske, puuvijane, elegantne ja meeldivas tasakaalus.<br \/>\nToidusoovitus: Sobib serveerida sushi ja v\u00fcrtsikate idamaa toitude juurde (Tai, Hiina ja India k\u00f6\u00f6k).<br \/>\nServeerimine: 10-12 \u00b0C<\/p>","protected":false},"featured_media":1223,"template":"","meta":{"_acf_changed":false,"_kadence_starter_templates_imported_post":false,"_kad_post_transparent":"","_kad_post_title":"","_kad_post_layout":"","_kad_post_sidebar_id":"","_kad_post_content_style":"","_kad_post_vertical_padding":"","_kad_post_feature":"","_kad_post_feature_position":"","_kad_post_header":false,"_kad_post_footer":false},"product_brand":[],"product_cat":[21,180,59],"product_tag":[],"class_list":{"0":"post-1224","1":"product","2":"type-product","3":"status-publish","4":"has-post-thumbnail","6":"product_cat-valged-veinid","7":"product_cat-veinid","8":"product_cat-tshiili","10":"first","11":"instock","12":"taxable","13":"shipping-taxable","14":"purchasable","15":"product-type-simple","16":"entry","17":"content-bg","18":"loop-entry"},"acf":[],"_links":{"self":[{"href":"https:\/\/mydrink.ee\/fi\/wp-json\/wp\/v2\/product\/1224","targetHints":{"allow":["GET"]}}],"collection":[{"href":"https:\/\/mydrink.ee\/fi\/wp-json\/wp\/v2\/product"}],"about":[{"href":"https:\/\/mydrink.ee\/fi\/wp-json\/wp\/v2\/types\/product"}],"wp:featuredmedia":[{"embeddable":true,"href":"https:\/\/mydrink.ee\/fi\/wp-json\/wp\/v2\/media\/1223"}],"wp:attachment":[{"href":"https:\/\/mydrink.ee\/fi\/wp-json\/wp\/v2\/media?parent=1224"}],"wp:term":[{"taxonomy":"product_brand","embeddable":true,"href":"https:\/\/mydrink.ee\/fi\/wp-json\/wp\/v2\/product_brand?post=1224"},{"taxonomy":"product_cat","embeddable":true,"href":"https:\/\/mydrink.ee\/fi\/wp-json\/wp\/v2\/product_cat?post=1224"},{"taxonomy":"product_tag","embeddable":true,"href":"https:\/\/mydrink.ee\/fi\/wp-json\/wp\/v2\/product_tag?post=1224"}],"curies":[{"name":"wp","href":"https:\/\/api.w.org\/{rel}","templated":true}]}}