{"id":1228,"date":"2012-07-13T10:49:54","date_gmt":"2012-07-13T07:49:54","guid":{"rendered":"https:\/\/mydrink.ee\/product\/yellow-tail-pinot-grigio-11-5-75cl\/"},"modified":"2012-07-13T10:49:54","modified_gmt":"2012-07-13T07:49:54","slug":"yellow-tail-pinot-grigio-11-5-75cl","status":"publish","type":"product","link":"https:\/\/mydrink.ee\/fi\/product\/yellow-tail-pinot-grigio-11-5-75cl\/","title":{"rendered":"YELLOW TAIL PINOT GRIGIO 11.5% 75CL"},"content":{"rendered":"<p>[VALMISTAMINE]: Pinot Grigio on valmistatud marjadest, mis p\u00e4rinevad k\u00f5rgeima kvaliteediga viinamarjaistandustest. Veini valmistamisel on kasutatud \u00f5rna pressingut, et s\u00e4ilitada maksimaalne v\u00e4rskus ja maitse. K\u00e4\u00e4ritamisel hoitakse temperatuuri madalal. Valminud vein on stabiliseeritud ja filtreeritud k\u00fclmalt, et s\u00e4ilitada toote rikkalik aroom ja v\u00e4rskus. <\/p>","protected":false},"excerpt":{"rendered":"<p>Liik: Geograafilise t\u00e4hisega vein<br \/>\nKastis:\t6<br \/>\nMaht:\t75CL<br \/>\nAlkoholisisaldus:\t11,5%<br \/>\nP\u00e4ritolumaa:\tAustraalia<br \/>\nPiirkond:\tSouth-Eastern<br \/>\nViinamarjasort:\tPinot Grigio<br \/>\nMaitse:\tPinot Grigio ergutab sinu maitsemeeli vaimustavalt v\u00e4rske ja puhta maitsega. Suu t\u00e4itub passionivilja, pirni, tsitruse ja maasika peene maitseseguga.<br \/>\nToidusoovitus:\tPinot Grigio on loodud j\u00e4rgides lihtsat filosoofiat -suurep\u00e4rane vein k\u00f5igile, nautimiseks igal ajal ja igas kohas. Pinot Grigio on suurep\u00e4rane valik toidu k\u00f5rvale. Proovi koos Itaalia k\u00f6\u00f6giga, t\u00f5eline elamus on garanteeritud.<\/p>","protected":false},"featured_media":1227,"template":"","meta":{"_acf_changed":false,"_kadence_starter_templates_imported_post":false,"_kad_post_transparent":"","_kad_post_title":"","_kad_post_layout":"","_kad_post_sidebar_id":"","_kad_post_content_style":"","_kad_post_vertical_padding":"","_kad_post_feature":"","_kad_post_feature_position":"","_kad_post_header":false,"_kad_post_footer":false},"product_brand":[],"product_cat":[53,21,180],"product_tag":[],"class_list":{"0":"post-1228","1":"product","2":"type-product","3":"status-publish","4":"has-post-thumbnail","6":"product_cat-austraalia-1","7":"product_cat-valged-veinid","8":"product_cat-veinid","10":"first","11":"instock","12":"taxable","13":"shipping-taxable","14":"purchasable","15":"product-type-simple","16":"entry","17":"content-bg","18":"loop-entry"},"acf":[],"_links":{"self":[{"href":"https:\/\/mydrink.ee\/fi\/wp-json\/wp\/v2\/product\/1228","targetHints":{"allow":["GET"]}}],"collection":[{"href":"https:\/\/mydrink.ee\/fi\/wp-json\/wp\/v2\/product"}],"about":[{"href":"https:\/\/mydrink.ee\/fi\/wp-json\/wp\/v2\/types\/product"}],"wp:featuredmedia":[{"embeddable":true,"href":"https:\/\/mydrink.ee\/fi\/wp-json\/wp\/v2\/media\/1227"}],"wp:attachment":[{"href":"https:\/\/mydrink.ee\/fi\/wp-json\/wp\/v2\/media?parent=1228"}],"wp:term":[{"taxonomy":"product_brand","embeddable":true,"href":"https:\/\/mydrink.ee\/fi\/wp-json\/wp\/v2\/product_brand?post=1228"},{"taxonomy":"product_cat","embeddable":true,"href":"https:\/\/mydrink.ee\/fi\/wp-json\/wp\/v2\/product_cat?post=1228"},{"taxonomy":"product_tag","embeddable":true,"href":"https:\/\/mydrink.ee\/fi\/wp-json\/wp\/v2\/product_tag?post=1228"}],"curies":[{"name":"wp","href":"https:\/\/api.w.org\/{rel}","templated":true}]}}