{"id":1241,"date":"2012-09-06T10:07:17","date_gmt":"2012-09-06T07:07:17","guid":{"rendered":"https:\/\/mydrink.ee\/product\/metaxa-12-40-box-70cl\/"},"modified":"2025-09-09T03:03:45","modified_gmt":"2025-09-09T00:03:45","slug":"metaxa-12-40-box-70cl","status":"publish","type":"product","link":"https:\/\/mydrink.ee\/fi\/product\/metaxa-12-40-box-70cl\/","title":{"rendered":"METAXA 12* 40% BOX 70CL"},"content":{"rendered":"<p>Metaxa on rohkem kui lihtsalt br\u00e4ndi.<br \/>\n Metaxas sulanduvad kokku k\u00f5rgekvaliteedilised viinamarja destillaadid ja muskaatveinid koos roosi\u00f5itega ja salap\u00e4raste \u00fcrtidega.<br \/>\n Aastast 1880 tuntud Kreeka versioon br\u00e4ndist \u2013 Metaxa ehk Vahemere p\u00e4ike pudelis on \u00f5igupoolest pehme ja viimistletud maitsega kombinatsioon br\u00e4ndist ning veinist. Noore siidikaupmehe Spyros Metaxa katsetuste tulemusena s\u00fcndinud joogi erip\u00e4ra seisneb viinamarjasortide valikus ja br\u00e4ndi maitsestamisel kasutatavates lisandites nagu muskaatvein, maarohud ning roosi kroonlehed.<br \/>\nMetaxa viinamarja destillaat valmistatakse Atika viinamarjadest. Viinamarjasorte on kolm \u2013 sabbatiano, soultanina ja black corinthian. Traditsiooniline laagerdumine Limousini p\u00e4ritolu tammevaatides kestab 3\u201330 aastat, s\u00f5ltuvalt Metaxa sordist. Segamise k\u00e4igus lisatakse br\u00e4ndile v\u00e4ike kogus suhkrukaramelli ning demineraliseeritud vett, pooleaastase j\u00e4rellaagerdamise eel ka intensiivse l\u00f5hnaga muskaatvein ja \u00fclej\u00e4\u00e4nud \u00fcrdid. Enne l\u00f5plikku villimist jahutatakse jook kuni \u20136 \u00b0C ning filtreeritakse.<br \/>\n Metaxa sobib oma maheda ja magusa maitse t\u00f5ttu nii meestele kui naistele ja on nauditav puhtalt, j\u00e4\u00e4ga v\u00f5i erinevates kokteilides<br \/>\nMETAXA 12* koosneb parimatest valitud veini destillaatidest ja muskaatveinist, mis valmistatud k\u00e4sitsi korjatud Samose saare p\u00e4ikeselistest viinamarjadest, mis v\u00e4\u00e4rikalt vananenud Metaxa keldrites 12 aasta jooksul.<br \/>\nMETAXA 12* maitses on tunda \u0161okolaad, v\u00f5ikaramell ja apelsinikoor.<br \/>\nMETAXA 12* on loodud Konstantin Raptis, METAXA meistri poolt.<\/p>","protected":false},"excerpt":{"rendered":"<p>Liik: Kange alkohol, Br\u00e4ndi<br \/>\nKastis: 6<br \/>\nMaht: 70CL<br \/>\nAlkoholisisaldus: 40%<br \/>\nP\u00e4ritolumaa: Kreeka<\/p>","protected":false},"featured_media":1239,"template":"","meta":{"_acf_changed":false,"_kadence_starter_templates_imported_post":false,"_kad_post_transparent":"","_kad_post_title":"","_kad_post_layout":"","_kad_post_sidebar_id":"","_kad_post_content_style":"","_kad_post_vertical_padding":"","_kad_post_feature":"","_kad_post_feature_position":"","_kad_post_header":false,"_kad_post_footer":false},"product_brand":[],"product_cat":[26,95],"product_tag":[],"class_list":{"0":"post-1241","1":"product","2":"type-product","3":"status-publish","4":"has-post-thumbnail","6":"product_cat-kange-alkohol","7":"product_cat-metaxa","9":"first","10":"outofstock","11":"taxable","12":"shipping-taxable","13":"purchasable","14":"product-type-simple","15":"entry","16":"content-bg","17":"loop-entry"},"acf":[],"_links":{"self":[{"href":"https:\/\/mydrink.ee\/fi\/wp-json\/wp\/v2\/product\/1241","targetHints":{"allow":["GET"]}}],"collection":[{"href":"https:\/\/mydrink.ee\/fi\/wp-json\/wp\/v2\/product"}],"about":[{"href":"https:\/\/mydrink.ee\/fi\/wp-json\/wp\/v2\/types\/product"}],"wp:featuredmedia":[{"embeddable":true,"href":"https:\/\/mydrink.ee\/fi\/wp-json\/wp\/v2\/media\/1239"}],"wp:attachment":[{"href":"https:\/\/mydrink.ee\/fi\/wp-json\/wp\/v2\/media?parent=1241"}],"wp:term":[{"taxonomy":"product_brand","embeddable":true,"href":"https:\/\/mydrink.ee\/fi\/wp-json\/wp\/v2\/product_brand?post=1241"},{"taxonomy":"product_cat","embeddable":true,"href":"https:\/\/mydrink.ee\/fi\/wp-json\/wp\/v2\/product_cat?post=1241"},{"taxonomy":"product_tag","embeddable":true,"href":"https:\/\/mydrink.ee\/fi\/wp-json\/wp\/v2\/product_tag?post=1241"}],"curies":[{"name":"wp","href":"https:\/\/api.w.org\/{rel}","templated":true}]}}