{"id":1283,"date":"2012-09-06T10:16:39","date_gmt":"2012-09-06T07:16:39","guid":{"rendered":"https:\/\/mydrink.ee\/product\/l-latour-gevrey-chambertin-09-13-5-75cl\/"},"modified":"2012-09-06T10:16:39","modified_gmt":"2012-09-06T07:16:39","slug":"l-latour-gevrey-chambertin-09-13-5-75cl","status":"publish","type":"product","link":"https:\/\/mydrink.ee\/fi\/product\/l-latour-gevrey-chambertin-09-13-5-75cl\/","title":{"rendered":"L.LATOUR GEVREY CHAMBERTIN 13,5% 75CL"},"content":{"rendered":"<p>Gevrey-Chambertin\u00b4i k\u00fcla asub umbes 10 km kaugusel Dijon\u00b4ist. Kasvatatakse ainult Pinot Noir\u00b4i. K\u00fclast v\u00f5ib leida terve Burgundia appelatsioonide hierarhia &#8211; p\u00f5hja pool Premier cru ning l\u00f5unas Grand Cru veinid, peamiseks m\u00e4\u00e4rajaks on n\u00f5lvade kalle. Lubjakivirikas ning pruunikas-punane pinnas annab veinidele t\u00e4idlust. Cote de Nuits\u00b4i ehtne klassika!<\/p>","protected":false},"excerpt":{"rendered":"<p>Liik: Kaitstud p\u00e4ritolunimetusega vein<br \/>\nKastis:\t12<br \/>\nMaht: 75CL<br \/>\nAlkoholisisaldus:\t13,5%<br \/>\nP\u00e4ritolumaa: Prantsusmaa<br \/>\nPiirkond: Cote de Nuits<br \/>\nViinamarjasort: Valmistatud k\u00e4sitsi korjatud Pinot Noir\u00b4i viinamarjadest.<br \/>\nLaagerdamine: Peale terastank fermentatsiooni j\u00e4rgneb traditsiooniline vaadilaagerdus 10-12 kuud.<br \/>\nApellatsioon: Gevrey-Chambertin<br \/>\nPinnas: kriit ja lubjakivi<br \/>\nV\u00e4rvus: S\u00fcgavpunane<br \/>\nAroom:\tMustad marjad, lik\u00f6\u00f6rne, tunda nahka ning kerget suitsust alatooni.<br \/>\nMaitse:\tMahedad tanniinid, heas tasakaalus hape, marjane maitse. Elegantne ja pikk marjane j\u00e4relmaitse.<br \/>\nToidusoovitus: Linnuliha, pajaroad, hautatud sealihast valmistud toidud, pasteedid, carpaccio.<br \/>\nServeerimine: 16\u00b0-18\u00b0C<\/p>","protected":false},"featured_media":1282,"template":"","meta":{"_acf_changed":false,"_kadence_starter_templates_imported_post":false,"_kad_post_transparent":"","_kad_post_title":"","_kad_post_layout":"","_kad_post_sidebar_id":"","_kad_post_content_style":"","_kad_post_vertical_padding":"","_kad_post_feature":"","_kad_post_feature_position":"","_kad_post_header":false,"_kad_post_footer":false},"product_brand":[],"product_cat":[20,180,32],"product_tag":[],"class_list":{"0":"post-1283","1":"product","2":"type-product","3":"status-publish","4":"has-post-thumbnail","6":"product_cat-punased-veinid","7":"product_cat-veinid","8":"product_cat-prantsuse","10":"first","11":"instock","12":"taxable","13":"shipping-taxable","14":"purchasable","15":"product-type-simple","16":"entry","17":"content-bg","18":"loop-entry"},"acf":[],"_links":{"self":[{"href":"https:\/\/mydrink.ee\/fi\/wp-json\/wp\/v2\/product\/1283","targetHints":{"allow":["GET"]}}],"collection":[{"href":"https:\/\/mydrink.ee\/fi\/wp-json\/wp\/v2\/product"}],"about":[{"href":"https:\/\/mydrink.ee\/fi\/wp-json\/wp\/v2\/types\/product"}],"wp:featuredmedia":[{"embeddable":true,"href":"https:\/\/mydrink.ee\/fi\/wp-json\/wp\/v2\/media\/1282"}],"wp:attachment":[{"href":"https:\/\/mydrink.ee\/fi\/wp-json\/wp\/v2\/media?parent=1283"}],"wp:term":[{"taxonomy":"product_brand","embeddable":true,"href":"https:\/\/mydrink.ee\/fi\/wp-json\/wp\/v2\/product_brand?post=1283"},{"taxonomy":"product_cat","embeddable":true,"href":"https:\/\/mydrink.ee\/fi\/wp-json\/wp\/v2\/product_cat?post=1283"},{"taxonomy":"product_tag","embeddable":true,"href":"https:\/\/mydrink.ee\/fi\/wp-json\/wp\/v2\/product_tag?post=1283"}],"curies":[{"name":"wp","href":"https:\/\/api.w.org\/{rel}","templated":true}]}}