{"id":1287,"date":"2012-09-06T10:16:45","date_gmt":"2012-09-06T07:16:45","guid":{"rendered":"https:\/\/mydrink.ee\/product\/calatrasi-terre-di-ginestra-magnifico-syrah-09-14-75cl\/"},"modified":"2012-09-06T10:16:45","modified_gmt":"2012-09-06T07:16:45","slug":"calatrasi-terre-di-ginestra-magnifico-syrah-09-14-75cl","status":"publish","type":"product","link":"https:\/\/mydrink.ee\/fi\/product\/calatrasi-terre-di-ginestra-magnifico-syrah-09-14-75cl\/","title":{"rendered":"CALATRASI TERRE DI GINESTRA MAGNIFICO SYRAH\u00b409 14% 75CL"},"content":{"rendered":"<p>Regioon: I.G.T. Sicilia (Campofiorito veiniaed 100%)<br \/>\nVeini valmistamise tehnoloogia: K\u00f5ik viinamarjad on korjatud k\u00e4sitsi. Marjade leotamine ja esimene fermentatsioon toimub 100% uutes Prantsuse tammevaatides. P\u00e4rast esimest k\u00e4\u00e4ritamist vein filtreeritakse ning 50% sellest l\u00e4heb malolaktilist fermentatsiooni l\u00f5petama tammevaati.<br \/>\nIseloomustus: See Magnifico on erandlik t\u00e4nu p\u00e4evastele ja \u00f6istele temperatuuri erinevustele istandustes, mis asuvad 450 m \u00fcle merepinna. Veinil on s\u00fcgavpunane v\u00e4rvus, purpurlike nootidega.<\/p>","protected":false},"excerpt":{"rendered":"<p>Liik: Geograafilise t\u00e4hisega vein<br \/>\nKastis: 6<br \/>\nMaht: 75CL<br \/>\nAlkoholisisaldus: 14,0%<br \/>\nP\u00e4ritolumaa: Itaalia<br \/>\nPiirkond: Sitsiilia<br \/>\nViinamarjasort: Shiraz<br \/>\nAroom: Aroomis eristuvad selgesti lisaks marjasusele ka vanilje ning \u0161okolaad.<br \/>\nMaitse: T\u00e4idlane vein, mille maitses harmoneeruvad kenasti tasakaalukas hape ja tanniin, tunda on kirsse, s\u00f5straid, kohvi.<br \/>\nToidusoovitus: Hea kaaslane pardirinnakuga, smooritud liharoogadega, tugevate juustudega.<br \/>\nServeerimine: 18-20\u00b0C<\/p>","protected":false},"featured_media":1286,"template":"","meta":{"_acf_changed":false,"_kadence_starter_templates_imported_post":false,"_kad_post_transparent":"","_kad_post_title":"","_kad_post_layout":"","_kad_post_sidebar_id":"","_kad_post_content_style":"","_kad_post_vertical_padding":"","_kad_post_feature":"","_kad_post_feature_position":"","_kad_post_header":false,"_kad_post_footer":false},"product_brand":[],"product_cat":[20,180,30],"product_tag":[],"class_list":{"0":"post-1287","1":"product","2":"type-product","3":"status-publish","4":"has-post-thumbnail","6":"product_cat-punased-veinid","7":"product_cat-veinid","8":"product_cat-itaalia","10":"first","11":"outofstock","12":"taxable","13":"shipping-taxable","14":"purchasable","15":"product-type-simple","16":"entry","17":"content-bg","18":"loop-entry"},"acf":[],"_links":{"self":[{"href":"https:\/\/mydrink.ee\/fi\/wp-json\/wp\/v2\/product\/1287","targetHints":{"allow":["GET"]}}],"collection":[{"href":"https:\/\/mydrink.ee\/fi\/wp-json\/wp\/v2\/product"}],"about":[{"href":"https:\/\/mydrink.ee\/fi\/wp-json\/wp\/v2\/types\/product"}],"wp:featuredmedia":[{"embeddable":true,"href":"https:\/\/mydrink.ee\/fi\/wp-json\/wp\/v2\/media\/1286"}],"wp:attachment":[{"href":"https:\/\/mydrink.ee\/fi\/wp-json\/wp\/v2\/media?parent=1287"}],"wp:term":[{"taxonomy":"product_brand","embeddable":true,"href":"https:\/\/mydrink.ee\/fi\/wp-json\/wp\/v2\/product_brand?post=1287"},{"taxonomy":"product_cat","embeddable":true,"href":"https:\/\/mydrink.ee\/fi\/wp-json\/wp\/v2\/product_cat?post=1287"},{"taxonomy":"product_tag","embeddable":true,"href":"https:\/\/mydrink.ee\/fi\/wp-json\/wp\/v2\/product_tag?post=1287"}],"curies":[{"name":"wp","href":"https:\/\/api.w.org\/{rel}","templated":true}]}}