{"id":1365,"date":"2012-09-06T10:27:50","date_gmt":"2012-09-06T07:27:50","guid":{"rendered":"https:\/\/mydrink.ee\/product\/sileni-pinot-gris-hawkes-bay-10-13-5-75cl\/"},"modified":"2012-09-06T10:27:50","modified_gmt":"2012-09-06T07:27:50","slug":"sileni-pinot-gris-hawkes-bay-10-13-5-75cl","status":"publish","type":"product","link":"https:\/\/mydrink.ee\/fi\/product\/sileni-pinot-gris-hawkes-bay-10-13-5-75cl\/","title":{"rendered":"SILENI PINOT GRIS HAWKES BAY `20 13,5% 75CL"},"content":{"rendered":"<p>Korje: Pinot Gris viinamari p\u00e4rineb Sileni Hawke\u00b4s Bay istandustest, mille pinnases leidub kruusa, muda ja savi. Korje toimub m\u00e4rtsi alguses.<br \/>\nJ\u00e4\u00e4ksuhkur: 2,5 g\/l<br \/>\nSileni on suuruselt kolmas Uus-Meremaa veinitootja, mis on oma nime saanud saanud Rooma m\u00fctoloogiast p\u00e4rit Sileniuse j\u00e4rgi, kes oli veinijumala Bacchus\u00b4e truu kaaslane.<br \/>\nArhitektuuriliselt silmatorkav Sileni veinimaja ja veiniaiad asuvad Hawke\u00b4s Bay\u00b4s, Uus-Meremaa p\u00f5hjasaare idarannikul. Sileni rendib ja omab ka veiniaedu Marlborough\u00b4s, l\u00f5unasaare p\u00f5hjapoolses tipus, Uus-Meremaa k\u00f5ige suuremas ja tuntuimas veinipiirkonnas.<\/p>","protected":false},"excerpt":{"rendered":"<p>Liik: Vein<br \/>\nKastis: 6<br \/>\nMaht: 75CL<br \/>\nAlkoholisisaldus: 13,5%<br \/>\nP\u00e4ritolumaa: Uus-Meremaa<br \/>\nPiirkond: Hawke\u00b4s Bay<br \/>\nViinamarjasort: Pinot Gris<br \/>\nLaagerdamine: Terastankides jahedal temperatuuril, et s\u00e4ilitada aromaatne puuviljasus. V\u00e4ike osa veinist k\u00e4\u00e4ritatakse tammevaadis koos kestadega, et anda veinile juurde iseloomu.<br \/>\nAroom: Puuviljane, milles tunda peamiselt virsikut.<br \/>\nMaitse: V\u00e4rske, puuviljane, heas tasakaalus happesus ning pikk ja kestev meeldiv j\u00e4relmaitse.<br \/>\nToidusoovitus: Koos mereandidega, valge lihast valmistatud roogadega v\u00f5i Aasia toitude k\u00f5rvale. Naudi koheselt v\u00f5i ka 3-4 aastat p\u00e4rast s\u00e4ilitamist.<br \/>\nServeerimine: 6-8\u00b0 C<\/p>","protected":false},"featured_media":1364,"template":"","meta":{"_acf_changed":false,"_kadence_starter_templates_imported_post":false,"_kad_post_transparent":"","_kad_post_title":"","_kad_post_layout":"","_kad_post_sidebar_id":"","_kad_post_content_style":"","_kad_post_vertical_padding":"","_kad_post_feature":"","_kad_post_feature_position":"","_kad_post_header":false,"_kad_post_footer":false},"product_brand":[],"product_cat":[21,180,61],"product_tag":[],"class_list":{"0":"post-1365","1":"product","2":"type-product","3":"status-publish","4":"has-post-thumbnail","6":"product_cat-valged-veinid","7":"product_cat-veinid","8":"product_cat-nzl-1","10":"first","11":"instock","12":"taxable","13":"shipping-taxable","14":"purchasable","15":"product-type-simple","16":"entry","17":"content-bg","18":"loop-entry"},"acf":[],"_links":{"self":[{"href":"https:\/\/mydrink.ee\/fi\/wp-json\/wp\/v2\/product\/1365","targetHints":{"allow":["GET"]}}],"collection":[{"href":"https:\/\/mydrink.ee\/fi\/wp-json\/wp\/v2\/product"}],"about":[{"href":"https:\/\/mydrink.ee\/fi\/wp-json\/wp\/v2\/types\/product"}],"wp:featuredmedia":[{"embeddable":true,"href":"https:\/\/mydrink.ee\/fi\/wp-json\/wp\/v2\/media\/1364"}],"wp:attachment":[{"href":"https:\/\/mydrink.ee\/fi\/wp-json\/wp\/v2\/media?parent=1365"}],"wp:term":[{"taxonomy":"product_brand","embeddable":true,"href":"https:\/\/mydrink.ee\/fi\/wp-json\/wp\/v2\/product_brand?post=1365"},{"taxonomy":"product_cat","embeddable":true,"href":"https:\/\/mydrink.ee\/fi\/wp-json\/wp\/v2\/product_cat?post=1365"},{"taxonomy":"product_tag","embeddable":true,"href":"https:\/\/mydrink.ee\/fi\/wp-json\/wp\/v2\/product_tag?post=1365"}],"curies":[{"name":"wp","href":"https:\/\/api.w.org\/{rel}","templated":true}]}}