{"id":1397,"date":"2012-11-05T13:26:07","date_gmt":"2012-11-05T11:26:07","guid":{"rendered":"https:\/\/mydrink.ee\/product\/chateau-pedesclaux-pauillac-a-c-15-12-5-75cl\/"},"modified":"2012-11-05T13:26:07","modified_gmt":"2012-11-05T11:26:07","slug":"chateau-pedesclaux-pauillac-a-c-15-12-5-75cl","status":"publish","type":"product","link":"https:\/\/mydrink.ee\/fi\/product\/chateau-pedesclaux-pauillac-a-c-15-12-5-75cl\/","title":{"rendered":"CHATEAU PEDESCLAUX PAUILLAC A.C. &#8217;15 12,5% 75CL"},"content":{"rendered":"<p>Chateau Pedesclaux asetseb maailmakulsate veinim\u00f5isate, nagu Chateau Mounton Rothschild ja Chateau Lafite Rotthschild vahetus naabruses. Istandus: 20 ha.<br \/>\nPeale k\u00e4\u00e4ritamist, laagerdatakse veini 18 \u2013 22 kuud tammevaatides. Aastane toodang 100000 pudelit<br \/>\nV\u00e4ga s\u00fcgava punase v\u00e4rviga vein. Vein areneb kuni 36 aastani.<\/p>","protected":false},"excerpt":{"rendered":"<p>Liik:\tKaitstud p\u00e4ritolunimetusega vein<br \/>\nKastis:\t12<br \/>\nMaht:\t75CL<br \/>\nAlkoholisisaldus:\t13%<br \/>\nP\u00e4ritolumaa:\tPrantsusmaa<br \/>\nViinamarjasort:\t65% Cabernet Sauvignon, 20% Merlot, 10% Cabernet Franc, 5% Petit Verdot.<br \/>\nPinnas:\tPinnas on kriidine, paiguti savisegune kruus.<br \/>\nAroom:\tIntensiivse ja keeruka aroomibuketiga.<br \/>\nMaitse:\tMaitse meenutab segu k\u00fcpsetest puuviljadest, tammepuust, ja meest. T\u00e4idlane ja tihke struktuuriga, h\u00e4sti tasakaalustatud.<br \/>\nToidusoovitus:\tSobib tugeva loomaliha ja juustu k\u00f5rvale.<br \/>\nServeerimine:\t18-19 C<\/p>","protected":false},"featured_media":1396,"template":"","meta":{"_acf_changed":false,"_kadence_starter_templates_imported_post":false,"_kad_post_transparent":"","_kad_post_title":"","_kad_post_layout":"","_kad_post_sidebar_id":"","_kad_post_content_style":"","_kad_post_vertical_padding":"","_kad_post_feature":"","_kad_post_feature_position":"","_kad_post_header":false,"_kad_post_footer":false},"product_brand":[],"product_cat":[20,180,32],"product_tag":[],"class_list":{"0":"post-1397","1":"product","2":"type-product","3":"status-publish","4":"has-post-thumbnail","6":"product_cat-punased-veinid","7":"product_cat-veinid","8":"product_cat-prantsuse","10":"first","11":"instock","12":"taxable","13":"shipping-taxable","14":"purchasable","15":"product-type-simple","16":"entry","17":"content-bg","18":"loop-entry"},"acf":[],"_links":{"self":[{"href":"https:\/\/mydrink.ee\/fi\/wp-json\/wp\/v2\/product\/1397","targetHints":{"allow":["GET"]}}],"collection":[{"href":"https:\/\/mydrink.ee\/fi\/wp-json\/wp\/v2\/product"}],"about":[{"href":"https:\/\/mydrink.ee\/fi\/wp-json\/wp\/v2\/types\/product"}],"wp:featuredmedia":[{"embeddable":true,"href":"https:\/\/mydrink.ee\/fi\/wp-json\/wp\/v2\/media\/1396"}],"wp:attachment":[{"href":"https:\/\/mydrink.ee\/fi\/wp-json\/wp\/v2\/media?parent=1397"}],"wp:term":[{"taxonomy":"product_brand","embeddable":true,"href":"https:\/\/mydrink.ee\/fi\/wp-json\/wp\/v2\/product_brand?post=1397"},{"taxonomy":"product_cat","embeddable":true,"href":"https:\/\/mydrink.ee\/fi\/wp-json\/wp\/v2\/product_cat?post=1397"},{"taxonomy":"product_tag","embeddable":true,"href":"https:\/\/mydrink.ee\/fi\/wp-json\/wp\/v2\/product_tag?post=1397"}],"curies":[{"name":"wp","href":"https:\/\/api.w.org\/{rel}","templated":true}]}}