{"id":1399,"date":"2012-11-05T13:26:07","date_gmt":"2012-11-05T11:26:07","guid":{"rendered":"https:\/\/mydrink.ee\/product\/dourthe-chateau-le-boscq-a-o-c-saint-estephe-15-13-75cl\/"},"modified":"2012-11-05T13:26:07","modified_gmt":"2012-11-05T11:26:07","slug":"dourthe-chateau-le-boscq-a-o-c-saint-estephe-15-13-75cl","status":"publish","type":"product","link":"https:\/\/mydrink.ee\/fi\/product\/dourthe-chateau-le-boscq-a-o-c-saint-estephe-15-13-75cl\/","title":{"rendered":"DOURTHE CHATEAU LE BOSCQ A.O.C. SAINT ESTEPHE &#8217;15 13% 75CL"},"content":{"rendered":"<p>Chateau Le Bosq \u2013 veinim\u00f5is Bordeaux\u015b Saint- Estephe\u00b4is, 16,6ha.. Seda majandab Dourthe- Kressmanni Grupp.<br \/>\nV\u00e4ga muljetavaldav maitserohke vein.<\/p>","protected":false},"excerpt":{"rendered":"<p>Liik:\tKaitstud p\u00e4ritolunimetusega vein<br \/>\nKastis:\t12<br \/>\nMaht:\t75CL<br \/>\nAlkoholisisaldus:\t13%<br \/>\nP\u00e4ritolumaa:\tPrantsusmaa<br \/>\nPiirkond:\tBordeaux<br \/>\nAroom:\tS\u00fcgav ja eksootiline, selles mustad marjad, tubakas, pipraid.<br \/>\nMaitse:\tT\u00e4idlane, pehme ja k\u00fcps, selles veidi mustas\u00f5stralehte ja tublisti viljalihast ploomi, mida tasakaalustab kuiv aroonia- ja m\u00e4nniokkan\u00fcanss.<br \/>\nToidusoovitus:\tLoomaliha, lambaliha, juustud<\/p>","protected":false},"featured_media":1398,"template":"","meta":{"_acf_changed":false,"_kadence_starter_templates_imported_post":false,"_kad_post_transparent":"","_kad_post_title":"","_kad_post_layout":"","_kad_post_sidebar_id":"","_kad_post_content_style":"","_kad_post_vertical_padding":"","_kad_post_feature":"","_kad_post_feature_position":"","_kad_post_header":false,"_kad_post_footer":false},"product_brand":[],"product_cat":[20,180,32],"product_tag":[],"class_list":{"0":"post-1399","1":"product","2":"type-product","3":"status-publish","4":"has-post-thumbnail","6":"product_cat-punased-veinid","7":"product_cat-veinid","8":"product_cat-prantsuse","10":"first","11":"instock","12":"taxable","13":"shipping-taxable","14":"purchasable","15":"product-type-simple","16":"entry","17":"content-bg","18":"loop-entry"},"acf":[],"_links":{"self":[{"href":"https:\/\/mydrink.ee\/fi\/wp-json\/wp\/v2\/product\/1399","targetHints":{"allow":["GET"]}}],"collection":[{"href":"https:\/\/mydrink.ee\/fi\/wp-json\/wp\/v2\/product"}],"about":[{"href":"https:\/\/mydrink.ee\/fi\/wp-json\/wp\/v2\/types\/product"}],"wp:featuredmedia":[{"embeddable":true,"href":"https:\/\/mydrink.ee\/fi\/wp-json\/wp\/v2\/media\/1398"}],"wp:attachment":[{"href":"https:\/\/mydrink.ee\/fi\/wp-json\/wp\/v2\/media?parent=1399"}],"wp:term":[{"taxonomy":"product_brand","embeddable":true,"href":"https:\/\/mydrink.ee\/fi\/wp-json\/wp\/v2\/product_brand?post=1399"},{"taxonomy":"product_cat","embeddable":true,"href":"https:\/\/mydrink.ee\/fi\/wp-json\/wp\/v2\/product_cat?post=1399"},{"taxonomy":"product_tag","embeddable":true,"href":"https:\/\/mydrink.ee\/fi\/wp-json\/wp\/v2\/product_tag?post=1399"}],"curies":[{"name":"wp","href":"https:\/\/api.w.org\/{rel}","templated":true}]}}