{"id":1403,"date":"2012-11-05T13:26:13","date_gmt":"2012-11-05T11:26:13","guid":{"rendered":"https:\/\/mydrink.ee\/product\/m-chapoutier-chateauneuf-du-pape-a-c-20-14-5-vol-75cl\/"},"modified":"2012-11-05T13:26:13","modified_gmt":"2012-11-05T11:26:13","slug":"m-chapoutier-chateauneuf-du-pape-a-c-20-14-5-vol-75cl","status":"publish","type":"product","link":"https:\/\/mydrink.ee\/fi\/product\/m-chapoutier-chateauneuf-du-pape-a-c-20-14-5-vol-75cl\/","title":{"rendered":"M.CHAPOUTIER CHATEAUNEUF DU PAPE A.C. &#8217;20 14,5% vol 75CL"},"content":{"rendered":"<p>Seda kuulsaimat \u00fcht Rhone`i oru veini v\u00f5ib valmistada 13 viinamarjasordi segust, millest 5 v\u00f5ivad olla valged. Enamasti kasutatakse kahte sorti: Grenache`i ja Syrah`d.<br \/>\nViinamarjad peavad olema korjatud k\u00e4sitsi, et saada appellatsiooni.<br \/>\nFermentatsioon kestab 15 p\u00e4evast kolme n\u00e4dalani temperatuuril kuni 32\u00b0 C<br \/>\nVein k\u00fcpseb tammevaadis 12-15 kuud, enne kui villitakse.<\/p>","protected":false},"excerpt":{"rendered":"<p>Liik: Kaitstud p\u00e4ritolunimetusega vein<br \/>\nKastis:\t12<br \/>\nMaht:\t75CL<br \/>\nAlkoholisisaldus:\t14%<br \/>\nP\u00e4ritolumaa:\tPrantsusmaa<br \/>\nPiirkond: Rhone<br \/>\nViinamarjasort: Grenache, Syrah<br \/>\nLaagerdamine: Tammevaadis 12-15 kuud<br \/>\nAroom:\tAroomis on tunda mustas\u00f5start, tumedat ploomi koos r\u00f6stitud kohvi, kaneeli ja kirsin\u00fcansiga<br \/>\nMaitse:\tMaitselt tuline, piprane, lagritsane,animaalne ja pisut tubakane<br \/>\nToidusoovitus: Sobib h\u00e4sti lamba ja ulukilihaga, tugevate sinihallitusjuustudega.<\/p>","protected":false},"featured_media":1402,"template":"","meta":{"_acf_changed":false,"_kadence_starter_templates_imported_post":false,"_kad_post_transparent":"","_kad_post_title":"","_kad_post_layout":"","_kad_post_sidebar_id":"","_kad_post_content_style":"","_kad_post_vertical_padding":"","_kad_post_feature":"","_kad_post_feature_position":"","_kad_post_header":false,"_kad_post_footer":false},"product_brand":[],"product_cat":[20,180,32],"product_tag":[],"class_list":{"0":"post-1403","1":"product","2":"type-product","3":"status-publish","4":"has-post-thumbnail","6":"product_cat-punased-veinid","7":"product_cat-veinid","8":"product_cat-prantsuse","10":"first","11":"instock","12":"taxable","13":"shipping-taxable","14":"purchasable","15":"product-type-simple","16":"entry","17":"content-bg","18":"loop-entry"},"acf":[],"_links":{"self":[{"href":"https:\/\/mydrink.ee\/fi\/wp-json\/wp\/v2\/product\/1403","targetHints":{"allow":["GET"]}}],"collection":[{"href":"https:\/\/mydrink.ee\/fi\/wp-json\/wp\/v2\/product"}],"about":[{"href":"https:\/\/mydrink.ee\/fi\/wp-json\/wp\/v2\/types\/product"}],"wp:featuredmedia":[{"embeddable":true,"href":"https:\/\/mydrink.ee\/fi\/wp-json\/wp\/v2\/media\/1402"}],"wp:attachment":[{"href":"https:\/\/mydrink.ee\/fi\/wp-json\/wp\/v2\/media?parent=1403"}],"wp:term":[{"taxonomy":"product_brand","embeddable":true,"href":"https:\/\/mydrink.ee\/fi\/wp-json\/wp\/v2\/product_brand?post=1403"},{"taxonomy":"product_cat","embeddable":true,"href":"https:\/\/mydrink.ee\/fi\/wp-json\/wp\/v2\/product_cat?post=1403"},{"taxonomy":"product_tag","embeddable":true,"href":"https:\/\/mydrink.ee\/fi\/wp-json\/wp\/v2\/product_tag?post=1403"}],"curies":[{"name":"wp","href":"https:\/\/api.w.org\/{rel}","templated":true}]}}