{"id":1424,"date":"2012-11-05T13:27:37","date_gmt":"2012-11-05T11:27:37","guid":{"rendered":"https:\/\/mydrink.ee\/product\/sileni-the-plateau-pinot-noir-09-12-5-75cl\/"},"modified":"2012-11-05T13:27:37","modified_gmt":"2012-11-05T11:27:37","slug":"sileni-the-plateau-pinot-noir-09-12-5-75cl","status":"publish","type":"product","link":"https:\/\/mydrink.ee\/fi\/product\/sileni-the-plateau-pinot-noir-09-12-5-75cl\/","title":{"rendered":"SILENI THE PLATEAU PINOT NOIR\u00b417 12,5% 75CL"},"content":{"rendered":"<p>Korje: Pinot Noir viinamari p\u00e4rineb Sileni Hawke\u00b4s Bay<br \/>\nparimatest istandustest, mille pinnases leidub kruusa, muda<br \/>\nja savi. Erinev pinnas annab veinile oma karakteri.<\/p>\n<p>K\u00e4\u00e4ritamine: Esmane k\u00e4\u00e4ritamine pealt avatud v\u00e4ikestes<br \/>\nterastankides koos kestadega. K\u00e4\u00e4ritamine l\u00f5petatakse<br \/>\ntammevaatides. P\u00e4rast k\u00fcmnekuulist vaadis laagerdumist<br \/>\nvein pudeldatakse.<\/p>","protected":false},"excerpt":{"rendered":"<p>Liik:\tVein<br \/>\nKastis:\t12<br \/>\nMaht:\t75CL<br \/>\nAlkoholisisaldus:\t12,5%<br \/>\nP\u00e4ritolumaa:\tUus-Meremaa<br \/>\nPiirkond:\tHawke\u00b4s Bay<br \/>\nViinamarjasort:\tPinot Noir<br \/>\nAroom:\tKergelt v\u00fcrtsine, tunda metsvaarikaid, nelki, pohla.<br \/>\nMaitse:\tPuuviljane, tunda musts\u00f5stra n\u00fcansse ning tumedaid marju, mida toetavad pehmed tanniinid.<br \/>\nToidusoovitus:\tTugevamate pastaroogadega, pardilihaga v\u00f5i Uus-Meremaa lambaliha k\u00f5rvale. V\u00f5ib nautida koheselt, aga ka alles 5-6 aasta p\u00e4rast.<br \/>\nServeerimine:\tTemperatuuril 16-18\u00b0 C<\/p>","protected":false},"featured_media":1423,"template":"","meta":{"_acf_changed":false,"_kadence_starter_templates_imported_post":false,"_kad_post_transparent":"","_kad_post_title":"","_kad_post_layout":"","_kad_post_sidebar_id":"","_kad_post_content_style":"","_kad_post_vertical_padding":"","_kad_post_feature":"","_kad_post_feature_position":"","_kad_post_header":false,"_kad_post_footer":false},"product_brand":[],"product_cat":[20,180,36],"product_tag":[],"class_list":{"0":"post-1424","1":"product","2":"type-product","3":"status-publish","4":"has-post-thumbnail","6":"product_cat-punased-veinid","7":"product_cat-veinid","8":"product_cat-nzl","10":"first","11":"instock","12":"taxable","13":"shipping-taxable","14":"purchasable","15":"product-type-simple","16":"entry","17":"content-bg","18":"loop-entry"},"acf":[],"_links":{"self":[{"href":"https:\/\/mydrink.ee\/fi\/wp-json\/wp\/v2\/product\/1424","targetHints":{"allow":["GET"]}}],"collection":[{"href":"https:\/\/mydrink.ee\/fi\/wp-json\/wp\/v2\/product"}],"about":[{"href":"https:\/\/mydrink.ee\/fi\/wp-json\/wp\/v2\/types\/product"}],"wp:featuredmedia":[{"embeddable":true,"href":"https:\/\/mydrink.ee\/fi\/wp-json\/wp\/v2\/media\/1423"}],"wp:attachment":[{"href":"https:\/\/mydrink.ee\/fi\/wp-json\/wp\/v2\/media?parent=1424"}],"wp:term":[{"taxonomy":"product_brand","embeddable":true,"href":"https:\/\/mydrink.ee\/fi\/wp-json\/wp\/v2\/product_brand?post=1424"},{"taxonomy":"product_cat","embeddable":true,"href":"https:\/\/mydrink.ee\/fi\/wp-json\/wp\/v2\/product_cat?post=1424"},{"taxonomy":"product_tag","embeddable":true,"href":"https:\/\/mydrink.ee\/fi\/wp-json\/wp\/v2\/product_tag?post=1424"}],"curies":[{"name":"wp","href":"https:\/\/api.w.org\/{rel}","templated":true}]}}