{"id":1427,"date":"2012-11-05T13:27:42","date_gmt":"2012-11-05T11:27:42","guid":{"rendered":"https:\/\/mydrink.ee\/product\/ronrico-silver-caribbean-rum40-70cl\/"},"modified":"2012-11-05T13:27:42","modified_gmt":"2012-11-05T11:27:42","slug":"ronrico-silver-caribbean-rum40-70cl","status":"publish","type":"product","link":"https:\/\/mydrink.ee\/fi\/product\/ronrico-silver-caribbean-rum40-70cl\/","title":{"rendered":"RONRICO SILVER CARIBBEAN RUM40% 70CL"},"content":{"rendered":"<p>Kariibi mere rummidele omaselt on Ronrico rummid puhta ja kuiva maitsega.<br \/>\nPehme maitsega kuldne rumm Ronrico Gold sobib puhtalt tarbimiseks.<br \/>\nDelikaatse maitsega Ronrico Silver on parim rummikokteilides nagu mojito, pi\u00f1a colada, daiquiri ning loomulikult Cuba Libre.<\/p>","protected":false},"excerpt":{"rendered":"<p>Liik:\tKange alkohol, Rumm<br \/>\nKastis:\t12<br \/>\nMaht:\t70CL<br \/>\nAlkoholisisaldus:\t40%<br \/>\nP\u00e4ritolumaa:\tKariibi mere saarte rummid, villitud Hispaanias<\/p>\n<p>Sega endale MOJITO:<br \/>\nu 6 cl valget rummi<br \/>\n8-12 piparm\u00fcndilehte<br \/>\npool laimi<br \/>\n2 tl suhkrut (pruun suhkur on parem)<br \/>\nsoodavett<br \/>\npurustatud j\u00e4\u00e4d<\/p>\n<p>Valmistamine:<br \/>\nRetsept on m\u00f5eldud 300ml klaasi kohta ning komponentide kogused ning suhe pole t\u00e4ppisteadus, katsetage julgelt, et leida endale meelep\u00e4rane valem! Pane piparm\u00fcndilehed, sektoriteks l\u00f5igatud laim ja suhkur klaasi p\u00f5hja. Pressi nuiaga korralikult, et maitsed eralduks. Lisa siis rumm ja sega, nii et k\u00f5ik suhkur lahustuks. Seej\u00e4rel lisa purustatud j\u00e4\u00e4 t\u00e4ites peaaegu kogu klaasi, v\u00e4ga peeneks purustatud j\u00e4\u00e4 ei ole k\u00f5ige parem. T\u00e4ida klaas soodaveega, mille v\u00f5ib kodustes tingimustes asendada ka mineraalveega ning sega korralikult. K\u00f5rs ja segamispulk sisse ja ongi suurep\u00e4rane kokteil valmis! \ud83d\ude42<\/p>","protected":false},"featured_media":1425,"template":"","meta":{"_acf_changed":false,"_kadence_starter_templates_imported_post":false,"_kad_post_transparent":"","_kad_post_title":"","_kad_post_layout":"","_kad_post_sidebar_id":"","_kad_post_content_style":"","_kad_post_vertical_padding":"","_kad_post_feature":"","_kad_post_feature_position":"","_kad_post_header":false,"_kad_post_footer":false},"product_brand":[],"product_cat":[26,92],"product_tag":[],"class_list":{"0":"post-1427","1":"product","2":"type-product","3":"status-publish","4":"has-post-thumbnail","6":"product_cat-kange-alkohol","7":"product_cat-rumm","9":"first","10":"outofstock","11":"sale","12":"taxable","13":"shipping-taxable","14":"purchasable","15":"product-type-simple","16":"entry","17":"content-bg","18":"loop-entry"},"acf":[],"_links":{"self":[{"href":"https:\/\/mydrink.ee\/fi\/wp-json\/wp\/v2\/product\/1427","targetHints":{"allow":["GET"]}}],"collection":[{"href":"https:\/\/mydrink.ee\/fi\/wp-json\/wp\/v2\/product"}],"about":[{"href":"https:\/\/mydrink.ee\/fi\/wp-json\/wp\/v2\/types\/product"}],"wp:featuredmedia":[{"embeddable":true,"href":"https:\/\/mydrink.ee\/fi\/wp-json\/wp\/v2\/media\/1425"}],"wp:attachment":[{"href":"https:\/\/mydrink.ee\/fi\/wp-json\/wp\/v2\/media?parent=1427"}],"wp:term":[{"taxonomy":"product_brand","embeddable":true,"href":"https:\/\/mydrink.ee\/fi\/wp-json\/wp\/v2\/product_brand?post=1427"},{"taxonomy":"product_cat","embeddable":true,"href":"https:\/\/mydrink.ee\/fi\/wp-json\/wp\/v2\/product_cat?post=1427"},{"taxonomy":"product_tag","embeddable":true,"href":"https:\/\/mydrink.ee\/fi\/wp-json\/wp\/v2\/product_tag?post=1427"}],"curies":[{"name":"wp","href":"https:\/\/api.w.org\/{rel}","templated":true}]}}