{"id":1443,"date":"2012-11-05T13:28:32","date_gmt":"2012-11-05T11:28:32","guid":{"rendered":"https:\/\/mydrink.ee\/product\/sileni-sparkling-brut-12-5-75cl\/"},"modified":"2012-11-05T13:28:32","modified_gmt":"2012-11-05T11:28:32","slug":"sileni-sparkling-brut-12-5-75cl","status":"publish","type":"product","link":"https:\/\/mydrink.ee\/fi\/product\/sileni-sparkling-brut-12-5-75cl\/","title":{"rendered":"SILENI SPARKLING BRUT 12,5% 75CL"},"content":{"rendered":"<p>Korje: Chardonnay viinamari p\u00e4rineb Sileni Hawke\u00b4s Bay<br \/>\nistandustest, mille pinnases leidub kruusa, muda ja savi.<\/p>\n<p>K\u00e4\u00e4ritamine: Terastankides jahedal temperatuuril. P\u00e4rast<br \/>\nk\u00e4\u00e4ritamist j\u00e4etakse vein l\u00fchikeseks perioodiks<br \/>\np\u00e4rmisettele seisma, seej\u00e4rel segatakse ja pudeldatakse.<\/p>","protected":false},"excerpt":{"rendered":"<p>Liik:\t\u0160ampanjad ja vahuveinid, Vahuvein<br \/>\nKastis:\t12<br \/>\nMaht:\t75CL<br \/>\nAlkoholisisaldus:\t12,5%<br \/>\nP\u00e4ritolumaa:\tUus-Meremaa<br \/>\nPiirkond:\tHawke\u00b4s Bay<br \/>\nViinamarjasort:\tChardonnay<br \/>\nAroom:\tPuhas, v\u00e4rske, puuviljane, tunda on kollaseid<br \/>\nMaitse:\tV\u00e4rske, puuviljane, heas tasakaalus happesus<br \/>\nToidusoovitus:\tAperitiivina, mereandidega v\u00f5i lihtsalt m\u00f5nusas seltskonnas.<br \/>\nServeerimine:\tTemperatuuril 6-8\u00b0 C<\/p>","protected":false},"featured_media":1442,"template":"","meta":{"_acf_changed":false,"_kad_post_transparent":"","_kad_post_title":"","_kad_post_layout":"","_kad_post_sidebar_id":"","_kad_post_content_style":"","_kad_post_vertical_padding":"","_kad_post_feature":"","_kad_post_feature_position":"","_kad_post_header":false,"_kad_post_footer":false},"product_brand":[],"product_cat":[84,24,123,180],"product_tag":[],"class_list":{"0":"post-1443","1":"product","2":"type-product","3":"status-publish","4":"has-post-thumbnail","6":"product_cat-nzl-1-2","7":"product_cat-vahuveinid","8":"product_cat-vahuveinid-1","9":"product_cat-veinid","11":"first","12":"outofstock","13":"taxable","14":"shipping-taxable","15":"purchasable","16":"product-type-simple","17":"entry","18":"content-bg","19":"loop-entry"},"acf":[],"_links":{"self":[{"href":"https:\/\/mydrink.ee\/fi\/wp-json\/wp\/v2\/product\/1443","targetHints":{"allow":["GET"]}}],"collection":[{"href":"https:\/\/mydrink.ee\/fi\/wp-json\/wp\/v2\/product"}],"about":[{"href":"https:\/\/mydrink.ee\/fi\/wp-json\/wp\/v2\/types\/product"}],"wp:featuredmedia":[{"embeddable":true,"href":"https:\/\/mydrink.ee\/fi\/wp-json\/wp\/v2\/media\/1442"}],"wp:attachment":[{"href":"https:\/\/mydrink.ee\/fi\/wp-json\/wp\/v2\/media?parent=1443"}],"wp:term":[{"taxonomy":"product_brand","embeddable":true,"href":"https:\/\/mydrink.ee\/fi\/wp-json\/wp\/v2\/product_brand?post=1443"},{"taxonomy":"product_cat","embeddable":true,"href":"https:\/\/mydrink.ee\/fi\/wp-json\/wp\/v2\/product_cat?post=1443"},{"taxonomy":"product_tag","embeddable":true,"href":"https:\/\/mydrink.ee\/fi\/wp-json\/wp\/v2\/product_tag?post=1443"}],"curies":[{"name":"wp","href":"https:\/\/api.w.org\/{rel}","templated":true}]}}