{"id":1445,"date":"2012-11-05T13:28:38","date_gmt":"2012-11-05T11:28:38","guid":{"rendered":"https:\/\/mydrink.ee\/product\/jim-beam-white-label-4yo-40-100cl\/"},"modified":"2026-01-08T19:55:11","modified_gmt":"2026-01-08T17:55:11","slug":"jim-beam-white-label-4yo-40-100cl","status":"publish","type":"product","link":"https:\/\/mydrink.ee\/fi\/product\/jim-beam-white-label-4yo-40-100cl\/","title":{"rendered":"JIM BEAM WHITE LABEL 4YO 40%100CL"},"content":{"rendered":"<p>Jim Beam viskide toorainena kasutatakse maisi, rukist ja odralinnaseid, millest saadud meski pannakse k\u00e4\u00e4rima eelmisest valmistusprotsessist j\u00e4rgi j\u00e4\u00e4nud p\u00e4rmiga (=sour mash). K\u00e4inud meski destilleeitakse j\u00e4tkuvas kolonndestillaatoris, mille j\u00e4rgi seda destilleeritakse veel kaks korda. Seaduse j\u00e4rgi peab olema kasutatud maisi kogus destillaatides \u00fcle poole, et viskit saaks nimetada bourboon\u2013viskiks ja k\u00fcpsema v\u00e4hemalt kaks aastat uutes, seest p\u00f5letatud tammevaatides straight bourbon viski klassifitseerimiseks. Jim Beam viskid k\u00fcpsevad tammevaatides 4 aastat, kuni saavutavad 40 % alkoholisisalduse (80 proof). <\/p>\n<p>Jim Beam viskide ajalugu ulatub aastasse 1756, kui m\u00f6lder Jacob Beam alustas oma suurtest viljatagavaradest viski valmistamist. See viski saavutas Jim Beam\u00b4i j\u00e4reltulijate t\u00f6\u00f6 tulemusena maailmas suure populaarsuse ja tuntuse ning on t\u00e4nap\u00e4eval endiselt perekonna juhtimisel. <\/p>\n<p>Ainulaadse p\u00e4hklimaitse t\u00f5ttu on Jim Beam maailma enimostetud bourbon viski ja \u00fcks soosituimaid alkohoolseid jooke maailmas.<br \/>\nJim Beamist on hea valmistada ka kokteile ja tuntuim neist on Jim Beam Cola, mida on saada ka valmiskokteilina 33 cl pakendis. <\/p>\n<p>Jim Beam White on laagerdunud 4 aastat.<br \/>\nJim Beam Black on laagerdunud minimaalset 7 aastat.<\/p>","protected":false},"excerpt":{"rendered":"<p>Liik:\tKange alkohol, Viski<br \/>\nKastis:\t12<br \/>\nMaht:\t100CL<br \/>\nAlkoholisisaldus:\t40%<br \/>\nP\u00e4ritolumaa:\tAmeerika \u00dchendriigid<\/p>","protected":false},"featured_media":1444,"template":"","meta":{"_acf_changed":false,"_kadence_starter_templates_imported_post":false,"_kad_post_transparent":"","_kad_post_title":"","_kad_post_layout":"","_kad_post_sidebar_id":"","_kad_post_content_style":"","_kad_post_vertical_padding":"","_kad_post_feature":"","_kad_post_feature_position":"","_kad_post_header":false,"_kad_post_footer":false},"product_brand":[],"product_cat":[45,26],"product_tag":[],"class_list":{"0":"post-1445","1":"product","2":"type-product","3":"status-publish","4":"has-post-thumbnail","6":"product_cat-viski","7":"product_cat-kange-alkohol","9":"first","10":"instock","11":"taxable","12":"shipping-taxable","13":"purchasable","14":"product-type-simple","15":"entry","16":"content-bg","17":"loop-entry"},"acf":[],"_links":{"self":[{"href":"https:\/\/mydrink.ee\/fi\/wp-json\/wp\/v2\/product\/1445","targetHints":{"allow":["GET"]}}],"collection":[{"href":"https:\/\/mydrink.ee\/fi\/wp-json\/wp\/v2\/product"}],"about":[{"href":"https:\/\/mydrink.ee\/fi\/wp-json\/wp\/v2\/types\/product"}],"wp:featuredmedia":[{"embeddable":true,"href":"https:\/\/mydrink.ee\/fi\/wp-json\/wp\/v2\/media\/1444"}],"wp:attachment":[{"href":"https:\/\/mydrink.ee\/fi\/wp-json\/wp\/v2\/media?parent=1445"}],"wp:term":[{"taxonomy":"product_brand","embeddable":true,"href":"https:\/\/mydrink.ee\/fi\/wp-json\/wp\/v2\/product_brand?post=1445"},{"taxonomy":"product_cat","embeddable":true,"href":"https:\/\/mydrink.ee\/fi\/wp-json\/wp\/v2\/product_cat?post=1445"},{"taxonomy":"product_tag","embeddable":true,"href":"https:\/\/mydrink.ee\/fi\/wp-json\/wp\/v2\/product_tag?post=1445"}],"curies":[{"name":"wp","href":"https:\/\/api.w.org\/{rel}","templated":true}]}}