{"id":1452,"date":"2012-11-05T13:29:07","date_gmt":"2012-11-05T11:29:07","guid":{"rendered":"https:\/\/mydrink.ee\/product\/laphroaig-quarter-cask-48-70cl\/"},"modified":"2025-12-16T17:55:58","modified_gmt":"2025-12-16T15:55:58","slug":"laphroaig-quarter-cask-48-70cl","status":"publish","type":"product","link":"https:\/\/mydrink.ee\/fi\/product\/laphroaig-quarter-cask-48-70cl\/","title":{"rendered":"LAPHROAIG QUARTER CASK 48% 70CL"},"content":{"rendered":"<p>Laphroaig viskivabrik asub Laphroaig&#8217;i lahe kaldal v\u00e4ikesel Islay saarel \u0160otimaa l\u00e4\u00e4nekaldal. Laphroaig (h\u00e4\u00e4ldus: lafroig) t\u00e4hendab keldi keeles \u201ekaunis org laia lahe kaldal\u201c. Laphroaig&#8217;i alguseks v\u00f5ib pidada 19. sajandi vahetust, kui kaks venda, Donald ja Alexander Johnston ostsid Islay saarel karjafarmi. Karja s\u00f6\u00f6dast \u00fclej\u00e4\u00e4nud odrast hakkasid nad tootma viskit. Ilmnes, et Islay on suurep\u00e4rane koht viskitootmiseks. Pehme, destilleerimiseks ideaalne turbane vesi voolab l\u00e4bi k\u00f5va kivipinnase, mis eemaldab soovimatud mineraalide j\u00e4\u00e4gid. <\/p>\n<p>\u00a0Ametlikult registreerisid Johnstoni vennad Laphroaig kaubam\u00e4rgi aastal 1858. Hoolimata naaberviskivabrikute korduvatest katsetest Laphroaig&#8217;i \u00fcle v\u00f5tta, suutsid vennaksed hoida seda oma suguv\u00f5sa valduses. 1923. aastal tutvustas kolmanda generatsiooni Johnston, Ian Hunter Laphroaig&#8217;i \u00fclej\u00e4\u00e4nud maailmale. Kahekordistades tootmise, laiendas ta eksportturge nii Euroopas kui ka Ameerikas. Ian&#8217;i j\u00e4rel v\u00f5ttis juhtimise \u00fcle Bessie Williams \u2013 \u00fcks v\u00e4hestest naisterahvastest, kes kunagi \u0160oti viskivabrikut ohjanud. Bessie jalaj\u00e4lgedesse astus Ian Henderson. 1994. aastal p\u00e4rjati Laphroaig ainsa linnaseviskina Tema K\u00f5rgeausus Prints Charles&#8217;i poolt kuningliku garantiiga. Iani s\u00f5nul \u00fclistas prints Laphroaig&#8217;i s\u00f5nadega \u201eparim viski maailmas\u201c. T\u00e4nap\u00e4eval valvab Laphroaig&#8217;i tootmist saare p\u00f5lisasukas John Campbell, kes on \u00fchtlasi ka noorim viskivabriku juht. Johni valvsa silma all hoiab Laphroaig j\u00e4rjekindlalt maailma tuntuima viski ja Islay saare Nr.1 viski positsiooni. <\/p>\n<p>Mida arvavad Laphroaig&#8217;i s\u00f5brad? <br \/>Laphroaig on \u00fclemaailmselt tuntud kui k\u00f5ige eristuvam \u0160oti linnaseviski, mille karakteris on tunda rikkalikku turba, vetika- ning suitsu n\u00fcansse. Laphroaig sobib pigem t\u00f5elistele viskigurmaanidele kui algajatele. Samas, kogedes korra Laphroaig&#8217;i, liidab see teid igaveseks ning see seos tugevneb aja m\u00f6\u00f6dudes. Laphroaig&#8217;i nautijad on \u00fched kirglikuimad maailmas. <\/p>\n<p>\u00a0Laphroaig Quarter Cask linnaseviski austajad teavad, et suhe vaadi puidu ja viski laagerdumise vahel on kriitilise t\u00e4htsusega. Kasutades 125liitrist veerandvaati annab 60% suurema kontakti puiduga v\u00f5rreldes suurte, 500liitriste vaatidega ning seet\u00f5ttu intensiivistab laagerdumisprotsessi senisest. Laphroaig Quarter Cask k\u00fcpseb k\u00f5igepealt t\u00e4ism\u00f5\u00f5dus endises burboonivaadis ning seej\u00e4rel villitakse \u00fcmber Quarter Cask&#8217;i ehk veerandvaati l\u00f5plikuks laagerdumiseks. \u00dcmbervillimise aja m\u00e4\u00e4rab viskimeister, kuid reeglina enne 10 aasta t\u00e4itumist suures vaadis. Selliselt tagatakse soovitud maitse- ja aroomibukett saavutamine veerandvaadis. Tulemuseks on pehme ja magus esmamaitse ning seej\u00e4rel intensiivne Laphroaig&#8217;ile iseloomulik turbasuits. J\u00e4relmaitse on p\u00fcsiv, magus ja suitsune vaheldumisi.<\/p>","protected":false},"excerpt":{"rendered":"<p>Liik: Kange alkohol, Viski<br \/>\nKastis:\t6<br \/>\nMaht: 70CL<br \/>\nAlkoholisisaldus: 48%<br \/>\nP\u00e4ritolumaa:\tIslay saar, \u0160otimaa<br \/>\nV\u00e4rv: s\u00e4delev kuldne<br \/>\nAroom: Esmalt turbasuitsune, seej\u00e4rel pehme, sametine kookospiima aroom<br \/>\nMaitse: intensiivselt j\u00f5uline, turbasuits, koos \u00f5rnalt koorese n\u00fcansiga, veidi soolakas.<br \/>\nJ\u00e4relmaitse: p\u00fcsiv<\/p>","protected":false},"featured_media":1451,"template":"","meta":{"_acf_changed":false,"_kadence_starter_templates_imported_post":false,"_kad_post_transparent":"","_kad_post_title":"","_kad_post_layout":"","_kad_post_sidebar_id":"","_kad_post_content_style":"","_kad_post_vertical_padding":"","_kad_post_feature":"","_kad_post_feature_position":"","_kad_post_header":false,"_kad_post_footer":false},"product_brand":[],"product_cat":[45,111,26,22],"product_tag":[],"class_list":{"0":"post-1452","1":"product","2":"type-product","3":"status-publish","4":"has-post-thumbnail","6":"product_cat-viski","7":"product_cat-viski-1","8":"product_cat-kange-alkohol","9":"product_cat-kingiideed","11":"first","12":"instock","13":"taxable","14":"shipping-taxable","15":"purchasable","16":"product-type-simple","17":"entry","18":"content-bg","19":"loop-entry"},"acf":[],"_links":{"self":[{"href":"https:\/\/mydrink.ee\/fi\/wp-json\/wp\/v2\/product\/1452","targetHints":{"allow":["GET"]}}],"collection":[{"href":"https:\/\/mydrink.ee\/fi\/wp-json\/wp\/v2\/product"}],"about":[{"href":"https:\/\/mydrink.ee\/fi\/wp-json\/wp\/v2\/types\/product"}],"wp:featuredmedia":[{"embeddable":true,"href":"https:\/\/mydrink.ee\/fi\/wp-json\/wp\/v2\/media\/1451"}],"wp:attachment":[{"href":"https:\/\/mydrink.ee\/fi\/wp-json\/wp\/v2\/media?parent=1452"}],"wp:term":[{"taxonomy":"product_brand","embeddable":true,"href":"https:\/\/mydrink.ee\/fi\/wp-json\/wp\/v2\/product_brand?post=1452"},{"taxonomy":"product_cat","embeddable":true,"href":"https:\/\/mydrink.ee\/fi\/wp-json\/wp\/v2\/product_cat?post=1452"},{"taxonomy":"product_tag","embeddable":true,"href":"https:\/\/mydrink.ee\/fi\/wp-json\/wp\/v2\/product_tag?post=1452"}],"curies":[{"name":"wp","href":"https:\/\/api.w.org\/{rel}","templated":true}]}}