{"id":1470,"date":"2012-11-05T13:30:45","date_gmt":"2012-11-05T11:30:45","guid":{"rendered":"https:\/\/mydrink.ee\/product\/tribal-chenin-blanc-11-12-75cl\/"},"modified":"2012-11-05T13:30:45","modified_gmt":"2012-11-05T11:30:45","slug":"tribal-chenin-blanc-11-12-75cl","status":"publish","type":"product","link":"https:\/\/mydrink.ee\/fi\/product\/tribal-chenin-blanc-11-12-75cl\/","title":{"rendered":"TRIBAL CHENIN BLANC\u00b411 12% 75CL"},"content":{"rendered":"","protected":false},"excerpt":{"rendered":"<p>Liik:\tGeograafilise t\u00e4hisega vein<br \/>\nKastis:\t12<br \/>\nMaht:\t75CL<br \/>\nAlkoholisisaldus:\t12%<br \/>\nP\u00e4ritolumaa:\tL\u00f5una-Aafrika<br \/>\nPiirkond:\tWestern Cape<br \/>\nViinamarjasort:\tChenin Blanc<br \/>\nAroom:\tAroomis on tunda mangot, greipi ja troopilisi puuvilju.<br \/>\nMaitse:\tH\u00e4sti tasakaalustatud pehmes maitses on eristatavad tsitruselised, troopilised puuviljad ning \u00f5unad.<br \/>\nToidusoovitus:\tSee suurep\u00e4rane v\u00e4rskendav vein sobib nautida aperitiivina, koos kergete eelroogade v\u00f5i kana-ja kalaroogadega.<br \/>\nServeerimine:\tServeeri temperatuuril: 6-8\u00b0C<\/p>","protected":false},"featured_media":1469,"template":"","meta":{"_acf_changed":false,"_kadence_starter_templates_imported_post":false,"_kad_post_transparent":"","_kad_post_title":"","_kad_post_layout":"","_kad_post_sidebar_id":"","_kad_post_content_style":"","_kad_post_vertical_padding":"","_kad_post_feature":"","_kad_post_feature_position":"","_kad_post_header":false,"_kad_post_footer":false},"product_brand":[],"product_cat":[21,180,56],"product_tag":[],"class_list":{"0":"post-1470","1":"product","2":"type-product","3":"status-publish","4":"has-post-thumbnail","6":"product_cat-valged-veinid","7":"product_cat-veinid","8":"product_cat-lav-1","10":"first","11":"outofstock","12":"taxable","13":"shipping-taxable","14":"purchasable","15":"product-type-simple","16":"entry","17":"content-bg","18":"loop-entry"},"acf":[],"_links":{"self":[{"href":"https:\/\/mydrink.ee\/fi\/wp-json\/wp\/v2\/product\/1470","targetHints":{"allow":["GET"]}}],"collection":[{"href":"https:\/\/mydrink.ee\/fi\/wp-json\/wp\/v2\/product"}],"about":[{"href":"https:\/\/mydrink.ee\/fi\/wp-json\/wp\/v2\/types\/product"}],"wp:featuredmedia":[{"embeddable":true,"href":"https:\/\/mydrink.ee\/fi\/wp-json\/wp\/v2\/media\/1469"}],"wp:attachment":[{"href":"https:\/\/mydrink.ee\/fi\/wp-json\/wp\/v2\/media?parent=1470"}],"wp:term":[{"taxonomy":"product_brand","embeddable":true,"href":"https:\/\/mydrink.ee\/fi\/wp-json\/wp\/v2\/product_brand?post=1470"},{"taxonomy":"product_cat","embeddable":true,"href":"https:\/\/mydrink.ee\/fi\/wp-json\/wp\/v2\/product_cat?post=1470"},{"taxonomy":"product_tag","embeddable":true,"href":"https:\/\/mydrink.ee\/fi\/wp-json\/wp\/v2\/product_tag?post=1470"}],"curies":[{"name":"wp","href":"https:\/\/api.w.org\/{rel}","templated":true}]}}