{"id":1472,"date":"2012-11-05T13:30:46","date_gmt":"2012-11-05T11:30:46","guid":{"rendered":"https:\/\/mydrink.ee\/product\/tribal-chardonnay-11-14-75cl\/"},"modified":"2012-11-05T13:30:46","modified_gmt":"2012-11-05T11:30:46","slug":"tribal-chardonnay-11-14-75cl","status":"publish","type":"product","link":"https:\/\/mydrink.ee\/fi\/product\/tribal-chardonnay-11-14-75cl\/","title":{"rendered":"TRIBAL CHARDONNAY\u00b411 14% 75CL"},"content":{"rendered":"","protected":false},"excerpt":{"rendered":"<p>Liik:\tGeograafilise t\u00e4hisega vein<br \/>\nKastis:\t12<br \/>\nMaht:\t75CL<br \/>\nAlkoholisisaldus:\t14%<br \/>\nP\u00e4ritolumaa:\tL\u00f5una-Aafrika<br \/>\nPiirkond:\tWestern Cape<br \/>\nViinamarjasort:\tChardonnay<br \/>\nAroom:\tAroomis on tunda k\u00fcpsenud tsitruselisi ning banaani.<br \/>\nMaitse:\tMaitse on kreemine, v\u00e4rske, puuviljane. Tunda on kerget vaniljesust, ananassi, kollaseid \u00f5unu ning r\u00f6stitud leiba.<br \/>\nToidusoovitus:\tPikk ja pehme kauakestev j\u00e4relmaitse teeb sellest kergelt joodava veini koos salatite, valgest lihast kalaroogade, kreemise pasta, risottoga.<br \/>\nServeerimine:\tServeeri temperatuuril: 8-10\u00b0C<\/p>","protected":false},"featured_media":1471,"template":"","meta":{"_acf_changed":false,"_kadence_starter_templates_imported_post":false,"_kad_post_transparent":"","_kad_post_title":"","_kad_post_layout":"","_kad_post_sidebar_id":"","_kad_post_content_style":"","_kad_post_vertical_padding":"","_kad_post_feature":"","_kad_post_feature_position":"","_kad_post_header":false,"_kad_post_footer":false},"product_brand":[],"product_cat":[21,180,56],"product_tag":[],"class_list":{"0":"post-1472","1":"product","2":"type-product","3":"status-publish","4":"has-post-thumbnail","6":"product_cat-valged-veinid","7":"product_cat-veinid","8":"product_cat-lav-1","10":"first","11":"outofstock","12":"taxable","13":"shipping-taxable","14":"purchasable","15":"product-type-simple","16":"entry","17":"content-bg","18":"loop-entry"},"acf":[],"_links":{"self":[{"href":"https:\/\/mydrink.ee\/fi\/wp-json\/wp\/v2\/product\/1472","targetHints":{"allow":["GET"]}}],"collection":[{"href":"https:\/\/mydrink.ee\/fi\/wp-json\/wp\/v2\/product"}],"about":[{"href":"https:\/\/mydrink.ee\/fi\/wp-json\/wp\/v2\/types\/product"}],"wp:featuredmedia":[{"embeddable":true,"href":"https:\/\/mydrink.ee\/fi\/wp-json\/wp\/v2\/media\/1471"}],"wp:attachment":[{"href":"https:\/\/mydrink.ee\/fi\/wp-json\/wp\/v2\/media?parent=1472"}],"wp:term":[{"taxonomy":"product_brand","embeddable":true,"href":"https:\/\/mydrink.ee\/fi\/wp-json\/wp\/v2\/product_brand?post=1472"},{"taxonomy":"product_cat","embeddable":true,"href":"https:\/\/mydrink.ee\/fi\/wp-json\/wp\/v2\/product_cat?post=1472"},{"taxonomy":"product_tag","embeddable":true,"href":"https:\/\/mydrink.ee\/fi\/wp-json\/wp\/v2\/product_tag?post=1472"}],"curies":[{"name":"wp","href":"https:\/\/api.w.org\/{rel}","templated":true}]}}