{"id":1516,"date":"2013-02-27T01:03:43","date_gmt":"2013-02-26T23:03:43","guid":{"rendered":"https:\/\/mydrink.ee\/product\/ruffino-modus-07-13-5-75cl\/"},"modified":"2013-02-27T01:03:43","modified_gmt":"2013-02-26T23:03:43","slug":"ruffino-modus-07-13-5-75cl","status":"publish","type":"product","link":"https:\/\/mydrink.ee\/fi\/product\/ruffino-modus-07-13-5-75cl\/","title":{"rendered":"RUFFINO MODUS \u00b417 13.5% 75CL"},"content":{"rendered":"<p>NB! Tegemist on erakordse veiniga, Wine Spectator \u2013 90 punkti.<br \/>\nN\u00fc\u00fcdseks on Ruffino Modus saanud k\u00fcmme aastak\u00e4iku j\u00e4rjest Wine Spectatorilt 90 ja enam punkti!<\/p>","protected":false},"excerpt":{"rendered":"<p>Liik: Kaitstud p\u00e4ritolunimetusega vein<br \/>\nMaht: 75CL<br \/>\nAlkoholisisaldus: 13,5%<br \/>\nP\u00e4ritolumaa: Itaalia<br \/>\nRegioon: I.G.T. Toscana (Poggio Casciano ja Lodola Nouva)<br \/>\nAastak\u00e4ik: 2008<br \/>\nViinamarjasort: Sangiovese 50%, Cabernet Sauvignon 25%, Merlot 25%<br \/>\nKorje: Korje alustatakse Merlot\u00b4ga augusti viimastel p\u00e4evadel. Cabernet Sauvignon korjatakse septembri l\u00f5pus ning Sangiovese oktoobri esimestel p\u00e4evadel.<br \/>\nVeini valmistamise tehnoloogia:  K\u00e4\u00e4ritamine toimub k\u00f5igil kolmel viinamarjasordil eraldi kontrollitud temperatuuril 26-28\u00b0C. P\u00e4rast k\u00e4\u00e4ritamist segatakse vein ning pannakse laagerduma 12 kuuks 225 liitristesse Ameerika ja Prantsuse tammevaatidesse.<br \/>\nV\u00e4rvus: Rubiinpunane violetse alatooniga.<br \/>\nAroom: K\u00fcpsenud puuviljad, nagu kirss ja ploom, millele sekundeerivad \u00fcrdid, mint ja tubakas.<br \/>\nMaitse: T\u00e4idlane koos siidiste tanniinidega.  Pikk j\u00e4relmaitse koos mindi, tumeda \u0161okolaadi ning punaste marjadega.<br \/>\nToidusobivus: Sea-ja loomaliha, uluk, tugevate juustudega.<br \/>\nServeeri temperatuuril : 18-20\u00b0C <\/p>","protected":false},"featured_media":1515,"template":"","meta":{"_acf_changed":false,"_kadence_starter_templates_imported_post":false,"_kad_post_transparent":"","_kad_post_title":"","_kad_post_layout":"","_kad_post_sidebar_id":"","_kad_post_content_style":"","_kad_post_vertical_padding":"","_kad_post_feature":"","_kad_post_feature_position":"","_kad_post_header":false,"_kad_post_footer":false},"product_brand":[],"product_cat":[20,180,30],"product_tag":[],"class_list":{"0":"post-1516","1":"product","2":"type-product","3":"status-publish","4":"has-post-thumbnail","6":"product_cat-punased-veinid","7":"product_cat-veinid","8":"product_cat-itaalia","10":"first","11":"instock","12":"taxable","13":"shipping-taxable","14":"purchasable","15":"product-type-simple","16":"entry","17":"content-bg","18":"loop-entry"},"acf":[],"_links":{"self":[{"href":"https:\/\/mydrink.ee\/fi\/wp-json\/wp\/v2\/product\/1516","targetHints":{"allow":["GET"]}}],"collection":[{"href":"https:\/\/mydrink.ee\/fi\/wp-json\/wp\/v2\/product"}],"about":[{"href":"https:\/\/mydrink.ee\/fi\/wp-json\/wp\/v2\/types\/product"}],"wp:featuredmedia":[{"embeddable":true,"href":"https:\/\/mydrink.ee\/fi\/wp-json\/wp\/v2\/media\/1515"}],"wp:attachment":[{"href":"https:\/\/mydrink.ee\/fi\/wp-json\/wp\/v2\/media?parent=1516"}],"wp:term":[{"taxonomy":"product_brand","embeddable":true,"href":"https:\/\/mydrink.ee\/fi\/wp-json\/wp\/v2\/product_brand?post=1516"},{"taxonomy":"product_cat","embeddable":true,"href":"https:\/\/mydrink.ee\/fi\/wp-json\/wp\/v2\/product_cat?post=1516"},{"taxonomy":"product_tag","embeddable":true,"href":"https:\/\/mydrink.ee\/fi\/wp-json\/wp\/v2\/product_tag?post=1516"}],"curies":[{"name":"wp","href":"https:\/\/api.w.org\/{rel}","templated":true}]}}