{"id":1520,"date":"2013-02-28T01:07:56","date_gmt":"2013-02-27T23:07:56","guid":{"rendered":"https:\/\/mydrink.ee\/product\/millaman-estate-reserve-sauvignon-blanc-12-13-75cl\/"},"modified":"2013-02-28T01:07:56","modified_gmt":"2013-02-27T23:07:56","slug":"millaman-estate-reserve-sauvignon-blanc-12-13-75cl","status":"publish","type":"product","link":"https:\/\/mydrink.ee\/fi\/product\/millaman-estate-reserve-sauvignon-blanc-12-13-75cl\/","title":{"rendered":"MILLAMAN ESTATE RESERVE SAUVIGNON BLANC`12 13% 75CL"},"content":{"rendered":"<p>Viinamarjad on korjatud k\u00e4sitsi veebruarikuu teisel n\u00e4dalal. Marjad sorteeritakse, purustatakse.  Saadud veinivirre j\u00e4etakse p\u00e4rmisettele laagerduma (Sur lie), edasi toimub fermentatsioon terasmahutites kontrollitud temperatuuril 13-15\u00b0C. Vein ei ole l\u00e4binud malolaktilist fermentatsiooni, ega laagerdunud tammevaadis. Filtreerimisel on kasutatud 0,45\u00f8 filtreid.<\/p>","protected":false},"excerpt":{"rendered":"<p>Liik: Geograafilise t\u00e4hisega vein<br \/>\nTootjamaa: \tT\u0161iili<br \/>\n Maht: 75CL<br \/>\n Alkoholisisaldus: 13%<br \/>\n P\u00e4ritolumaa: T\u0161iili<br \/>\n Piirkond: Curic\u00f2 Valley<br \/>\n Tootja: Hacienda el Condor S.A.<br \/>\n Viinamarjasort: 100% Sauvignon Blanc<br \/>\n V\u00e4rvus: Helekollane, roheka alatooniga.<br \/>\n Aroom: v\u00e4rske, tunda tsitruseviljade aroome nagu mandariin ja greip ning lisaks veidikene granaat\u00f5una.<br \/>\n Maitse: v\u00e4rske, hea happega, kreemise tekstuuriga, tunda k\u00fcpseid tsitrusevilju ja ananassi.<br \/>\n Toidusoovitus:  Kana- ja kalatoidud, rohelised v\u00e4rsked salatid.<br \/>\n Parim serveerimistemperatuur: 10-12 \u00b0C, Bordeaux t\u00fc\u00fcpi klaasist.<\/p>","protected":false},"featured_media":1519,"template":"","meta":{"_acf_changed":false,"_kadence_starter_templates_imported_post":false,"_kad_post_transparent":"","_kad_post_title":"","_kad_post_layout":"","_kad_post_sidebar_id":"","_kad_post_content_style":"","_kad_post_vertical_padding":"","_kad_post_feature":"","_kad_post_feature_position":"","_kad_post_header":false,"_kad_post_footer":false},"product_brand":[],"product_cat":[21,180,59],"product_tag":[],"class_list":{"0":"post-1520","1":"product","2":"type-product","3":"status-publish","4":"has-post-thumbnail","6":"product_cat-valged-veinid","7":"product_cat-veinid","8":"product_cat-tshiili","10":"first","11":"outofstock","12":"taxable","13":"shipping-taxable","14":"purchasable","15":"product-type-simple","16":"entry","17":"content-bg","18":"loop-entry"},"acf":[],"_links":{"self":[{"href":"https:\/\/mydrink.ee\/fi\/wp-json\/wp\/v2\/product\/1520","targetHints":{"allow":["GET"]}}],"collection":[{"href":"https:\/\/mydrink.ee\/fi\/wp-json\/wp\/v2\/product"}],"about":[{"href":"https:\/\/mydrink.ee\/fi\/wp-json\/wp\/v2\/types\/product"}],"wp:featuredmedia":[{"embeddable":true,"href":"https:\/\/mydrink.ee\/fi\/wp-json\/wp\/v2\/media\/1519"}],"wp:attachment":[{"href":"https:\/\/mydrink.ee\/fi\/wp-json\/wp\/v2\/media?parent=1520"}],"wp:term":[{"taxonomy":"product_brand","embeddable":true,"href":"https:\/\/mydrink.ee\/fi\/wp-json\/wp\/v2\/product_brand?post=1520"},{"taxonomy":"product_cat","embeddable":true,"href":"https:\/\/mydrink.ee\/fi\/wp-json\/wp\/v2\/product_cat?post=1520"},{"taxonomy":"product_tag","embeddable":true,"href":"https:\/\/mydrink.ee\/fi\/wp-json\/wp\/v2\/product_tag?post=1520"}],"curies":[{"name":"wp","href":"https:\/\/api.w.org\/{rel}","templated":true}]}}