{"id":1524,"date":"2013-04-09T00:04:17","date_gmt":"2013-04-08T21:04:17","guid":{"rendered":"https:\/\/mydrink.ee\/product\/sangria-don-leon-7-1l-tetra\/"},"modified":"2013-04-09T00:04:17","modified_gmt":"2013-04-08T21:04:17","slug":"sangria-don-leon-7-1l-tetra","status":"publish","type":"product","link":"https:\/\/mydrink.ee\/fi\/product\/sangria-don-leon-7-1l-tetra\/","title":{"rendered":"SANGRIA DON LEON 7% 1L TETRA"},"content":{"rendered":"<p>Sangriaveinijoogi tarbimise traditsioonid p\u00e4rinevad Hispaaniast. Serveerida temperatuuril 8-10\u00b0C koos j\u00e4\u00e4kuubikutega, lisades juurde v\u00e4rskeid apelsini v\u00f5i sidruni viile. Sobib serveerida aperitiiviks, samuti suurep\u00e4rane jook kuumal suveilmal!<\/p>","protected":false},"excerpt":{"rendered":"<p>Liik:\tVein<br \/>\nKastis:\t12<br \/>\nMaht:\t100CL<br \/>\nAlkoholisisaldus:\t7%<br \/>\nP\u00e4ritolumaa:\tHispaania<br \/>\nV\u00e4rv: Kirsipunane, lillaka alatooniga.<br \/>\nAroom:\tAroomis on tunda v\u00e4rskust, k\u00fcpseid apelsini ja sidruni noote.<br \/>\nMaitse:\tMaitse on kerge, magus, tsitruseline, j\u00e4relmaitses aimata kaneeli n\u00fcansse.<br \/>\nToidusoovitus:\tSobib serveerida aperitiiviks, samuti suurep\u00e4rane suvejook kuumal suveilmal!<br \/>\nServeerimine:\tSoovitame serveerida temperatuuril 8-10\u00b0C koos j\u00e4\u00e4kuubikutega, lisades juurde v\u00e4rskeid apelsini v\u00f5i sidruni viile.<\/p>","protected":false},"featured_media":1523,"template":"","meta":{"_acf_changed":false,"_kad_post_transparent":"","_kad_post_title":"","_kad_post_layout":"","_kad_post_sidebar_id":"","_kad_post_content_style":"","_kad_post_vertical_padding":"","_kad_post_feature":"","_kad_post_feature_position":"","_kad_post_header":false,"_kad_post_footer":false},"product_brand":[],"product_cat":[29,119,20],"product_tag":[],"class_list":{"0":"post-1524","1":"product","2":"type-product","3":"status-publish","4":"has-post-thumbnail","6":"product_cat-hispaania","7":"product_cat-pakiveinid","8":"product_cat-punased-veinid","10":"first","11":"outofstock","12":"taxable","13":"shipping-taxable","14":"purchasable","15":"product-type-simple","16":"entry","17":"content-bg","18":"loop-entry"},"acf":[],"_links":{"self":[{"href":"https:\/\/mydrink.ee\/fi\/wp-json\/wp\/v2\/product\/1524","targetHints":{"allow":["GET"]}}],"collection":[{"href":"https:\/\/mydrink.ee\/fi\/wp-json\/wp\/v2\/product"}],"about":[{"href":"https:\/\/mydrink.ee\/fi\/wp-json\/wp\/v2\/types\/product"}],"wp:featuredmedia":[{"embeddable":true,"href":"https:\/\/mydrink.ee\/fi\/wp-json\/wp\/v2\/media\/1523"}],"wp:attachment":[{"href":"https:\/\/mydrink.ee\/fi\/wp-json\/wp\/v2\/media?parent=1524"}],"wp:term":[{"taxonomy":"product_brand","embeddable":true,"href":"https:\/\/mydrink.ee\/fi\/wp-json\/wp\/v2\/product_brand?post=1524"},{"taxonomy":"product_cat","embeddable":true,"href":"https:\/\/mydrink.ee\/fi\/wp-json\/wp\/v2\/product_cat?post=1524"},{"taxonomy":"product_tag","embeddable":true,"href":"https:\/\/mydrink.ee\/fi\/wp-json\/wp\/v2\/product_tag?post=1524"}],"curies":[{"name":"wp","href":"https:\/\/api.w.org\/{rel}","templated":true}]}}