{"id":1534,"date":"2013-04-26T00:07:27","date_gmt":"2013-04-25T21:07:27","guid":{"rendered":"https:\/\/mydrink.ee\/product\/serena-prosecco-valdobbiad-superiore-ext-dry-11-75cl\/"},"modified":"2025-09-09T03:03:46","modified_gmt":"2025-09-09T00:03:46","slug":"serena-prosecco-valdobbiad-superiore-ext-dry-11-75cl","status":"publish","type":"product","link":"https:\/\/mydrink.ee\/fi\/product\/serena-prosecco-valdobbiad-superiore-ext-dry-11-75cl\/","title":{"rendered":"SERENA PROSECCO VALDOBBIAD. SUPERIORE EXT.DRY 11% 75CL"},"content":{"rendered":"<p>Traditsioon, tarkus ja kirg iseloomustab Vinicola Serena\u00b4t, ettev\u00f5tet, mis<br \/>\non loodud aastal 1881 Pietro Serena poolt.<br \/>\nFirmat haldavad Gerardo ja Giorgio Serena ning neid assisteerivad nende<br \/>\nlapsed Chiara ja Luca Serena, viienda p\u00f5lvkonna esindajad.<br \/>\nEttev\u00f5tte peamine filosoofia on tema pidev areng arvestades klientide<br \/>\nsoove ning erinevate turgude omap\u00e4rasid, optimeerides selleks k\u00f5iki<br \/>\nveinitootmiseks vajalikke etappe, alates viinamarjadest, mis p\u00e4rinevad<br \/>\nConegliano\u00b4st ja Veneto\u00b4st, l\u00e4bi marjade t\u00f6\u00f6tlemise ning k\u00e4\u00e4ritamise<br \/>\npudelitesse ja l\u00f5puks ladustamise ning kohaletoimetamiseni. Selline<br \/>\nedukas tegutsemine lubab ettev\u00f5ttel saavutada ambitsioonikaid tulemusi.<br \/>\nVinicola Serena on olnud alati liider kvaliteetse veini tootmise ja<br \/>\ntehnoloogilise innovatsiooni osas.<br \/>\nT\u00e4na on Vinicola Serena liider nii Itaalias, kui ka kogu maailmas KEG<br \/>\nveinitootmises ning j\u00e4rjepidevalt kasvab ka pudeliveini tootmise osakaal,<br \/>\neesk\u00e4tt Prosecco DOC ja DOCG ja Veneto IGT kvaliteetveinide osas.<br \/>\nFirma on turule toonud viis erinevat kaubam\u00e4rki: Serena ja Le Vigne Verdi<br \/>\nKEG veinid, Terra Serena ja Ville d&#8217;Arfanta veinid-ja vahuveinid pudelis<br \/>\nning omab Prantsusmaal elegantset Champagne m\u00f5isa nimega De<br \/>\nVilmont.<\/p>","protected":false},"excerpt":{"rendered":"<p>Liik: \u0160ampanjad ja vahuveinid, Vahuvein<br \/>\n Kastis: 6<br \/>\n Maht: 75CL<br \/>\n Alkoholisisaldus: 11%<br \/>\n P\u00e4ritolumaa: Itaalia<br \/>\n Piirkond: Veneto, DOCG Valdobbiadene<br \/>\n Viinamarjasort: Glera<br \/>\n J\u00e4\u00e4ksuhkur: 16 g\/l<br \/>\n V\u00e4rvus: Kahvatukollane<br \/>\n Aroom: V\u00e4rske, puuviljane ning lilleline, tunda on peamiselt akaatsiat, millele sekundeerivad \u00f5un, melon ning \u00f5rn mesi.<br \/>\n Maitse: Aromaatne, v\u00e4rske, mahlakas, meeldiva happesusega, pikk j\u00e4relmaitse, milles tunda \u00f5una, virsikuid ning mandleid.<br \/>\n Toidusobivus: Aperitiivina, eelroogade ja mereandidega<br \/>\n Serveeri temperatuuril: 7-9\u00b0C<\/p>","protected":false},"featured_media":1533,"template":"","meta":{"_acf_changed":false,"_kadence_starter_templates_imported_post":false,"_kad_post_transparent":"","_kad_post_title":"","_kad_post_layout":"","_kad_post_sidebar_id":"","_kad_post_content_style":"","_kad_post_vertical_padding":"","_kad_post_feature":"","_kad_post_feature_position":"","_kad_post_header":false,"_kad_post_footer":false},"product_brand":[],"product_cat":[123,180,24,78],"product_tag":[],"class_list":{"0":"post-1534","1":"product","2":"type-product","3":"status-publish","4":"has-post-thumbnail","6":"product_cat-vahuveinid-1","7":"product_cat-veinid","8":"product_cat-vahuveinid","9":"product_cat-itaalia-1-2","11":"first","12":"instock","13":"taxable","14":"shipping-taxable","15":"purchasable","16":"product-type-simple","17":"entry","18":"content-bg","19":"loop-entry"},"acf":[],"_links":{"self":[{"href":"https:\/\/mydrink.ee\/fi\/wp-json\/wp\/v2\/product\/1534","targetHints":{"allow":["GET"]}}],"collection":[{"href":"https:\/\/mydrink.ee\/fi\/wp-json\/wp\/v2\/product"}],"about":[{"href":"https:\/\/mydrink.ee\/fi\/wp-json\/wp\/v2\/types\/product"}],"wp:featuredmedia":[{"embeddable":true,"href":"https:\/\/mydrink.ee\/fi\/wp-json\/wp\/v2\/media\/1533"}],"wp:attachment":[{"href":"https:\/\/mydrink.ee\/fi\/wp-json\/wp\/v2\/media?parent=1534"}],"wp:term":[{"taxonomy":"product_brand","embeddable":true,"href":"https:\/\/mydrink.ee\/fi\/wp-json\/wp\/v2\/product_brand?post=1534"},{"taxonomy":"product_cat","embeddable":true,"href":"https:\/\/mydrink.ee\/fi\/wp-json\/wp\/v2\/product_cat?post=1534"},{"taxonomy":"product_tag","embeddable":true,"href":"https:\/\/mydrink.ee\/fi\/wp-json\/wp\/v2\/product_tag?post=1534"}],"curies":[{"name":"wp","href":"https:\/\/api.w.org\/{rel}","templated":true}]}}