{"id":1559,"date":"2013-08-30T22:41:09","date_gmt":"2013-08-30T19:41:09","guid":{"rendered":"https:\/\/mydrink.ee\/product\/yellow-tail-moscato-7-5-75cl\/"},"modified":"2013-08-30T22:41:09","modified_gmt":"2013-08-30T19:41:09","slug":"yellow-tail-moscato-7-5-75cl","status":"publish","type":"product","link":"https:\/\/mydrink.ee\/fi\/product\/yellow-tail-moscato-7-5-75cl\/","title":{"rendered":"YELLOW TAIL MOSCATO 7,5% 75CL"},"content":{"rendered":"<p>[VALMISTAMINE]: Moscato valmistatakse viinamarjadest, mis on korjatud k\u00f5ige kvaliteetsematest veiniaedadest. Viinamarjad korjatakse \u00f6\u00f6 jaheduses, et s\u00e4ilitada nende v\u00e4rskus ja maitse. Vein valmistatakse saign\u00e9e meetodil,<br \/>\nkus mahl voolab k\u00e4\u00e4rimisn\u00f5ust v\u00e4lja ilma pressimata. Peale k\u00e4\u00e4ritamist vein k\u00fclmstabiliseeritakse ning k\u00fclmfiltreeritakse, eesm\u00e4rgiga s\u00e4ilitada rikkalikud<br \/>\naroomid ja v\u00e4rskus.<br \/>\n[NAUDI]: [yellow tail] Moscatot valmistatakse kerget filosoofiat j\u00e4lgides \u2013 teha veini, mida saab nautida iga\u00fcks, igas kohas. Seet\u00f5ttu oleme me t\u00f5rkuvad Teile selle veini nautimiseks sobivate asjade \u00fctlemises. Kui te t\u00f5esti soovite<br \/>\nm\u00f5nda n\u00f5uannet, siis nautige seda veini jahutatult, koos s\u00f5pradega ning suure kausi maasikatega.<\/p>","protected":false},"excerpt":{"rendered":"<p>Liik: \tGeograafilise t\u00e4hisega vein<br \/>\n Kastis: 6<br \/>\n Maht: 75CL<br \/>\n Alkoholisisaldus: 7,5%<br \/>\n P\u00e4ritolumaa: Austraalia<br \/>\n Piirkond: South-Eastern<br \/>\nViinamarjasort: Moscato<br \/>\nJ\u00e4\u00e4ksuhkur: 85g\/l<br \/>\nMaitse: Sellel veinil on kerge kihisev mull, mis m\u00e4ngleb Teie keelel ja toob esile elavad troopilised puuviljad. [yellow tail] Moscato on pungil looduslikust magususest. Maitses tulevad esile v\u00e4rskelt purustatud viinamarjade, virsikute<br \/>\nning grenadillide erksus, vihjates l\u00f5ppmaitses veidike ka \u0161erbetile.<\/p>","protected":false},"featured_media":1558,"template":"","meta":{"_acf_changed":false,"_kadence_starter_templates_imported_post":false,"_kad_post_transparent":"","_kad_post_title":"","_kad_post_layout":"","_kad_post_sidebar_id":"","_kad_post_content_style":"","_kad_post_vertical_padding":"","_kad_post_feature":"","_kad_post_feature_position":"","_kad_post_header":false,"_kad_post_footer":false},"product_brand":[],"product_cat":[53,21,180],"product_tag":[],"class_list":{"0":"post-1559","1":"product","2":"type-product","3":"status-publish","4":"has-post-thumbnail","6":"product_cat-austraalia-1","7":"product_cat-valged-veinid","8":"product_cat-veinid","10":"first","11":"instock","12":"taxable","13":"shipping-taxable","14":"purchasable","15":"product-type-simple","16":"entry","17":"content-bg","18":"loop-entry"},"acf":[],"_links":{"self":[{"href":"https:\/\/mydrink.ee\/fi\/wp-json\/wp\/v2\/product\/1559","targetHints":{"allow":["GET"]}}],"collection":[{"href":"https:\/\/mydrink.ee\/fi\/wp-json\/wp\/v2\/product"}],"about":[{"href":"https:\/\/mydrink.ee\/fi\/wp-json\/wp\/v2\/types\/product"}],"wp:featuredmedia":[{"embeddable":true,"href":"https:\/\/mydrink.ee\/fi\/wp-json\/wp\/v2\/media\/1558"}],"wp:attachment":[{"href":"https:\/\/mydrink.ee\/fi\/wp-json\/wp\/v2\/media?parent=1559"}],"wp:term":[{"taxonomy":"product_brand","embeddable":true,"href":"https:\/\/mydrink.ee\/fi\/wp-json\/wp\/v2\/product_brand?post=1559"},{"taxonomy":"product_cat","embeddable":true,"href":"https:\/\/mydrink.ee\/fi\/wp-json\/wp\/v2\/product_cat?post=1559"},{"taxonomy":"product_tag","embeddable":true,"href":"https:\/\/mydrink.ee\/fi\/wp-json\/wp\/v2\/product_tag?post=1559"}],"curies":[{"name":"wp","href":"https:\/\/api.w.org\/{rel}","templated":true}]}}