{"id":1598,"date":"2013-11-04T23:33:29","date_gmt":"2013-11-04T21:33:29","guid":{"rendered":"https:\/\/mydrink.ee\/product\/les-grandes-cabanes-syrah-10-14-75cl\/"},"modified":"2013-11-04T23:33:29","modified_gmt":"2013-11-04T21:33:29","slug":"les-grandes-cabanes-syrah-10-14-75cl","status":"publish","type":"product","link":"https:\/\/mydrink.ee\/fi\/product\/les-grandes-cabanes-syrah-10-14-75cl\/","title":{"rendered":"LES GRANDES CABANES SYRAH`10 14% 75CL"},"content":{"rendered":"<p>Viinamarjad korjatakse septembri esimesel ja teisel n\u00e4dalal, mil need on optimaalselt k\u00fcpsed. Osa neist, mis korjatakse noorematest viinamarjaistandustest, jahutatakse 5\u00b0C kraadi juures 3-4 n\u00e4dalat v\u00e4rvi ja pehme tanniini esiletoomiseks. \u00dclej\u00e4\u00e4nud viinamarjad purustatakse ja k\u00e4\u00e4ritakse koheselt. Peale erineva kvaliteediga k\u00e4\u00e4ritamist segatakse esimene segu enne malolaktilistfermentatsiooni. Peale teist k\u00e4\u00e4ritamist lastakse l\u00f5plikul segul 3-4 kuud settida ja vananeda. Vein villitakse juunis.<br \/>\nCHATEAU LAMARGUE:<br \/>\nRhone oru l\u00f5unaosas, Provence ja Camargue vahelised<br \/>\nCosti\u00e8res de Nimes` n\u00f5lvad on \u00fclemineku piirkonnaks<br \/>\nVahemere aladele.<br \/>\nNimes\u00b4st l\u00f5unasuunas asuv Saint-Gilles on v\u00e4ga t\u00e4htsa<br \/>\najaloolise taustaga linn, kus viinamarjakasvatusega<br \/>\ntegeleti juba iidsetel Vana-Kreeka ja Rooma aegadel.<br \/>\nPiirkond on t\u00fc\u00fcpilise vahemerelise kliimaga ja mullastik<br \/>\neriti sobiv viinamarjakasvatuseks.<br \/>\nCh\u00e2teau Lamargue valdused laiuvad 118 hektaril,<br \/>\nmillest 45 hektarit parimaid viinamarjaistandusi on<br \/>\np\u00fchendunud AOC-sertifikaadiga veinidele.<br \/>\nRousanne, Viognier, Syrah, Mourv\u00e8dre ja Grenache<br \/>\nNoir viinamarja istandused asuvad eraldi maalappidel<br \/>\nning on klassifitseeritud AOC Costi\u00e8res de Nimes<br \/>\nveinide tootmiseks.<\/p>","protected":false},"excerpt":{"rendered":"<p>Liik: Kaitstud p\u00e4ritolunimetusega vein<br \/>\nKastis: 6<br \/>\nMaht: 75CL<br \/>\nAlkoholisisaldus: 14%<br \/>\nP\u00e4ritolumaa: Prantsusmaa<br \/>\nPiirkond: AOC Costi\u00e8resde Nimes<br \/>\nTootja: ChateauLamargue<br \/>\nViinamari: Syrah100%<br \/>\nV\u00e4rvus: Rubiinpunane, violetse alatooniga.<br \/>\nAroom: tunda on kannikest, lik\u00f6\u00f6ri ja musta pipra aroomi, hiljem avanevad ka musts\u00f5stra ja punaste marjade aroomid.<br \/>\nMaitse: olemuselt on vein kontsentreeritud \u00fchtlase tanniiniga, keskmise t\u00e4idlusega, v\u00e4ga pehme ning ehe. Meeldiv ja v\u00e4rske happelisus toetab pikaajalist ning tasakaalustatud j\u00e4relmaitset.<br \/>\nToidusoovitus: Grillitud sealiha, ahjuliha, rostbiif, loomaliha hautis ja k\u00f5vade pressitud juustude (Pecorino) juurde.<br \/>\nServeerida 16-17\u00b0C Bordeaux klaasist.<\/p>","protected":false},"featured_media":1597,"template":"","meta":{"_acf_changed":false,"_kadence_starter_templates_imported_post":false,"_kad_post_transparent":"","_kad_post_title":"","_kad_post_layout":"","_kad_post_sidebar_id":"","_kad_post_content_style":"","_kad_post_vertical_padding":"","_kad_post_feature":"","_kad_post_feature_position":"","_kad_post_header":false,"_kad_post_footer":false},"product_brand":[],"product_cat":[20,180,32],"product_tag":[],"class_list":{"0":"post-1598","1":"product","2":"type-product","3":"status-publish","4":"has-post-thumbnail","6":"product_cat-punased-veinid","7":"product_cat-veinid","8":"product_cat-prantsuse","10":"first","11":"outofstock","12":"taxable","13":"shipping-taxable","14":"purchasable","15":"product-type-simple","16":"entry","17":"content-bg","18":"loop-entry"},"acf":[],"_links":{"self":[{"href":"https:\/\/mydrink.ee\/fi\/wp-json\/wp\/v2\/product\/1598","targetHints":{"allow":["GET"]}}],"collection":[{"href":"https:\/\/mydrink.ee\/fi\/wp-json\/wp\/v2\/product"}],"about":[{"href":"https:\/\/mydrink.ee\/fi\/wp-json\/wp\/v2\/types\/product"}],"wp:featuredmedia":[{"embeddable":true,"href":"https:\/\/mydrink.ee\/fi\/wp-json\/wp\/v2\/media\/1597"}],"wp:attachment":[{"href":"https:\/\/mydrink.ee\/fi\/wp-json\/wp\/v2\/media?parent=1598"}],"wp:term":[{"taxonomy":"product_brand","embeddable":true,"href":"https:\/\/mydrink.ee\/fi\/wp-json\/wp\/v2\/product_brand?post=1598"},{"taxonomy":"product_cat","embeddable":true,"href":"https:\/\/mydrink.ee\/fi\/wp-json\/wp\/v2\/product_cat?post=1598"},{"taxonomy":"product_tag","embeddable":true,"href":"https:\/\/mydrink.ee\/fi\/wp-json\/wp\/v2\/product_tag?post=1598"}],"curies":[{"name":"wp","href":"https:\/\/api.w.org\/{rel}","templated":true}]}}