{"id":1613,"date":"2025-11-27T12:25:56","date_gmt":"2025-11-27T10:25:56","guid":{"rendered":"https:\/\/mydrink.ee\/?post_type=product&#038;p=1613"},"modified":"2025-12-30T15:11:00","modified_gmt":"2025-12-30T13:11:00","slug":"piper-heidsieck-cuvee-brut-12-75cl-kinkekarbis-disabled","status":"publish","type":"product","link":"https:\/\/mydrink.ee\/fi\/product\/piper-heidsieck-cuvee-brut-12-75cl-kinkekarbis-disabled\/","title":{"rendered":"PIPER HEIDSIECK CUVEE BRUT 12% 75CL BOX"},"content":{"rendered":"<p>PIPER-HEIDSIECK BRUT A.O.C. Champagne Punase etiketiga Piper-Heidsieck on maailma \u00fcks tuntumatest ja hinnatumatest \u0161ampanja kaubam\u00e4rkidest. Piper-Heidsieck \u0161ampanjad segatakse eri aastak\u00e4ikude veinidest, mis on valmistatud k\u00f5igist kolmest Champagne piirkonna viinamarjasordist. Veinide vahekord: Pinot Noir 55% Pinot Meunier 30% Chardonnay 15%. Enne m\u00fc\u00fcki k\u00fcpseb vein 2-3 aastat pudelis. Piper-Heidsieck \u0161ampanja on v\u00e4rvuselt helekollane, aroomilt puuviljaline ja v\u00e4rske. Maitselt kuiv, v\u00e4rske ja puuviljaline ning h\u00e4sti tasakaalustatud. Piper-Heidsieck on k\u00f5ikide pidulike s\u00fcndmuste lahutamatu kaaslane. Parim on serveerida \u0161ampanja jahutatult ja juurde sobivad ideaalselt v\u00e4rsked maasikad. Punase etiketiga Piper-Heidsieck on maailma \u00fcks tuntumatest ja hinnatumatest \u0161ampanja kaubam\u00e4rkidest. Seda tuntakse eriti just l\u00e4bi paljude filmit\u00e4htede nagu n\u00e4iteks Merilyn Monroe, kellele Piper-Heidsieck oli lemmik \u0161ampanja. Peiper-Heidsieck on Cannes\u00b4i filmifestivali suursponsor. Rahvusvaheline tunnustus: Piper-Heidsieck veinimeistrid on v\u00f5itnud kuus korda auhinna \u201eWinemaker of the Year\u201c, seda aastatel 1994, 1998-2002. Lisaks on v\u00f5idetud arvukalt muid k\u00f5rgelt hinnatud auhindu. Head nautimist!<\/p>\n\n<style>.wp-block-kadence-advancedheading.kt-adv-heading1613_e64123-cf, .wp-block-kadence-advancedheading.kt-adv-heading1613_e64123-cf[data-kb-block=\"kb-adv-heading1613_e64123-cf\"]{font-style:normal;}.wp-block-kadence-advancedheading.kt-adv-heading1613_e64123-cf mark.kt-highlight, .wp-block-kadence-advancedheading.kt-adv-heading1613_e64123-cf[data-kb-block=\"kb-adv-heading1613_e64123-cf\"] mark.kt-highlight{font-style:normal;color:#f76a0c;-webkit-box-decoration-break:clone;box-decoration-break:clone;padding-top:0px;padding-right:0px;padding-bottom:0px;padding-left:0px;}<\/style>\n<p class=\"kt-adv-heading1613_e64123-cf wp-block-kadence-advancedheading\" data-kb-block=\"kb-adv-heading1613_e64123-cf\"><\/p>","protected":false},"excerpt":{"rendered":"<p>Liik: \u0160ampanja<br \/>\nKastis: 6<br \/>\nMaht: 75CL<br \/>\nAlkoholisisaldus: 12%<br \/>\nP\u00e4ritolumaa: Prantsusmaa<br \/>\nVeinide vahekord:<br \/>\nPinot Noir 55%<br \/>\nPinot Meunier 30%<br \/>\nChardonnay 15%.<br \/>\nV\u00e4rvus: V\u00e4ga kirgas ja samas \u00f5rn kuldne toon.<br \/>\nL\u00f5hn: Esimene emotsioon toob meelde kirka ja v\u00e4rske suvehommiku. Meenutades kevadlillesid, kuid eriti viirpuu aroomi. Sealt edasi j\u00f5uame puuviljaste \u00f5una ja pirni aroomideni, mis omakorda juhatavad sisse kergelt r\u00f6stitud sidruni aroomi.<br \/>\nMaitse: Esimesena m\u00e4rkab elulisust ja v\u00e4rskust. Tsitruse noodid viivad teatud k\u00fcpsuseni. T\u00e4idlus ja mineraalsed n\u00fcansid annavad joogile veelgi isikup\u00e4rasema iseloomu.<\/p>","protected":false},"featured_media":1612,"template":"","meta":{"_acf_changed":false,"_kadence_starter_templates_imported_post":false,"_kad_post_transparent":"","_kad_post_title":"","_kad_post_layout":"","_kad_post_sidebar_id":"","_kad_post_content_style":"","_kad_post_vertical_padding":"","_kad_post_feature":"","_kad_post_feature_position":"","_kad_post_header":false,"_kad_post_footer":false},"product_brand":[],"product_cat":[122,24],"product_tag":[],"class_list":{"0":"post-1613","1":"product","2":"type-product","3":"status-publish","4":"has-post-thumbnail","6":"product_cat-shampanjad","7":"product_cat-vahuveinid","9":"first","10":"instock","11":"taxable","12":"shipping-taxable","13":"purchasable","14":"product-type-simple","15":"entry","16":"content-bg","17":"loop-entry"},"acf":[],"_links":{"self":[{"href":"https:\/\/mydrink.ee\/fi\/wp-json\/wp\/v2\/product\/1613","targetHints":{"allow":["GET"]}}],"collection":[{"href":"https:\/\/mydrink.ee\/fi\/wp-json\/wp\/v2\/product"}],"about":[{"href":"https:\/\/mydrink.ee\/fi\/wp-json\/wp\/v2\/types\/product"}],"wp:featuredmedia":[{"embeddable":true,"href":"https:\/\/mydrink.ee\/fi\/wp-json\/wp\/v2\/media\/1612"}],"wp:attachment":[{"href":"https:\/\/mydrink.ee\/fi\/wp-json\/wp\/v2\/media?parent=1613"}],"wp:term":[{"taxonomy":"product_brand","embeddable":true,"href":"https:\/\/mydrink.ee\/fi\/wp-json\/wp\/v2\/product_brand?post=1613"},{"taxonomy":"product_cat","embeddable":true,"href":"https:\/\/mydrink.ee\/fi\/wp-json\/wp\/v2\/product_cat?post=1613"},{"taxonomy":"product_tag","embeddable":true,"href":"https:\/\/mydrink.ee\/fi\/wp-json\/wp\/v2\/product_tag?post=1613"}],"curies":[{"name":"wp","href":"https:\/\/api.w.org\/{rel}","templated":true}]}}