{"id":1647,"date":"2013-11-26T23:34:41","date_gmt":"2013-11-26T21:34:41","guid":{"rendered":"https:\/\/mydrink.ee\/product\/vallformosa-cava-origen-brut-11-5-75cl\/"},"modified":"2013-11-26T23:34:41","modified_gmt":"2013-11-26T21:34:41","slug":"vallformosa-cava-origen-brut-11-5-75cl","status":"publish","type":"product","link":"https:\/\/mydrink.ee\/fi\/product\/vallformosa-cava-origen-brut-11-5-75cl\/","title":{"rendered":"VALLFORMOSA CAVA ORIGEN BRUT 11,5% 75CL"},"content":{"rendered":"<p>Korje aeg: Macabeoseptembri alguses, Xarel-loseptembri teisel ja kolmandal n\u00e4dalal, Parelladaoktoobri esimesel n\u00e4dalal. K\u00e4sitsi ja mehaaniline korje.<br \/>\nK\u00e4\u00e4ritamine: Terastankides kontrollitudtemperatuuril 14-16 \u00b0C esimene k\u00e4\u00e4ritamine, teine k\u00e4\u00e4ritamine pudelis traditsioonilisel meetodil minimaalselt 12 kuud.<br \/>\nVD.O: Cava<br \/>\nKlassifikatsioon: CavaBrut<br \/>\nViinamarjasordid: 30% Macabeo, 30% Xarel-lo, 40% Parellada<br \/>\nJ\u00e4\u00e4ksuhkur: 1,3 g\/l<br \/>\nVallformosa on 100% pereettev\u00f5te, mida juhib n\u00fc\u00fcd juba Dom\u00e9nech\u2019i perekonna viies p\u00f5lvkond ning mis on asutatud aastal 1865 Vilobi del Penedes\u00b4is. <\/p>\n<p>T\u00e4nap\u00e4eval omatakse veinim\u00f5isasi neljas erinevas Hispaania veinitootmispiirkonnas (D.O. Cava, D.O. Pened\u00e9s, D.O. Catalonia, D.O. Rioja) ning \u00fchte veinim\u00f5isa ka Argentiinas. <\/p>\n<p>\u00dcle 60% toodangust eksporditakse rohkem kui 40-sse riiki \u00fcle kogu maailma. <\/p>","protected":false},"excerpt":{"rendered":"<p>Liik: \u0160ampanjad ja vahuveinid, Vahuvein<br \/>\nKastis: 6<br \/>\nMaht: 75CL<br \/>\nAlkoholisisaldus: 11,5%<br \/>\nP\u00e4ritolumaa: Hispaania<br \/>\nV\u00e4rvus: Kahvatu \u00f5lek\u00f5rrekollane, kerge roheka varjundiga.<br \/>\nAroom: Puuviljane, milles tunda rohelisi \u00f5unu, pirni, aprikoosi ja veidike r\u00f6stitud leiba.<br \/>\nMaitse: Harmooniline ja isutekitav, kerge happega. \u00dcmara ja elegantse puuviljasej\u00e4relmaitsega.<br \/>\nServeeri: Temperatuuril5-6\u00b0C<br \/>\nTarbi: Aperitiivina, koos mereandidega v\u00f5i kogu \u00f5htus\u00f6\u00f6gi kestel.<\/p>","protected":false},"featured_media":1646,"template":"","meta":{"_acf_changed":false,"_kadence_starter_templates_imported_post":false,"_kad_post_transparent":"","_kad_post_title":"","_kad_post_layout":"","_kad_post_sidebar_id":"","_kad_post_content_style":"","_kad_post_vertical_padding":"","_kad_post_feature":"","_kad_post_feature_position":"","_kad_post_header":false,"_kad_post_footer":false},"product_brand":[],"product_cat":[123,77,24],"product_tag":[],"class_list":{"0":"post-1647","1":"product","2":"type-product","3":"status-publish","4":"has-post-thumbnail","6":"product_cat-vahuveinid-1","7":"product_cat-hispaania-1-2","8":"product_cat-vahuveinid","10":"first","11":"instock","12":"taxable","13":"shipping-taxable","14":"purchasable","15":"product-type-simple","16":"entry","17":"content-bg","18":"loop-entry"},"acf":[],"_links":{"self":[{"href":"https:\/\/mydrink.ee\/fi\/wp-json\/wp\/v2\/product\/1647","targetHints":{"allow":["GET"]}}],"collection":[{"href":"https:\/\/mydrink.ee\/fi\/wp-json\/wp\/v2\/product"}],"about":[{"href":"https:\/\/mydrink.ee\/fi\/wp-json\/wp\/v2\/types\/product"}],"wp:featuredmedia":[{"embeddable":true,"href":"https:\/\/mydrink.ee\/fi\/wp-json\/wp\/v2\/media\/1646"}],"wp:attachment":[{"href":"https:\/\/mydrink.ee\/fi\/wp-json\/wp\/v2\/media?parent=1647"}],"wp:term":[{"taxonomy":"product_brand","embeddable":true,"href":"https:\/\/mydrink.ee\/fi\/wp-json\/wp\/v2\/product_brand?post=1647"},{"taxonomy":"product_cat","embeddable":true,"href":"https:\/\/mydrink.ee\/fi\/wp-json\/wp\/v2\/product_cat?post=1647"},{"taxonomy":"product_tag","embeddable":true,"href":"https:\/\/mydrink.ee\/fi\/wp-json\/wp\/v2\/product_tag?post=1647"}],"curies":[{"name":"wp","href":"https:\/\/api.w.org\/{rel}","templated":true}]}}