{"id":1663,"date":"2014-01-03T23:38:52","date_gmt":"2014-01-03T21:38:52","guid":{"rendered":"https:\/\/mydrink.ee\/product\/espiritu-de-chile-wm-collection-sauvignon-blanc-12-13-75cl\/"},"modified":"2014-01-03T23:38:52","modified_gmt":"2014-01-03T21:38:52","slug":"espiritu-de-chile-wm-collection-sauvignon-blanc-12-13-75cl","status":"publish","type":"product","link":"https:\/\/mydrink.ee\/fi\/product\/espiritu-de-chile-wm-collection-sauvignon-blanc-12-13-75cl\/","title":{"rendered":"ESPIRITU DE CHILE WM COLLECTION SAUVIGNON BLANC`12 13% 75CL"},"content":{"rendered":"<p>Viinamarjad korjatakse k\u00e4sitsi m\u00e4rtsikuu esimeses pooles, varajastel hommikutundidel, marjad sorteeritakse, eemaldatakse varred ja toimub \u00f5rn pressimine. Alkoholi k\u00e4\u00e4rimine toimub madalal temperatuuril 11-13\u00b0C juures 18 p\u00e4eva.<br \/>\nVeinimeister: JonUsabiaga.<br \/>\nEspiritu de Chile veinid valmivad T\u0161iilis, Aresti veinim\u00f5isas.<br \/>\nAastal 1951 Aresti perekond, Don Vicente Aresti eestvedamisel alustas viinamarjaistanduste rajamist Curic\u00f2 orus. T\u00e4nap\u00e4eval valmivad Espiritu de Chile veinid ka uuemates ja jahedamates T\u0161iili veiniregioonides nagu Leyda org.<br \/>\nVeinimaja kasutab veinide valmistamisel peamiselt neid viinamarju, mis on korjatud oma viinamarja aedadest; nende omanduses on ligi 400 ha viinamarjaistandusi.<br \/>\nEspiritu de Chile Winemaker Collection veinisarja istandused paiknevad Leyda, Colchagua ja Maipo orus. <\/p>","protected":false},"excerpt":{"rendered":"<p>Liik: \tGeograafilise t\u00e4hisega vein<br \/>\nKastis: 6<br \/>\nMaht: 75CL<br \/>\nTootjamaa: T\u0161iili<br \/>\nPiirkond: DO LeydaValley<br \/>\nTootja: Aresti<br \/>\nViinamarjad: SauvignonBlanc 100%<br \/>\nJ\u00e4\u00e4ksuhkur 2,5g\/l.<br \/>\nV\u00e4rvus: helekollane, kirgas, roheka alatooniga.<br \/>\nAroom: v\u00e4rske, tunda rohelisi tsitruselisi, sparglit ja \u00fcrdiseidn\u00fcansse.<br \/>\nMaitse: v\u00e4rske, kerge, hea happesusega, mineraalne, tulvil roheliste tsitruseliste ja aedviljade n\u00fcansse, j\u00e4relmaitsekauakestev.<br \/>\nToidusoovitus: aperitiiv, pastatoidud, kala ja mereannid, kodulinnud ja pehmete pestud pinnaga juustude juurde.<br \/>\nServeerimistemp.: 7-8\u00b0C klassikalisest valge veini pokaalist.<\/p>","protected":false},"featured_media":1662,"template":"","meta":{"_acf_changed":false,"_kad_post_transparent":"","_kad_post_title":"","_kad_post_layout":"","_kad_post_sidebar_id":"","_kad_post_content_style":"","_kad_post_vertical_padding":"","_kad_post_feature":"","_kad_post_feature_position":"","_kad_post_header":false,"_kad_post_footer":false},"product_brand":[],"product_cat":[63,59,21,180],"product_tag":[],"class_list":{"0":"post-1663","1":"product","2":"type-product","3":"status-publish","4":"has-post-thumbnail","6":"product_cat-soodus-1-valged-veinid","7":"product_cat-tshiili","8":"product_cat-valged-veinid","9":"product_cat-veinid","11":"first","12":"outofstock","13":"taxable","14":"shipping-taxable","15":"purchasable","16":"product-type-simple","17":"entry","18":"content-bg","19":"loop-entry"},"acf":[],"_links":{"self":[{"href":"https:\/\/mydrink.ee\/fi\/wp-json\/wp\/v2\/product\/1663","targetHints":{"allow":["GET"]}}],"collection":[{"href":"https:\/\/mydrink.ee\/fi\/wp-json\/wp\/v2\/product"}],"about":[{"href":"https:\/\/mydrink.ee\/fi\/wp-json\/wp\/v2\/types\/product"}],"wp:featuredmedia":[{"embeddable":true,"href":"https:\/\/mydrink.ee\/fi\/wp-json\/wp\/v2\/media\/1662"}],"wp:attachment":[{"href":"https:\/\/mydrink.ee\/fi\/wp-json\/wp\/v2\/media?parent=1663"}],"wp:term":[{"taxonomy":"product_brand","embeddable":true,"href":"https:\/\/mydrink.ee\/fi\/wp-json\/wp\/v2\/product_brand?post=1663"},{"taxonomy":"product_cat","embeddable":true,"href":"https:\/\/mydrink.ee\/fi\/wp-json\/wp\/v2\/product_cat?post=1663"},{"taxonomy":"product_tag","embeddable":true,"href":"https:\/\/mydrink.ee\/fi\/wp-json\/wp\/v2\/product_tag?post=1663"}],"curies":[{"name":"wp","href":"https:\/\/api.w.org\/{rel}","templated":true}]}}