{"id":1672,"date":"2014-01-16T23:34:04","date_gmt":"2014-01-16T21:34:04","guid":{"rendered":"https:\/\/mydrink.ee\/product\/rovere-della-luna-lagrein-11-13-75cl\/"},"modified":"2014-01-16T23:34:04","modified_gmt":"2014-01-16T21:34:04","slug":"rovere-della-luna-lagrein-11-13-75cl","status":"publish","type":"product","link":"https:\/\/mydrink.ee\/fi\/product\/rovere-della-luna-lagrein-11-13-75cl\/","title":{"rendered":"ROVERE DELLA LUNA LAGREIN`11 13% 75CL"},"content":{"rendered":"<p>Korje aeg: Oktoobri esimesel dekaadil.<br \/>\n K\u00e4\u00e4ritamine: 8-12 p\u00e4eva terastankides kontrollitud temperatuuril 26-28 \u00b0C. Veini on laagerdatud 3 kuud Prantsuse tammevaadis.<\/p>","protected":false},"excerpt":{"rendered":"<p>Liik: Kaitstud p\u00e4ritolunimetusega vein<br \/>\nKastis:\t6<br \/>\nMaht: 75CL<br \/>\nAlkoholisisaldus: 13%<br \/>\nP\u00e4ritolumaa: Itaalia<br \/>\nPiirkond: Trentino<br \/>\nViinamarjasort: 100% Lagrein<br \/>\nV\u00e4rvus: S\u00fcgav rubiinpunane, violetse helgiga<br \/>\nAroom: Delikaatne aroom, milles segunevad lillelisus ning marjasus. Tunda on pohla, murakat ja k\u00fcpseid metskirsse.<br \/>\nMaitse:\t Pehmed tanniinid, keskmisest k\u00f5rgema happega, puuviljane ning marjane.<br \/>\nToidusoovitus: Punase lihaga, laagerdunud pehmete juustudega.<br \/>\nServeerimine:\tTemperatuuril 18-20\u00b0 C<\/p>","protected":false},"featured_media":1671,"template":"","meta":{"_acf_changed":false,"_kad_post_transparent":"","_kad_post_title":"","_kad_post_layout":"","_kad_post_sidebar_id":"","_kad_post_content_style":"","_kad_post_vertical_padding":"","_kad_post_feature":"","_kad_post_feature_position":"","_kad_post_header":false,"_kad_post_footer":false},"product_brand":[],"product_cat":[30,20,180],"product_tag":[],"class_list":{"0":"post-1672","1":"product","2":"type-product","3":"status-publish","4":"has-post-thumbnail","6":"product_cat-itaalia","7":"product_cat-punased-veinid","8":"product_cat-veinid","10":"first","11":"outofstock","12":"taxable","13":"shipping-taxable","14":"purchasable","15":"product-type-simple","16":"entry","17":"content-bg","18":"loop-entry"},"acf":[],"_links":{"self":[{"href":"https:\/\/mydrink.ee\/fi\/wp-json\/wp\/v2\/product\/1672","targetHints":{"allow":["GET"]}}],"collection":[{"href":"https:\/\/mydrink.ee\/fi\/wp-json\/wp\/v2\/product"}],"about":[{"href":"https:\/\/mydrink.ee\/fi\/wp-json\/wp\/v2\/types\/product"}],"wp:featuredmedia":[{"embeddable":true,"href":"https:\/\/mydrink.ee\/fi\/wp-json\/wp\/v2\/media\/1671"}],"wp:attachment":[{"href":"https:\/\/mydrink.ee\/fi\/wp-json\/wp\/v2\/media?parent=1672"}],"wp:term":[{"taxonomy":"product_brand","embeddable":true,"href":"https:\/\/mydrink.ee\/fi\/wp-json\/wp\/v2\/product_brand?post=1672"},{"taxonomy":"product_cat","embeddable":true,"href":"https:\/\/mydrink.ee\/fi\/wp-json\/wp\/v2\/product_cat?post=1672"},{"taxonomy":"product_tag","embeddable":true,"href":"https:\/\/mydrink.ee\/fi\/wp-json\/wp\/v2\/product_tag?post=1672"}],"curies":[{"name":"wp","href":"https:\/\/api.w.org\/{rel}","templated":true}]}}