{"id":1685,"date":"2014-01-24T13:25:44","date_gmt":"2014-01-24T11:25:44","guid":{"rendered":"https:\/\/mydrink.ee\/product\/metaxa-7-40-50cl-pet\/"},"modified":"2026-04-08T13:48:14","modified_gmt":"2026-04-08T10:48:14","slug":"metaxa-7-40-50cl-pet","status":"publish","type":"product","link":"https:\/\/mydrink.ee\/fi\/product\/metaxa-7-40-50cl-pet\/","title":{"rendered":"METAXA 7* 40% 50CL PET"},"content":{"rendered":"<p>Metaxa on rohkem kui lihtsalt br\u00e4ndi.<br \/>\n Metaxas sulanduvad kokku k\u00f5rgekvaliteedilised viinamarja destillaadid ja muskaatveinid koos roosi\u00f5itega ja salap\u00e4raste \u00fcrtidega.<br \/>\n Aastast 1880 tuntud Kreeka versioon br\u00e4ndist \u2013 Metaxa ehk Vahemere p\u00e4ike pudelis on \u00f5igupoolest pehme ja viimistletud maitsega kombinatsioon br\u00e4ndist ning veinist. Noore siidikaupmehe Spyros Metaxa katsetuste tulemusena s\u00fcndinud joogi erip\u00e4ra seisneb viinamarjasortide valikus ja br\u00e4ndi maitsestamisel kasutatavates lisandites nagu muskaatvein, maarohud ning roosi kroonlehed. <\/p>\n<p> Metaxa viinamarja destillaat valmistatakse Atika viinamarjadest. Viinamarjasorte on kolm \u2013 sabbatiano, soultanina ja black corinthian. Traditsiooniline laagerdumine Limousini p\u00e4ritolu tammevaatides kestab 3\u201330 aastat, s\u00f5ltuvalt Metaxa sordist. Segamise k\u00e4igus lisatakse br\u00e4ndile v\u00e4ike kogus suhkrukaramelli ning demineraliseeritud vett, pooleaastase j\u00e4rellaagerdamise eel ka intensiivse l\u00f5hnaga muskaatvein ja \u00fclej\u00e4\u00e4nud \u00fcrdid. Enne l\u00f5plikku villimist jahutatakse jook kuni \u20136 \u00b0C ning filtreeritakse. <\/p>\n<p> Metaxa sobib oma maheda ja magusa maitse t\u00f5ttu nii meestele kui naistele ja on nauditav puhtalt, j\u00e4\u00e4ga v\u00f5i erinevates kokteilides. <\/p>\n<p> Metaxa vanust loetakse t\u00e4rnidega, erandiks on vaid auv\u00e4\u00e4rseimad luksustooted, mille puhul kasutatakse s\u00f5nalist kirjeldust:<br \/>\n 3* laagerdunud v\u00e4hemalt 3 a.<br \/>\n 5* laagerdunud v\u00e4hemalt 5 a.<br \/>\n 7* laagerdunud v\u00e4hemalt 7 a.<br \/>\n Private Reserve laagerdunud v\u00e4hemalt 20 a. <\/p>\n<p> Metaxa on \u00fcks globaalselt kiiremini kasvavaid br\u00e4nde.<\/p>","protected":false},"excerpt":{"rendered":"<p>Liik:\tKange alkohol, Br\u00e4ndi<br \/>\nKastis:\t24<br \/>\nMaht:\t50CL<br \/>\nAlkoholisisaldus:\t40%<br \/>\nP\u00e4ritolumaa:\tKreeka<\/p>","protected":false},"featured_media":1684,"template":"","meta":{"_acf_changed":false,"_kadence_starter_templates_imported_post":false,"_kad_post_transparent":"","_kad_post_title":"","_kad_post_layout":"","_kad_post_sidebar_id":"","_kad_post_content_style":"","_kad_post_vertical_padding":"","_kad_post_feature":"","_kad_post_feature_position":"","_kad_post_header":false,"_kad_post_footer":false},"product_brand":[],"product_cat":[26,95],"product_tag":[],"class_list":{"0":"post-1685","1":"product","2":"type-product","3":"status-publish","4":"has-post-thumbnail","6":"product_cat-kange-alkohol","7":"product_cat-metaxa","9":"first","10":"instock","11":"taxable","12":"shipping-taxable","13":"purchasable","14":"product-type-simple","15":"entry","16":"content-bg","17":"loop-entry"},"acf":[],"_links":{"self":[{"href":"https:\/\/mydrink.ee\/fi\/wp-json\/wp\/v2\/product\/1685","targetHints":{"allow":["GET"]}}],"collection":[{"href":"https:\/\/mydrink.ee\/fi\/wp-json\/wp\/v2\/product"}],"about":[{"href":"https:\/\/mydrink.ee\/fi\/wp-json\/wp\/v2\/types\/product"}],"wp:featuredmedia":[{"embeddable":true,"href":"https:\/\/mydrink.ee\/fi\/wp-json\/wp\/v2\/media\/1684"}],"wp:attachment":[{"href":"https:\/\/mydrink.ee\/fi\/wp-json\/wp\/v2\/media?parent=1685"}],"wp:term":[{"taxonomy":"product_brand","embeddable":true,"href":"https:\/\/mydrink.ee\/fi\/wp-json\/wp\/v2\/product_brand?post=1685"},{"taxonomy":"product_cat","embeddable":true,"href":"https:\/\/mydrink.ee\/fi\/wp-json\/wp\/v2\/product_cat?post=1685"},{"taxonomy":"product_tag","embeddable":true,"href":"https:\/\/mydrink.ee\/fi\/wp-json\/wp\/v2\/product_tag?post=1685"}],"curies":[{"name":"wp","href":"https:\/\/api.w.org\/{rel}","templated":true}]}}