{"id":1705,"date":"2014-01-24T11:26:39","date_gmt":"2014-01-24T09:26:39","guid":{"rendered":"https:\/\/mydrink.ee\/product\/hartwall-original-long-drink-cranberry-5-5-33cl-x-24\/"},"modified":"2026-03-23T15:31:26","modified_gmt":"2026-03-23T13:31:26","slug":"hartwall-original-long-drink-cranberry-5-5-33cl-x-24","status":"publish","type":"product","link":"https:\/\/mydrink.ee\/fi\/product\/hartwall-original-long-drink-cranberry-5-5-33cl-x-24\/","title":{"rendered":"Hartwall Original Long Drink Cranberry 5,5% 33CL x 24"},"content":{"rendered":"<p>Hartwall Original Long Drink on ainuke ehtsast dzinnist tehtud longero<br \/>\n ja n\u00fc\u00fcd saadaval ka j\u00f5hvikamaitselisena.<\/p>\n\n<style>.wp-block-kadence-advancedheading.kt-adv-heading1705_828aff-04_0, .wp-block-kadence-advancedheading.kt-adv-heading1705_828aff-04_0[data-kb-block=\"kb-adv-heading1705_828aff-04_0\"]{font-style:normal;}.wp-block-kadence-advancedheading.kt-adv-heading1705_828aff-04_0 mark.kt-highlight, .wp-block-kadence-advancedheading.kt-adv-heading1705_828aff-04_0[data-kb-block=\"kb-adv-heading1705_828aff-04_0\"] mark.kt-highlight{font-style:normal;color:#f76a0c;-webkit-box-decoration-break:clone;box-decoration-break:clone;padding-top:0px;padding-right:0px;padding-bottom:0px;padding-left:0px;}<\/style>\n<h4 class=\"kt-adv-heading1705_828aff-04_0 wp-block-kadence-advancedheading has-theme-palette-9-color has-text-color\" data-kb-block=\"kb-adv-heading1705_828aff-04_0\">long drink<\/h4>","protected":false},"excerpt":{"rendered":"<p>Liik:\u00a0\u00a0\u00a0 Long Drink<br \/>\nKastis:\u00a0\u00a0\u00a0 24<br \/>\nMaht:\u00a0\u00a0\u00a0 7,92L<br \/>\nAlkoholisisaldus:\u00a0\u00a0\u00a0 5,5%<br \/>\nP\u00e4ritolumaa:\u00a0\u00a0\u00a0 Soome<br \/>\nServeerimine:\u00a0\u00a0\u00a0 Jahutatult<\/p>","protected":false},"featured_media":1703,"template":"","meta":{"_acf_changed":false,"_kadence_starter_templates_imported_post":false,"_kad_post_transparent":"","_kad_post_title":"","_kad_post_layout":"","_kad_post_sidebar_id":"","_kad_post_content_style":"","_kad_post_vertical_padding":"","_kad_post_feature":"","_kad_post_feature_position":"","_kad_post_header":false,"_kad_post_footer":false},"product_brand":[],"product_cat":[90,256,232,110,25,91],"product_tag":[272],"class_list":{"0":"post-1705","1":"product","2":"type-product","3":"status-publish","4":"has-post-thumbnail","6":"product_cat-long-drink","7":"product_cat-lahja-alkohol","8":"product_cat-pandipakend","9":"product_cat-pakkumised","10":"product_cat-olu-siider-long-drink","11":"product_cat-ohooo","12":"product_tag-htw33ale","14":"first","15":"instock","16":"sale","17":"taxable","18":"shipping-taxable","19":"purchasable","20":"product-type-simple","21":"entry","22":"content-bg","23":"loop-entry"},"acf":[],"_links":{"self":[{"href":"https:\/\/mydrink.ee\/fi\/wp-json\/wp\/v2\/product\/1705","targetHints":{"allow":["GET"]}}],"collection":[{"href":"https:\/\/mydrink.ee\/fi\/wp-json\/wp\/v2\/product"}],"about":[{"href":"https:\/\/mydrink.ee\/fi\/wp-json\/wp\/v2\/types\/product"}],"wp:featuredmedia":[{"embeddable":true,"href":"https:\/\/mydrink.ee\/fi\/wp-json\/wp\/v2\/media\/1703"}],"wp:attachment":[{"href":"https:\/\/mydrink.ee\/fi\/wp-json\/wp\/v2\/media?parent=1705"}],"wp:term":[{"taxonomy":"product_brand","embeddable":true,"href":"https:\/\/mydrink.ee\/fi\/wp-json\/wp\/v2\/product_brand?post=1705"},{"taxonomy":"product_cat","embeddable":true,"href":"https:\/\/mydrink.ee\/fi\/wp-json\/wp\/v2\/product_cat?post=1705"},{"taxonomy":"product_tag","embeddable":true,"href":"https:\/\/mydrink.ee\/fi\/wp-json\/wp\/v2\/product_tag?post=1705"}],"curies":[{"name":"wp","href":"https:\/\/api.w.org\/{rel}","templated":true}]}}