{"id":1828,"date":"2014-02-18T23:37:10","date_gmt":"2014-02-18T21:37:10","guid":{"rendered":"https:\/\/mydrink.ee\/product\/tabanico-cabernet-sauvignon-tempranillo-14-300cl-bib\/"},"modified":"2025-09-09T03:03:47","modified_gmt":"2025-09-09T00:03:47","slug":"tabanico-cabernet-sauvignon-tempranillo-14-300cl-bib","status":"publish","type":"product","link":"https:\/\/mydrink.ee\/fi\/product\/tabanico-cabernet-sauvignon-tempranillo-14-300cl-bib\/","title":{"rendered":"TABANICO CABERNET SAUVIGNON TEMPRANILLO 14% 300CL BIB"},"content":{"rendered":"","protected":false},"excerpt":{"rendered":"<p>Liik: Kaitstud geograafilise t\u00e4hisega vein<br \/>\nKastis: 1<br \/>\nMaht: 300CL<br \/>\nAlkoholisisaldus: 14%<br \/>\nP\u00e4ritolumaa: Hispaania<br \/>\nViinamarjasort: Cabernet Sauvignon, Tempranillo, Merlot ja Syrah<br \/>\nV\u00e4rvus: S\u00fcgavpunane<br \/>\nAroom: K\u00fcps virsik, ploom ja aprikoos.<br \/>\nMaitse: K\u00fcpsed marjad, v\u00e4rskendava happesusega harmooniline ja p\u00f5nev vein.<br \/>\nToidusoovitus: Ideaalne partner juustude, lihatoitude ja v\u00fcrtsikate hautistega.<\/p>","protected":false},"featured_media":1827,"template":"","meta":{"_acf_changed":false,"_kadence_starter_templates_imported_post":false,"_kad_post_transparent":"","_kad_post_title":"","_kad_post_layout":"","_kad_post_sidebar_id":"","_kad_post_content_style":"","_kad_post_vertical_padding":"","_kad_post_feature":"","_kad_post_feature_position":"","_kad_post_header":false,"_kad_post_footer":false},"product_brand":[],"product_cat":[20,182,29,119],"product_tag":[],"class_list":{"0":"post-1828","1":"product","2":"type-product","3":"status-publish","4":"has-post-thumbnail","6":"product_cat-punased-veinid","7":"product_cat-pakiveinid-1-veinid","8":"product_cat-hispaania","9":"product_cat-pakiveinid","11":"first","12":"outofstock","13":"taxable","14":"shipping-taxable","15":"purchasable","16":"product-type-simple","17":"entry","18":"content-bg","19":"loop-entry"},"acf":[],"_links":{"self":[{"href":"https:\/\/mydrink.ee\/fi\/wp-json\/wp\/v2\/product\/1828","targetHints":{"allow":["GET"]}}],"collection":[{"href":"https:\/\/mydrink.ee\/fi\/wp-json\/wp\/v2\/product"}],"about":[{"href":"https:\/\/mydrink.ee\/fi\/wp-json\/wp\/v2\/types\/product"}],"wp:featuredmedia":[{"embeddable":true,"href":"https:\/\/mydrink.ee\/fi\/wp-json\/wp\/v2\/media\/1827"}],"wp:attachment":[{"href":"https:\/\/mydrink.ee\/fi\/wp-json\/wp\/v2\/media?parent=1828"}],"wp:term":[{"taxonomy":"product_brand","embeddable":true,"href":"https:\/\/mydrink.ee\/fi\/wp-json\/wp\/v2\/product_brand?post=1828"},{"taxonomy":"product_cat","embeddable":true,"href":"https:\/\/mydrink.ee\/fi\/wp-json\/wp\/v2\/product_cat?post=1828"},{"taxonomy":"product_tag","embeddable":true,"href":"https:\/\/mydrink.ee\/fi\/wp-json\/wp\/v2\/product_tag?post=1828"}],"curies":[{"name":"wp","href":"https:\/\/api.w.org\/{rel}","templated":true}]}}