{"id":1858,"date":"2014-03-26T23:39:59","date_gmt":"2014-03-26T21:39:59","guid":{"rendered":"https:\/\/mydrink.ee\/product\/glendronach-single-cask1989-5475-51-6-70cl\/"},"modified":"2014-03-26T23:39:59","modified_gmt":"2014-03-26T21:39:59","slug":"glendronach-single-cask1989-5475-51-6-70cl","status":"publish","type":"product","link":"https:\/\/mydrink.ee\/fi\/product\/glendronach-single-cask1989-5475-51-6-70cl\/","title":{"rendered":"GLENDRONACH SINGLE CASK1989\/5475 51,6% 70CL"},"content":{"rendered":"<p>Glendronachi viskivabrik asub Aberdeenshire&#8217;is Forgue&#8217;s voolava Fronaci oja l\u00e4hedal. Vabriku ehitas 1862. aastal kohaliku maaomaniku poeg James Allardyce. Viskist pidas v\u00e4ga lugu Gordoni hertsog, Briti lordidekoja liige, ja osalt selle t\u00f5ttu s\u00fcndis aastal 1823 seadus, mis pani paika viskivabrikute litsenseerimise ja v\u00e4hendas maksustamist. 1960.aastal ostis Glendronachi viskivabriku firma William Teacher &#038; Sons, kes mitemekordistas tootmist, kuid s\u00e4ilitas traditsioonilise tootmisviisi. Firmas kasutatakse vanamoelisi idandamiskodasid, suur osa otra kasvatatakse kohapeal, kuivatusahju kuumutatakse turbatulega. Vett saadakse Dronac Burn&#8217;i allikast. Destilleerimiseks kasutatakse vanu, XIX sajandist p\u00e4rit kivis\u00f5ega k\u00f6etavaid vaskpadasid. Ka valmiv viski k\u00fcpseb viskivabriku juures. Vaatideks kasutatakse ainult \u0161errivaate, mist\u00f5ttu ka valminud viski v\u00e4rvus on punaka varjundiga s\u00fcgavalt merevaikkollane. Glendronach on nauditavalt vanamoeline, kus aeg oleks nagu seisma j\u00e4\u00e4nud &#8211; \u00f5hus ning tootmises on ajatut rahulolu. Vanade, XIX sajandi algusest p\u00e4rit hoonete \u00fcmber on munakivisillutisega \u00f5u, kus on ka p\u00fcsielanikest k\u00fcnnivaresed. Legendi j\u00e4rgi l\u00e4heb firmal h\u00e4sti, kuni \u00f5ues on k\u00fcnnivaresed &#8211; varasematel aegadel hoiatasid linnud viskivalmistajaid, kui vabrikule l\u00e4henes maksuametnikke.<\/p>","protected":false},"excerpt":{"rendered":"<p>Liik: Kange alkohol, Viski<br \/>&nbsp;Maht: 70CL<br \/>&nbsp;Alkoholisisaldus: 51,6%<br \/>&nbsp;P&auml;ritolumaa: &Scaron;otimaa<br \/>V&auml;rvus: S&uuml;gavkuldne pronks.&nbsp;<br \/>Aroom: orkester t&auml;ies hoos &#8211; sarapuup&auml;hklid, rosinad ja tume &scaron;okolaad &#8211; k&otilde;ik t&auml;iuslikus harmoonias.&nbsp;<br \/>Maitse: Vapustav kombinatsioon &scaron;okolaadist, apelsinist, p&auml;hklitest ja v&uuml;rtsidest, millele j&auml;rgneb laviin mett ja Demerara suhkrut.<\/p>\n<p><span style=\"color: #ff0000;\">Eestile eraldatud kogus: 6<\/span><\/p>","protected":false},"featured_media":1857,"template":"","meta":{"_acf_changed":false,"_kadence_starter_templates_imported_post":false,"_kad_post_transparent":"","_kad_post_title":"","_kad_post_layout":"","_kad_post_sidebar_id":"","_kad_post_content_style":"","_kad_post_vertical_padding":"","_kad_post_feature":"","_kad_post_feature_position":"","_kad_post_header":false,"_kad_post_footer":false},"product_brand":[],"product_cat":[111,45,26,22],"product_tag":[],"class_list":{"0":"post-1858","1":"product","2":"type-product","3":"status-publish","4":"has-post-thumbnail","6":"product_cat-viski-1","7":"product_cat-viski","8":"product_cat-kange-alkohol","9":"product_cat-kingiideed","11":"first","12":"outofstock","13":"taxable","14":"shipping-taxable","15":"purchasable","16":"product-type-simple","17":"entry","18":"content-bg","19":"loop-entry"},"acf":[],"_links":{"self":[{"href":"https:\/\/mydrink.ee\/fi\/wp-json\/wp\/v2\/product\/1858","targetHints":{"allow":["GET"]}}],"collection":[{"href":"https:\/\/mydrink.ee\/fi\/wp-json\/wp\/v2\/product"}],"about":[{"href":"https:\/\/mydrink.ee\/fi\/wp-json\/wp\/v2\/types\/product"}],"wp:featuredmedia":[{"embeddable":true,"href":"https:\/\/mydrink.ee\/fi\/wp-json\/wp\/v2\/media\/1857"}],"wp:attachment":[{"href":"https:\/\/mydrink.ee\/fi\/wp-json\/wp\/v2\/media?parent=1858"}],"wp:term":[{"taxonomy":"product_brand","embeddable":true,"href":"https:\/\/mydrink.ee\/fi\/wp-json\/wp\/v2\/product_brand?post=1858"},{"taxonomy":"product_cat","embeddable":true,"href":"https:\/\/mydrink.ee\/fi\/wp-json\/wp\/v2\/product_cat?post=1858"},{"taxonomy":"product_tag","embeddable":true,"href":"https:\/\/mydrink.ee\/fi\/wp-json\/wp\/v2\/product_tag?post=1858"}],"curies":[{"name":"wp","href":"https:\/\/api.w.org\/{rel}","templated":true}]}}