{"id":1888,"date":"2014-04-17T22:39:36","date_gmt":"2014-04-17T19:39:36","guid":{"rendered":"https:\/\/mydrink.ee\/product\/pfaff-cremant-blanc-de-blancs-12-75cl\/"},"modified":"2026-04-09T14:57:37","modified_gmt":"2026-04-09T11:57:37","slug":"pfaff-cremant-blanc-de-blancs-12-75cl","status":"publish","type":"product","link":"https:\/\/mydrink.ee\/fi\/product\/pfaff-cremant-blanc-de-blancs-12-75cl\/","title":{"rendered":"PFAFF CREMANT BLANC DE BLANCS 12% 75CL"},"content":{"rendered":"<p>S\u00e4ilitamispotentsiaal: 2-3 aastat<br \/>\n Reeglid, mis kehtivad Cremant d`Alsace`i tootmise kohta on sama ranged kui Champagne`is vahuveini valmistamiseks. Laagerdumine 30 kuud. Seaduse j\u00e4rgi piisaks Cremant`ile ka 9 kuust.<\/p>\n\n<style>.wp-block-kadence-advancedheading.kt-adv-heading1888_c379bb-9a, .wp-block-kadence-advancedheading.kt-adv-heading1888_c379bb-9a[data-kb-block=\"kb-adv-heading1888_c379bb-9a\"]{font-style:normal;}.wp-block-kadence-advancedheading.kt-adv-heading1888_c379bb-9a mark.kt-highlight, .wp-block-kadence-advancedheading.kt-adv-heading1888_c379bb-9a[data-kb-block=\"kb-adv-heading1888_c379bb-9a\"] mark.kt-highlight{font-style:normal;color:#f76a0c;-webkit-box-decoration-break:clone;box-decoration-break:clone;padding-top:0px;padding-right:0px;padding-bottom:0px;padding-left:0px;}<\/style>\n<p class=\"kt-adv-heading1888_c379bb-9a wp-block-kadence-advancedheading\" data-kb-block=\"kb-adv-heading1888_c379bb-9a\"><\/p>","protected":false},"excerpt":{"rendered":"<p>Liik: \u0160ampanjad ja vahuveinid, Vahuvein<br \/>\nKastis: 6<br \/>\nMaht: 75CL<br \/>\nAlkoholisisaldus: 12%<br \/>\nP\u00e4ritolumaa: Prantsusmaa<br \/>\nPiirkond: Alsace<br \/>\nViinamarjasort: Pinot Blanc 80%, Pinot Auxerrois 20%<br \/>\nAroom: Arenenud, ilmekalt on tunda virsikut ja kollast ploomi. Elegantne ja siidine nagu v\u00e4\u00e4rikale Cremant`ile kohane<br \/>\nMaitse: V\u00e4rske ja s\u00e4rtsakas, rikkalik ja \u00f5line koos k\u00fcpsete puuvilja toonidega<br \/>\nToidusoovitus: Aperatiivina, iseseisvalt tarbimiseks, ideaalne koos mereandide, kaaviari, homaariga.<br \/>\nServeerimine: 7-8 C<\/p>","protected":false},"featured_media":1887,"template":"","meta":{"_acf_changed":false,"_kadence_starter_templates_imported_post":false,"_kad_post_transparent":"","_kad_post_title":"","_kad_post_layout":"","_kad_post_sidebar_id":"","_kad_post_content_style":"","_kad_post_vertical_padding":"","_kad_post_feature":"","_kad_post_feature_position":"","_kad_post_header":false,"_kad_post_footer":false},"product_brand":[],"product_cat":[123,24,80],"product_tag":[],"class_list":{"0":"post-1888","1":"product","2":"type-product","3":"status-publish","4":"has-post-thumbnail","6":"product_cat-vahuveinid-1","7":"product_cat-vahuveinid","8":"product_cat-prantsuse-1-2","10":"first","11":"instock","12":"taxable","13":"shipping-taxable","14":"purchasable","15":"product-type-simple","16":"entry","17":"content-bg","18":"loop-entry"},"acf":[],"_links":{"self":[{"href":"https:\/\/mydrink.ee\/fi\/wp-json\/wp\/v2\/product\/1888","targetHints":{"allow":["GET"]}}],"collection":[{"href":"https:\/\/mydrink.ee\/fi\/wp-json\/wp\/v2\/product"}],"about":[{"href":"https:\/\/mydrink.ee\/fi\/wp-json\/wp\/v2\/types\/product"}],"wp:featuredmedia":[{"embeddable":true,"href":"https:\/\/mydrink.ee\/fi\/wp-json\/wp\/v2\/media\/1887"}],"wp:attachment":[{"href":"https:\/\/mydrink.ee\/fi\/wp-json\/wp\/v2\/media?parent=1888"}],"wp:term":[{"taxonomy":"product_brand","embeddable":true,"href":"https:\/\/mydrink.ee\/fi\/wp-json\/wp\/v2\/product_brand?post=1888"},{"taxonomy":"product_cat","embeddable":true,"href":"https:\/\/mydrink.ee\/fi\/wp-json\/wp\/v2\/product_cat?post=1888"},{"taxonomy":"product_tag","embeddable":true,"href":"https:\/\/mydrink.ee\/fi\/wp-json\/wp\/v2\/product_tag?post=1888"}],"curies":[{"name":"wp","href":"https:\/\/api.w.org\/{rel}","templated":true}]}}