{"id":1892,"date":"2014-04-17T22:44:35","date_gmt":"2014-04-17T19:44:35","guid":{"rendered":"https:\/\/mydrink.ee\/product\/pfaff-gewurztraminer-13-5-75cl\/"},"modified":"2014-04-17T22:44:35","modified_gmt":"2014-04-17T19:44:35","slug":"pfaff-gewurztraminer-13-5-75cl","status":"publish","type":"product","link":"https:\/\/mydrink.ee\/fi\/product\/pfaff-gewurztraminer-13-5-75cl\/","title":{"rendered":"PFAFF GEWURZTRAMINER 13,5% 75CL"},"content":{"rendered":"","protected":false},"excerpt":{"rendered":"<p>Liik:\tKaitstud p\u00e4ritolunimetusega vein<br \/>\nKastis:\t12<br \/>\nMaht:\t75CL<br \/>\nAlkoholisisaldus:\t13,5%<br \/>\nP\u00e4ritolumaa:\tPrantsusmaa<br \/>\nPiirkond:\tAlsace<br \/>\nViinamarjasort:\tGewurtztraminer<br \/>\nAroom:\tElegantne aroom, rikkalik, mesine<br \/>\nMaitse:\tT\u00e4idlane, v\u00fcrtsine, kombineeruvad mesi ja apelsin, pehme, tasakaalus hape ja sametine tekstuur<br \/>\nToidusoovitus:\tAlsace p\u00e4rased toidud, aasia k\u00f6\u00f6k ja v\u00fcrtsikad toidud, tugevad prantsuse juustud, hapukapsas ja seapraad. T\u00e4nu mesisele n\u00fcansile sobib ka kookide, pirukate jm. magustoiduga.<\/p>","protected":false},"featured_media":1891,"template":"","meta":{"_acf_changed":false,"_kadence_starter_templates_imported_post":false,"_kad_post_transparent":"","_kad_post_title":"","_kad_post_layout":"","_kad_post_sidebar_id":"","_kad_post_content_style":"","_kad_post_vertical_padding":"","_kad_post_feature":"","_kad_post_feature_position":"","_kad_post_header":false,"_kad_post_footer":false},"product_brand":[],"product_cat":[21,180,57],"product_tag":[],"class_list":{"0":"post-1892","1":"product","2":"type-product","3":"status-publish","4":"has-post-thumbnail","6":"product_cat-valged-veinid","7":"product_cat-veinid","8":"product_cat-prantsuse-1","10":"first","11":"instock","12":"taxable","13":"shipping-taxable","14":"purchasable","15":"product-type-simple","16":"entry","17":"content-bg","18":"loop-entry"},"acf":[],"_links":{"self":[{"href":"https:\/\/mydrink.ee\/fi\/wp-json\/wp\/v2\/product\/1892","targetHints":{"allow":["GET"]}}],"collection":[{"href":"https:\/\/mydrink.ee\/fi\/wp-json\/wp\/v2\/product"}],"about":[{"href":"https:\/\/mydrink.ee\/fi\/wp-json\/wp\/v2\/types\/product"}],"wp:featuredmedia":[{"embeddable":true,"href":"https:\/\/mydrink.ee\/fi\/wp-json\/wp\/v2\/media\/1891"}],"wp:attachment":[{"href":"https:\/\/mydrink.ee\/fi\/wp-json\/wp\/v2\/media?parent=1892"}],"wp:term":[{"taxonomy":"product_brand","embeddable":true,"href":"https:\/\/mydrink.ee\/fi\/wp-json\/wp\/v2\/product_brand?post=1892"},{"taxonomy":"product_cat","embeddable":true,"href":"https:\/\/mydrink.ee\/fi\/wp-json\/wp\/v2\/product_cat?post=1892"},{"taxonomy":"product_tag","embeddable":true,"href":"https:\/\/mydrink.ee\/fi\/wp-json\/wp\/v2\/product_tag?post=1892"}],"curies":[{"name":"wp","href":"https:\/\/api.w.org\/{rel}","templated":true}]}}