{"id":1896,"date":"2014-04-17T22:44:38","date_gmt":"2014-04-17T19:44:38","guid":{"rendered":"https:\/\/mydrink.ee\/product\/pfaff-pinot-gris-13-5-75cl\/"},"modified":"2014-04-17T22:44:38","modified_gmt":"2014-04-17T19:44:38","slug":"pfaff-pinot-gris-13-5-75cl","status":"publish","type":"product","link":"https:\/\/mydrink.ee\/fi\/product\/pfaff-pinot-gris-13-5-75cl\/","title":{"rendered":"PFAFF PINOT GRIS 13,5% 75CL"},"content":{"rendered":"","protected":false},"excerpt":{"rendered":"<p>Liik:\tKaitstud p\u00e4ritolunimetusega vein<br \/>\nKastis:\t6<br \/>\nMaht:\t75CL<br \/>\nAlkoholisisaldus:\t13,5%<br \/>\nP\u00e4ritolumaa:\tPrantsusmaa<br \/>\nPiirkond:\tAlsace<br \/>\nViinamarjasort:\tPinot Gris<br \/>\nAroom:\tPuhas ja puuviljane koos suitsuse aroomsuse ja rikkusega<br \/>\nMaitse:\tKompleksne, v\u00e4ga heas tasakaalus, suitsususe ja hapesuse tasakaal, v\u00e4rske. L\u00f5ppmaitse puuviljane ja suitsune.<br \/>\nToidusoovitus:\tHea punase veini asendaja. Sobib k\u00fclma loomaliha, grill-liha, ulukiliha ja kanaga. Ideaalselt sekundeerib suitsukala ja homaaride k\u00f5rval.<br \/>\nServeerimine:\t10-12 C<\/p>","protected":false},"featured_media":1895,"template":"","meta":{"_acf_changed":false,"_kadence_starter_templates_imported_post":false,"_kad_post_transparent":"","_kad_post_title":"","_kad_post_layout":"","_kad_post_sidebar_id":"","_kad_post_content_style":"","_kad_post_vertical_padding":"","_kad_post_feature":"","_kad_post_feature_position":"","_kad_post_header":false,"_kad_post_footer":false},"product_brand":[],"product_cat":[21,180,57],"product_tag":[],"class_list":{"0":"post-1896","1":"product","2":"type-product","3":"status-publish","4":"has-post-thumbnail","6":"product_cat-valged-veinid","7":"product_cat-veinid","8":"product_cat-prantsuse-1","10":"first","11":"instock","12":"taxable","13":"shipping-taxable","14":"purchasable","15":"product-type-simple","16":"entry","17":"content-bg","18":"loop-entry"},"acf":[],"_links":{"self":[{"href":"https:\/\/mydrink.ee\/fi\/wp-json\/wp\/v2\/product\/1896","targetHints":{"allow":["GET"]}}],"collection":[{"href":"https:\/\/mydrink.ee\/fi\/wp-json\/wp\/v2\/product"}],"about":[{"href":"https:\/\/mydrink.ee\/fi\/wp-json\/wp\/v2\/types\/product"}],"wp:featuredmedia":[{"embeddable":true,"href":"https:\/\/mydrink.ee\/fi\/wp-json\/wp\/v2\/media\/1895"}],"wp:attachment":[{"href":"https:\/\/mydrink.ee\/fi\/wp-json\/wp\/v2\/media?parent=1896"}],"wp:term":[{"taxonomy":"product_brand","embeddable":true,"href":"https:\/\/mydrink.ee\/fi\/wp-json\/wp\/v2\/product_brand?post=1896"},{"taxonomy":"product_cat","embeddable":true,"href":"https:\/\/mydrink.ee\/fi\/wp-json\/wp\/v2\/product_cat?post=1896"},{"taxonomy":"product_tag","embeddable":true,"href":"https:\/\/mydrink.ee\/fi\/wp-json\/wp\/v2\/product_tag?post=1896"}],"curies":[{"name":"wp","href":"https:\/\/api.w.org\/{rel}","templated":true}]}}