{"id":1946,"date":"2014-04-26T01:33:18","date_gmt":"2014-04-25T22:33:18","guid":{"rendered":"https:\/\/mydrink.ee\/product\/wenneker-triple-sec-40-50cl\/"},"modified":"2025-11-21T13:17:43","modified_gmt":"2025-11-21T11:17:43","slug":"wenneker-triple-sec-40-50cl","status":"publish","type":"product","link":"https:\/\/mydrink.ee\/fi\/product\/wenneker-triple-sec-40-50cl\/","title":{"rendered":"WENNEKER TRIPLE SEC 40% 50CL"},"content":{"rendered":"<p>Aastal 1693 loodud Hollandi perefirma Wenneker lik\u00f6\u00f6risarja kuulub \u00fcle 40 erineva lik\u00f6\u00f6ri. Pikkade tootmistraditsioonidega alkoholitootjana on t\u00e4nap\u00e4eval Wennekeri tootevalikus lik\u00f6\u00f6rid, geneverid, d\u017einnid, viinad ja rummid. Wenneker on k\u00f5rgelt hinnatud lik\u00f6\u00f6risari, mis on The Spirits Business jookide hindamistel v\u00f5itnud palju auhindu. Lik\u00f6\u00f6risari on v\u00e4lja t\u00f6\u00f6tatud koos baarmenitega, et lik\u00f6\u00f6ride maitsed ja ka pudeli kuju oleks hea kasutusmugavusega.<\/p>","protected":false},"excerpt":{"rendered":"<p>Liik: Kange alkohol, Lik\u00f6\u00f6r<br \/>\nKastis: 6<br \/>\nMaht: 70CL<br \/>\nAlkoholisisaldus: 40%<br \/>\nP\u00e4ritolumaa: Holland<\/p>","protected":false},"featured_media":1945,"template":"","meta":{"_acf_changed":false,"_kadence_starter_templates_imported_post":false,"_kad_post_transparent":"","_kad_post_title":"","_kad_post_layout":"","_kad_post_sidebar_id":"","_kad_post_content_style":"","_kad_post_vertical_padding":"","_kad_post_feature":"","_kad_post_feature_position":"","_kad_post_header":false,"_kad_post_footer":false},"product_brand":[],"product_cat":[43,26],"product_tag":[],"class_list":{"0":"post-1946","1":"product","2":"type-product","3":"status-publish","4":"has-post-thumbnail","6":"product_cat-likoor","7":"product_cat-kange-alkohol","9":"first","10":"instock","11":"taxable","12":"shipping-taxable","13":"purchasable","14":"product-type-simple","15":"entry","16":"content-bg","17":"loop-entry"},"acf":[],"_links":{"self":[{"href":"https:\/\/mydrink.ee\/fi\/wp-json\/wp\/v2\/product\/1946","targetHints":{"allow":["GET"]}}],"collection":[{"href":"https:\/\/mydrink.ee\/fi\/wp-json\/wp\/v2\/product"}],"about":[{"href":"https:\/\/mydrink.ee\/fi\/wp-json\/wp\/v2\/types\/product"}],"wp:featuredmedia":[{"embeddable":true,"href":"https:\/\/mydrink.ee\/fi\/wp-json\/wp\/v2\/media\/1945"}],"wp:attachment":[{"href":"https:\/\/mydrink.ee\/fi\/wp-json\/wp\/v2\/media?parent=1946"}],"wp:term":[{"taxonomy":"product_brand","embeddable":true,"href":"https:\/\/mydrink.ee\/fi\/wp-json\/wp\/v2\/product_brand?post=1946"},{"taxonomy":"product_cat","embeddable":true,"href":"https:\/\/mydrink.ee\/fi\/wp-json\/wp\/v2\/product_cat?post=1946"},{"taxonomy":"product_tag","embeddable":true,"href":"https:\/\/mydrink.ee\/fi\/wp-json\/wp\/v2\/product_tag?post=1946"}],"curies":[{"name":"wp","href":"https:\/\/api.w.org\/{rel}","templated":true}]}}