{"id":1979,"date":"2014-05-22T22:36:21","date_gmt":"2014-05-22T19:36:21","guid":{"rendered":"https:\/\/mydrink.ee\/product\/out-of-africa-pinotage-shiraz-organic-bib-12-12-300cl\/"},"modified":"2014-05-22T22:36:21","modified_gmt":"2014-05-22T19:36:21","slug":"out-of-africa-pinotage-shiraz-organic-bib-12-12-300cl","status":"publish","type":"product","link":"https:\/\/mydrink.ee\/fi\/product\/out-of-africa-pinotage-shiraz-organic-bib-12-12-300cl\/","title":{"rendered":"OUT OF AFRICA PINOTAGE-SHIRAZ ORGANIC BIB`12 12% 300CL"},"content":{"rendered":"<p>Orgaaniliselt kasvatatud.<br \/> Ligikaudu 75-l hektaril kasvatakse viinamarju orgaaniliselt. Enimkasvatatud viinamarjasortideks on Cabernet Sauvignon 12 ha, Pinotage 10 ha, Merlot 8 ha, Shiraz 7 ha, Chardonnay 7 ha, Sauvignon Blanc 6 ha. \u00dchelt hektarilt valmib umbes 4 500 liitrit veini. <br \/>K\u00f5ik orgaanilised veinid valmistatakse terastankides kontrollitud temperatuuril.<\/p>\n<p>Valmistamine: Viinamarjade korje toimub tavaliselt veebruari keskpaigas ning seda tehakse alati k\u00e4sitsi. Viinamarjad on \u00f5rnalt pressitud, mitte purustatud. K\u00e4\u00e4ritamine toimub terastankides 26-28\u00b0C juures. Seej\u00e4rel toimub malolaktiline fermentatsioon tammevaatides, misj\u00e4rel j\u00e4\u00e4b vein laagerduma veel 15 kuuks.<\/p>","protected":false},"excerpt":{"rendered":"<p>Liik:\tGeograafilise t\u00e4hisega vein<br \/>\nKastis:\t4<br \/>\nMaht:\t300 CL<br \/>\nAlkoholisisaldus:\t12%<br \/>\nP\u00e4ritolumaa:\tL\u00f5una-Aafrika<br \/>\nPiirkond:\tWestern Cape<br \/>\nViinamarjasort:\tPinotage 60%, Shiraz 40%.<br \/>\nAroom:\tAroomis on aimata tumedaid marju, r\u00f6stitud kohviube ning tumedat \u0161okolaadi.<br \/>\nMaitse:\tMaitses domineerivad rikkalikud tanniinid ning puuviljasus. Aimata on musts\u00f5start, murakat, bitteri \u0161okolaadi, tubakat, vaniljet ning v\u00fcrtsikust. Pikk ja meeldej\u00e4\u00e4v j\u00e4relmaitse.<br \/>\nToidusoovitus:\tNaudi seda koos grillitud v\u00f5i hautatud liharoogadega, tugevamate juustude v\u00f5i ulukiliha k\u00f5rvale.<br \/>\nServeerimine:\tServeeri v\u00f5imalusel temperatuuril 16-18\u00b0C Veini v\u00f5ib tarbida ka 6 n\u00e4dalat p\u00e4rast avamist.<\/p>","protected":false},"featured_media":1978,"template":"","meta":{"_acf_changed":false,"_kadence_starter_templates_imported_post":false,"_kad_post_transparent":"","_kad_post_title":"","_kad_post_layout":"","_kad_post_sidebar_id":"","_kad_post_content_style":"","_kad_post_vertical_padding":"","_kad_post_feature":"","_kad_post_feature_position":"","_kad_post_header":false,"_kad_post_footer":false},"product_brand":[],"product_cat":[20,182,31,119],"product_tag":[],"class_list":{"0":"post-1979","1":"product","2":"type-product","3":"status-publish","4":"has-post-thumbnail","6":"product_cat-punased-veinid","7":"product_cat-pakiveinid-1-veinid","8":"product_cat-lav","9":"product_cat-pakiveinid","11":"first","12":"outofstock","13":"taxable","14":"shipping-taxable","15":"purchasable","16":"product-type-simple","17":"entry","18":"content-bg","19":"loop-entry"},"acf":[],"_links":{"self":[{"href":"https:\/\/mydrink.ee\/fi\/wp-json\/wp\/v2\/product\/1979","targetHints":{"allow":["GET"]}}],"collection":[{"href":"https:\/\/mydrink.ee\/fi\/wp-json\/wp\/v2\/product"}],"about":[{"href":"https:\/\/mydrink.ee\/fi\/wp-json\/wp\/v2\/types\/product"}],"wp:featuredmedia":[{"embeddable":true,"href":"https:\/\/mydrink.ee\/fi\/wp-json\/wp\/v2\/media\/1978"}],"wp:attachment":[{"href":"https:\/\/mydrink.ee\/fi\/wp-json\/wp\/v2\/media?parent=1979"}],"wp:term":[{"taxonomy":"product_brand","embeddable":true,"href":"https:\/\/mydrink.ee\/fi\/wp-json\/wp\/v2\/product_brand?post=1979"},{"taxonomy":"product_cat","embeddable":true,"href":"https:\/\/mydrink.ee\/fi\/wp-json\/wp\/v2\/product_cat?post=1979"},{"taxonomy":"product_tag","embeddable":true,"href":"https:\/\/mydrink.ee\/fi\/wp-json\/wp\/v2\/product_tag?post=1979"}],"curies":[{"name":"wp","href":"https:\/\/api.w.org\/{rel}","templated":true}]}}