{"id":2026,"date":"2014-07-10T22:33:28","date_gmt":"2014-07-10T19:33:28","guid":{"rendered":"https:\/\/mydrink.ee\/product\/licor-43-31-100cl\/"},"modified":"2026-01-08T19:55:11","modified_gmt":"2026-01-08T17:55:11","slug":"licor-43-31-100cl","status":"publish","type":"product","link":"https:\/\/mydrink.ee\/fi\/product\/licor-43-31-100cl\/","title":{"rendered":"LICOR 43 31% 100CL"},"content":{"rendered":"<p>Hispaania linna Cartagenat kutsuti Rooma impeeriumi ajal Carthago Novaks. See oli oluline sadamalinn, mis \u00fchendas Rooma impeeriumi v\u00f5imsa Kartaago riigiga P\u00f5hja-Aafrikas. Carthago Novas kaubeldi P\u00f5hja-Aafrikast ja Hispaaniast p\u00e4rit v\u00fcrtside ja puuviljadega ning sealt varustati ka Rooma impeeriumi. Roomlased valmistasid seal puuviljadest ja \u00fcrtidest aromaatset kuldset eliksiiri, mis muutus nii populaarseks, et selle joomine keelati. M\u00f5ne aja p\u00e4rast muutus see kuldne eliksiir Liqvor Mirabilis kuulsaks Rooma impeeriumi eliidi hulgas ja see levis \u00fcle kogu riigi. 20 sajandi alguses see vana retsept taas elustati ja kutsuti Licor 43\u2019ks, sest see jook sisaldab 43 koostisosa. T\u00e4nap\u00e4eval kuulub see retsept perekond Zamorale ja ainult 3 pereliiget teab selle joogi saladust. P\u00e4rast 2000 aastast ajalugu toodetakse seda lik\u00f6\u00f6ri endiselt samas Cartagena linnas. Avastage see legendaarne ja kuldne eliksiir m\u00f5nusate kokteilidega, selle mahe vanilje maitse ja mesised noodid\u2026<\/p>\n<p>HOTSHOT<br \/>2cl Licor 43<br \/>2cl kuuma kohvi<br \/>Vahukoor<\/p>\n<p>Kokteilid ja lisainfo: www.licor43.com<\/p>","protected":false},"excerpt":{"rendered":"<p>Liik: Kange alkohol, Lik\u00f6\u00f6r<br \/>\nKastis: 12<br \/>\nMaht: 100CL<br \/>\nAlkoholisisaldus: 31%<br \/>\nP\u00e4ritolumaa: Hispaania<br \/>\nV\u00e4rvus: kuldne merevaik<br \/>\nAroom: vanilje ja tsitrused<br \/>\nMaitse: magus, mahevanilje. J\u00e4relmaitsesmagus vanilje, tsitrused ja v\u00fcrtsid.<\/p>","protected":false},"featured_media":2025,"template":"","meta":{"_acf_changed":false,"_kadence_starter_templates_imported_post":false,"_kad_post_transparent":"","_kad_post_title":"","_kad_post_layout":"","_kad_post_sidebar_id":"","_kad_post_content_style":"","_kad_post_vertical_padding":"","_kad_post_feature":"","_kad_post_feature_position":"","_kad_post_header":false,"_kad_post_footer":false},"product_brand":[],"product_cat":[43,26],"product_tag":[],"class_list":{"0":"post-2026","1":"product","2":"type-product","3":"status-publish","4":"has-post-thumbnail","6":"product_cat-likoor","7":"product_cat-kange-alkohol","9":"first","10":"instock","11":"taxable","12":"shipping-taxable","13":"purchasable","14":"product-type-simple","15":"entry","16":"content-bg","17":"loop-entry"},"acf":[],"_links":{"self":[{"href":"https:\/\/mydrink.ee\/fi\/wp-json\/wp\/v2\/product\/2026","targetHints":{"allow":["GET"]}}],"collection":[{"href":"https:\/\/mydrink.ee\/fi\/wp-json\/wp\/v2\/product"}],"about":[{"href":"https:\/\/mydrink.ee\/fi\/wp-json\/wp\/v2\/types\/product"}],"wp:featuredmedia":[{"embeddable":true,"href":"https:\/\/mydrink.ee\/fi\/wp-json\/wp\/v2\/media\/2025"}],"wp:attachment":[{"href":"https:\/\/mydrink.ee\/fi\/wp-json\/wp\/v2\/media?parent=2026"}],"wp:term":[{"taxonomy":"product_brand","embeddable":true,"href":"https:\/\/mydrink.ee\/fi\/wp-json\/wp\/v2\/product_brand?post=2026"},{"taxonomy":"product_cat","embeddable":true,"href":"https:\/\/mydrink.ee\/fi\/wp-json\/wp\/v2\/product_cat?post=2026"},{"taxonomy":"product_tag","embeddable":true,"href":"https:\/\/mydrink.ee\/fi\/wp-json\/wp\/v2\/product_tag?post=2026"}],"curies":[{"name":"wp","href":"https:\/\/api.w.org\/{rel}","templated":true}]}}