{"id":2078,"date":"2014-09-15T22:33:01","date_gmt":"2014-09-15T19:33:01","guid":{"rendered":"https:\/\/mydrink.ee\/product\/hartwall-original-long-drink-lime-5-5-33cl-x-24\/"},"modified":"2026-03-31T08:34:54","modified_gmt":"2026-03-31T05:34:54","slug":"hartwall-original-long-drink-lime-5-5-33cl-x-24","status":"publish","type":"product","link":"https:\/\/mydrink.ee\/fi\/product\/hartwall-original-long-drink-lime-5-5-33cl-x-24\/","title":{"rendered":"Hartwall Original Long Drink Lime 5,5% 33CL x 24"},"content":{"rendered":"<p>Hartwall alustas esimesena longero valmistamist Helsingi Ol\u00fcmpiam\u00e4ngude ajal 1952. aastal. J\u00e4tkuvalt valmistab Hartwall Original nime kandvaid long drink\u00b4e \u00f5igel meetodil, st kokku segatuna kangest alkoholist (mitte k\u00e4\u00e4ritatud \u00f5unaveinile maitseaineid sisse segades).<br \/> Hartwall Original Long Drink kaubam\u00e4rgi tootevaliku uudis on n\u00fc\u00fcd Vodka Lime. Nagu nimi \u00fctleb, siis on toote valmistamisel kasutatud puhast viina, mis tasakaalustatud v\u00e4rskendava laimi maitsega.<\/p>\n\n<style>.wp-block-kadence-advancedheading.kt-adv-heading2078_5c3593-94_0, .wp-block-kadence-advancedheading.kt-adv-heading2078_5c3593-94_0[data-kb-block=\"kb-adv-heading2078_5c3593-94_0\"]{font-style:normal;}.wp-block-kadence-advancedheading.kt-adv-heading2078_5c3593-94_0 mark.kt-highlight, .wp-block-kadence-advancedheading.kt-adv-heading2078_5c3593-94_0[data-kb-block=\"kb-adv-heading2078_5c3593-94_0\"] mark.kt-highlight{font-style:normal;color:#f76a0c;-webkit-box-decoration-break:clone;box-decoration-break:clone;padding-top:0px;padding-right:0px;padding-bottom:0px;padding-left:0px;}<\/style>\n<h4 class=\"kt-adv-heading2078_5c3593-94_0 wp-block-kadence-advancedheading has-theme-palette-9-color has-text-color\" data-kb-block=\"kb-adv-heading2078_5c3593-94_0\">long drink<\/h4>","protected":false},"excerpt":{"rendered":"<p>Liik: Lahja alkohoolne jook, Long Drink<br \/>\nKastis: 24<br \/>\nMaht: 7,92L<br \/>\nAlkoholisisaldus: 5,5%<br \/>\nP\u00e4ritolumaa: Soome<br \/>\nServeerimine: Jahutatult<\/p>\n<p class=\"translation-block\">HUOM! Yhteen pakettiin mahtuu 3 sellaista tuotetta.<\/p>","protected":false},"featured_media":2076,"template":"","meta":{"_acf_changed":false,"_kadence_starter_templates_imported_post":false,"_kad_post_transparent":"","_kad_post_title":"","_kad_post_layout":"","_kad_post_sidebar_id":"","_kad_post_content_style":"","_kad_post_vertical_padding":"","_kad_post_feature":"","_kad_post_feature_position":"","_kad_post_header":false,"_kad_post_footer":false},"product_brand":[],"product_cat":[90,256,232,110,25,91],"product_tag":[272],"class_list":{"0":"post-2078","1":"product","2":"type-product","3":"status-publish","4":"has-post-thumbnail","6":"product_cat-long-drink","7":"product_cat-lahja-alkohol","8":"product_cat-pandipakend","9":"product_cat-pakkumised","10":"product_cat-olu-siider-long-drink","11":"product_cat-ohooo","12":"product_tag-htw33ale","14":"first","15":"instock","16":"sale","17":"taxable","18":"shipping-taxable","19":"purchasable","20":"product-type-simple","21":"entry","22":"content-bg","23":"loop-entry"},"acf":[],"_links":{"self":[{"href":"https:\/\/mydrink.ee\/fi\/wp-json\/wp\/v2\/product\/2078","targetHints":{"allow":["GET"]}}],"collection":[{"href":"https:\/\/mydrink.ee\/fi\/wp-json\/wp\/v2\/product"}],"about":[{"href":"https:\/\/mydrink.ee\/fi\/wp-json\/wp\/v2\/types\/product"}],"wp:featuredmedia":[{"embeddable":true,"href":"https:\/\/mydrink.ee\/fi\/wp-json\/wp\/v2\/media\/2076"}],"wp:attachment":[{"href":"https:\/\/mydrink.ee\/fi\/wp-json\/wp\/v2\/media?parent=2078"}],"wp:term":[{"taxonomy":"product_brand","embeddable":true,"href":"https:\/\/mydrink.ee\/fi\/wp-json\/wp\/v2\/product_brand?post=2078"},{"taxonomy":"product_cat","embeddable":true,"href":"https:\/\/mydrink.ee\/fi\/wp-json\/wp\/v2\/product_cat?post=2078"},{"taxonomy":"product_tag","embeddable":true,"href":"https:\/\/mydrink.ee\/fi\/wp-json\/wp\/v2\/product_tag?post=2078"}],"curies":[{"name":"wp","href":"https:\/\/api.w.org\/{rel}","templated":true}]}}