{"id":224,"date":"2012-07-13T10:47:56","date_gmt":"2012-07-13T07:47:56","guid":{"rendered":"https:\/\/mydrink.ee\/product\/yuni-laste-vahujook-vaarika-viinamarja-75cl\/"},"modified":"2025-09-25T10:24:05","modified_gmt":"2025-09-25T07:24:05","slug":"yuni-laste-vahujook-vaarika-viinamarja-75cl","status":"publish","type":"product","link":"https:\/\/mydrink.ee\/fi\/product\/yuni-laste-vahujook-vaarika-viinamarja-75cl\/","title":{"rendered":"YUNI LASTE VAHUJOOK VAARIKA\/VIINAMARJA 75CL"},"content":{"rendered":"<p>YUNI vahutavat marjakokteili v\u00f5ib nautida erinevatel t\u00e4htp\u00e4evaevadel nii detsembris kui juunis, olgu peol nii v\u00e4ikseid kui suuri.<\/p>\n<p> Eriti tore on tuua Yuni lauale laste t\u00e4htp\u00e4evadel, sest kihisev jook on alkoholivaba ja imemaitsev. S\u00e4ilitada kuivas ja jahedas.<\/p>","protected":false},"excerpt":{"rendered":"<p>Liik:\tMittealkohoolne jook, Karastusjoogid<br \/>\nKastis:\t6<br \/>\nMaht:\t75CL<br \/>\nP\u00e4ritolumaa:\tPrantsusmaa<br \/>\nKoostis: viinamarjamahl kontsentreeritud mahlast (66%); vesi; vaarikamahl konsentreeritud mahlast (3%); vaarika l\u00f5hna- ja maitseaine; CO2; antioks\u00fcdant: sidrunhape.<br \/>\nServeerimine: Parim jahutatult!<\/p>","protected":false},"featured_media":223,"template":"","meta":{"_acf_changed":false,"_kad_post_transparent":"","_kad_post_title":"","_kad_post_layout":"","_kad_post_sidebar_id":"","_kad_post_content_style":"","_kad_post_vertical_padding":"","_kad_post_feature":"","_kad_post_feature_position":"","_kad_post_header":false,"_kad_post_footer":false},"product_brand":[],"product_cat":[109,25,232],"product_tag":[],"class_list":{"0":"post-224","1":"product","2":"type-product","3":"status-publish","4":"has-post-thumbnail","6":"product_cat-alkoholivaba","7":"product_cat-olu-siider-long-drink","8":"product_cat-pandipakend","10":"first","11":"outofstock","12":"taxable","13":"shipping-taxable","14":"purchasable","15":"product-type-simple","16":"entry","17":"content-bg","18":"loop-entry"},"acf":[],"_links":{"self":[{"href":"https:\/\/mydrink.ee\/fi\/wp-json\/wp\/v2\/product\/224","targetHints":{"allow":["GET"]}}],"collection":[{"href":"https:\/\/mydrink.ee\/fi\/wp-json\/wp\/v2\/product"}],"about":[{"href":"https:\/\/mydrink.ee\/fi\/wp-json\/wp\/v2\/types\/product"}],"wp:featuredmedia":[{"embeddable":true,"href":"https:\/\/mydrink.ee\/fi\/wp-json\/wp\/v2\/media\/223"}],"wp:attachment":[{"href":"https:\/\/mydrink.ee\/fi\/wp-json\/wp\/v2\/media?parent=224"}],"wp:term":[{"taxonomy":"product_brand","embeddable":true,"href":"https:\/\/mydrink.ee\/fi\/wp-json\/wp\/v2\/product_brand?post=224"},{"taxonomy":"product_cat","embeddable":true,"href":"https:\/\/mydrink.ee\/fi\/wp-json\/wp\/v2\/product_cat?post=224"},{"taxonomy":"product_tag","embeddable":true,"href":"https:\/\/mydrink.ee\/fi\/wp-json\/wp\/v2\/product_tag?post=224"}],"curies":[{"name":"wp","href":"https:\/\/api.w.org\/{rel}","templated":true}]}}