{"id":2278,"date":"2014-11-09T16:05:29","date_gmt":"2014-11-09T14:05:29","guid":{"rendered":"https:\/\/mydrink.ee\/product\/chill-out-chardonnay-13-vol-300cl-bib\/"},"modified":"2026-01-14T16:59:40","modified_gmt":"2026-01-14T14:59:40","slug":"chill-out-chardonnay-13-vol-300cl-bib","status":"publish","type":"product","link":"https:\/\/mydrink.ee\/fi\/product\/chill-out-chardonnay-13-vol-300cl-bib\/","title":{"rendered":"Chill Out Chardonnay 13% vol 300cl BIB"},"content":{"rendered":"<p>2010. aasta kasvutingimused olid Chardonnay marjade kasvatamaiseks v\u00e4ga head.<br \/>\nVarajased soojad ja k\u00f5rged p\u00e4evatemperatuurid kombineerituna jahedamate perioodidega tagasid marjade t\u00e4isk\u00fcpsuse ning veinis hea suhkrusisalduse ja happe tasakaalu.<\/p>","protected":false},"excerpt":{"rendered":"<p>Liik: Valge vein<br \/>Kastis: 4<br \/>Maht: 300CL<br \/>Alkoholisisaldus: 13% vol<br \/>P&auml;ritolumaa: Austraalia<br \/>Viinamarjasort: Chardonnay<br \/>V&auml;rvus: &Otilde;lek&otilde;rrekollane.<br \/>Aroom: V&auml;rske, t&auml;is troopilisi vilju, tunda &otilde;rna vaniljenooti.<br \/>Maitse: V&auml;rske ja kuiv. Puuviljases maitses kerkivad esile tsitruselised ja &otilde;rn tammenoot l&otilde;pus.<br \/>Toidusoovitus: Sobib serveerimiseks kergete roogade juurde, mis on valmistatud valgest lihast v&otilde;i grillitud kalast. Suurep&auml;rane ka nautimiseks aperitiivina, iseseisvalt.<br \/>Serveerimine:&nbsp;&nbsp;&nbsp; 8-10 C<\/p>","protected":false},"featured_media":2277,"template":"","meta":{"_acf_changed":false,"_kadence_starter_templates_imported_post":false,"_kad_post_transparent":"","_kad_post_title":"","_kad_post_layout":"","_kad_post_sidebar_id":"","_kad_post_content_style":"","_kad_post_vertical_padding":"","_kad_post_feature":"","_kad_post_feature_position":"","_kad_post_header":false,"_kad_post_footer":false},"product_brand":[],"product_cat":[53,21,182,120],"product_tag":[],"class_list":{"0":"post-2278","1":"product","2":"type-product","3":"status-publish","4":"has-post-thumbnail","6":"product_cat-austraalia-1","7":"product_cat-valged-veinid","8":"product_cat-pakiveinid-1-veinid","9":"product_cat-pakiveinid-1","11":"first","12":"instock","13":"taxable","14":"shipping-taxable","15":"purchasable","16":"product-type-simple","17":"entry","18":"content-bg","19":"loop-entry"},"acf":[],"_links":{"self":[{"href":"https:\/\/mydrink.ee\/fi\/wp-json\/wp\/v2\/product\/2278","targetHints":{"allow":["GET"]}}],"collection":[{"href":"https:\/\/mydrink.ee\/fi\/wp-json\/wp\/v2\/product"}],"about":[{"href":"https:\/\/mydrink.ee\/fi\/wp-json\/wp\/v2\/types\/product"}],"wp:featuredmedia":[{"embeddable":true,"href":"https:\/\/mydrink.ee\/fi\/wp-json\/wp\/v2\/media\/2277"}],"wp:attachment":[{"href":"https:\/\/mydrink.ee\/fi\/wp-json\/wp\/v2\/media?parent=2278"}],"wp:term":[{"taxonomy":"product_brand","embeddable":true,"href":"https:\/\/mydrink.ee\/fi\/wp-json\/wp\/v2\/product_brand?post=2278"},{"taxonomy":"product_cat","embeddable":true,"href":"https:\/\/mydrink.ee\/fi\/wp-json\/wp\/v2\/product_cat?post=2278"},{"taxonomy":"product_tag","embeddable":true,"href":"https:\/\/mydrink.ee\/fi\/wp-json\/wp\/v2\/product_tag?post=2278"}],"curies":[{"name":"wp","href":"https:\/\/api.w.org\/{rel}","templated":true}]}}