{"id":2290,"date":"2014-11-10T12:07:35","date_gmt":"2014-11-10T10:07:35","guid":{"rendered":"https:\/\/mydrink.ee\/product\/torres-san-valentin-11-300cl-bib\/"},"modified":"2014-11-10T12:07:35","modified_gmt":"2014-11-10T10:07:35","slug":"torres-san-valentin-11-300cl-bib","status":"publish","type":"product","link":"https:\/\/mydrink.ee\/fi\/product\/torres-san-valentin-11-300cl-bib\/","title":{"rendered":"Torres San Valentin 11% 300cl BIB"},"content":{"rendered":"<p>Torrese perekond on viinamarjakasvatusega seotud juba XVII sajandist peale ning 1870 rajasid nad veinide eksportimisega tegeleva perefirma. Foiniiklaste poolt rajatud ning hiljem roomlaste laiendatud viinamarjav\u00e4ljad on Barcelonast %pilt1,right%edelasse j\u00e4\u00e4vas Pened\u00e9sis laiunud juba aastatuhandeid. Aastasadade taha ulatub ka Torrese perekonna traditsioon veinivalmistamise vallas. Iidses Kataloonia linnakeses Vilafranca del Penedesis valmistatakse veine juba alates 17. sajandist ning alates 19. sajandist, t\u00e4psemalt aastal 1870, asutas Don Jaime Torrese veinikeldri, mille suurep\u00e4raseid veini nauditakse t\u00e4nap\u00e4eval kogu maailmas. 1979 aastal omandas Don Miguel Torres Curico\u2019s v\u00e4ikese veinikeldri olles seega esimene v\u00e4lismaalane, kes investeeris T\u0161iili viinamarjakasvatusparadiisi. T\u00e4naseks on paljud rahvusvahelised firmad ostnud T\u0161iilis viinamarjaistandusi v\u00f5i tundnud huvi sealsete veinide vastu. Torresed on aga v\u00e4ga uhked selle \u00fcle, et just nemad T\u0161iilis esimesed viinamarjakasvatuse arendajad olid. Viinamarjade kasvatamisest ja veinide valmistamisest Torrese nime all on aastasadade v\u00e4ltel %pilt2,left%kasvanud rahvusvahelisi mastaape h\u00f5lmav tegevus, millesse perekonnaliikmed ise aktiivselt p\u00fchendunud on \u2013 1869 ehitas laevandusega ja \u00f5likaubandusega v\u00e4ikese varanduse teeninud Jaime Torres veinikeldri, kus veini valmistati tema venna Migueli poolt kasvatatud viinamarjadest. T\u00e4na juhib Torrese perefirma tegevust Miguel A. Torres, tema vend Juan Maria tegeleb ettev\u00f5tte avalike suhetega ning \u00f5de Marimar juhib Torrese veinikeldri tegevust Kalifornias ning koordineerib veinide m\u00fc\u00fcki Ameerika turul. L\u00e4bi aastate on firmat juhtinud erinevad p\u00f5lvkonnad, kes iga\u00fcks on j\u00e4tnud j\u00e4lje ettev\u00f5tte isikup\u00e4ra ning missiooni kujundamisel.<\/p>","protected":false},"excerpt":{"rendered":"<p>Liik:\tKTG-kvaliteetvein<br \/>\nKastis: 4<br \/>\nMaht: 300CL<br \/>\nAlkoholisisaldus: 11,0%<br \/>\nP\u00e4ritolumaa: Hispaania<br \/>\nViinamarjasort: Parellada<br \/>\nIseloomustus: Klassikaline kahvatukollane v\u00e4rv, v\u00e4rskete viinamarjade ahvatlev aroom koos teiste puuviljadega (k\u00fcpsed banaanid, k\u00fcdoonia) ja lilledega (akaatsia, kerge roosi ja rosmariini n\u00fcansiga), maitse on v\u00e4rske ja mahlane.<br \/>\nToidusoovitus: Kui otsite kerget valget veini maheda kalatoidu v\u00f5i desserdi rikastamiseks, on San Valentin selleks ideaalne valik.<br \/>\nServeerimine:\t10-12 C<br \/>\nVamistamise erip\u00e4ra: Torres kasutab oma BIB pakendite tootmiseks uudset tehnoloogiat, mis kaitseb veini oks\u00fcdeerumise eest ja veinikvaliteet on 60% parem kui tavalises BIB pakendis vein.<\/p>","protected":false},"featured_media":2289,"template":"","meta":{"_acf_changed":false,"_kadence_starter_templates_imported_post":false,"_kad_post_transparent":"","_kad_post_title":"","_kad_post_layout":"","_kad_post_sidebar_id":"","_kad_post_content_style":"","_kad_post_vertical_padding":"","_kad_post_feature":"","_kad_post_feature_position":"","_kad_post_header":false,"_kad_post_footer":false},"product_brand":[],"product_cat":[21,182,54,120],"product_tag":[],"class_list":{"0":"post-2290","1":"product","2":"type-product","3":"status-publish","4":"has-post-thumbnail","6":"product_cat-valged-veinid","7":"product_cat-pakiveinid-1-veinid","8":"product_cat-hispaania-1","9":"product_cat-pakiveinid-1","11":"first","12":"instock","13":"taxable","14":"shipping-taxable","15":"purchasable","16":"product-type-simple","17":"entry","18":"content-bg","19":"loop-entry"},"acf":[],"_links":{"self":[{"href":"https:\/\/mydrink.ee\/fi\/wp-json\/wp\/v2\/product\/2290","targetHints":{"allow":["GET"]}}],"collection":[{"href":"https:\/\/mydrink.ee\/fi\/wp-json\/wp\/v2\/product"}],"about":[{"href":"https:\/\/mydrink.ee\/fi\/wp-json\/wp\/v2\/types\/product"}],"wp:featuredmedia":[{"embeddable":true,"href":"https:\/\/mydrink.ee\/fi\/wp-json\/wp\/v2\/media\/2289"}],"wp:attachment":[{"href":"https:\/\/mydrink.ee\/fi\/wp-json\/wp\/v2\/media?parent=2290"}],"wp:term":[{"taxonomy":"product_brand","embeddable":true,"href":"https:\/\/mydrink.ee\/fi\/wp-json\/wp\/v2\/product_brand?post=2290"},{"taxonomy":"product_cat","embeddable":true,"href":"https:\/\/mydrink.ee\/fi\/wp-json\/wp\/v2\/product_cat?post=2290"},{"taxonomy":"product_tag","embeddable":true,"href":"https:\/\/mydrink.ee\/fi\/wp-json\/wp\/v2\/product_tag?post=2290"}],"curies":[{"name":"wp","href":"https:\/\/api.w.org\/{rel}","templated":true}]}}