{"id":2334,"date":"2014-11-11T16:42:24","date_gmt":"2014-11-11T14:42:24","guid":{"rendered":"https:\/\/mydrink.ee\/product\/gato-negro-sauvignon-blanc-12-300cl-bib\/"},"modified":"2014-11-11T16:42:24","modified_gmt":"2014-11-11T14:42:24","slug":"gato-negro-sauvignon-blanc-12-300cl-bib","status":"publish","type":"product","link":"https:\/\/mydrink.ee\/fi\/product\/gato-negro-sauvignon-blanc-12-300cl-bib\/","title":{"rendered":"Gato Negro Sauvignon Blanc 12% 300cl BIB"},"content":{"rendered":"<p>Viinamarjad on korjatud m\u00e4rtsi alguses, varahommikul, mis on optimaalne aeg selleks, et s\u00e4ilitada nende aromaatset kontsentreeritust, happesust ja naturaalset suhkrusisaldust. P\u00e4rast korjet on viinamarjad ettevaatlikult transporditud veinikeldrisse, kus neist madalal temperatuuril pressitakse viinamarjamahl. Saadud mahlasegu k\u00e4\u00e4ritatakse roostevabast terasest tankides 15 \u00b0C juures.<\/p>","protected":false},"excerpt":{"rendered":"<p>Liik:\tVeinid, Valge vein<br \/>\nKastis: 4<br \/>\nMaht: 300CL<br \/>\nAlkoholisisaldus: 13,5%<br \/>\nP\u00e4ritolumaa: Tsiili<br \/>\nViinamarjasort: Sauvignon Blanc 100%<br \/>\nV\u00e4limus: hele kahvatukollane<br \/>\nAroom: tunda tsitruseid, eksootilisi puuvilju, rohusust ja tikrit.<br \/>\nMaitse: kerge, v\u00e4rske, troopiliste puuviljade ja lillede karakter.<br \/>\nToidusoovitus: valge liha, punase kala ning mereandide ja salatitega.<br \/>\nServeerimine:\t8-10 C<\/p>","protected":false},"featured_media":2333,"template":"","meta":{"_acf_changed":false,"_kadence_starter_templates_imported_post":false,"_kad_post_transparent":"","_kad_post_title":"","_kad_post_layout":"","_kad_post_sidebar_id":"","_kad_post_content_style":"","_kad_post_vertical_padding":"","_kad_post_feature":"","_kad_post_feature_position":"","_kad_post_header":false,"_kad_post_footer":false},"product_brand":[],"product_cat":[21,182,59,120],"product_tag":[],"class_list":{"0":"post-2334","1":"product","2":"type-product","3":"status-publish","4":"has-post-thumbnail","6":"product_cat-valged-veinid","7":"product_cat-pakiveinid-1-veinid","8":"product_cat-tshiili","9":"product_cat-pakiveinid-1","11":"first","12":"instock","13":"sale","14":"taxable","15":"shipping-taxable","16":"purchasable","17":"product-type-simple","18":"entry","19":"content-bg","20":"loop-entry"},"acf":[],"_links":{"self":[{"href":"https:\/\/mydrink.ee\/fi\/wp-json\/wp\/v2\/product\/2334","targetHints":{"allow":["GET"]}}],"collection":[{"href":"https:\/\/mydrink.ee\/fi\/wp-json\/wp\/v2\/product"}],"about":[{"href":"https:\/\/mydrink.ee\/fi\/wp-json\/wp\/v2\/types\/product"}],"wp:featuredmedia":[{"embeddable":true,"href":"https:\/\/mydrink.ee\/fi\/wp-json\/wp\/v2\/media\/2333"}],"wp:attachment":[{"href":"https:\/\/mydrink.ee\/fi\/wp-json\/wp\/v2\/media?parent=2334"}],"wp:term":[{"taxonomy":"product_brand","embeddable":true,"href":"https:\/\/mydrink.ee\/fi\/wp-json\/wp\/v2\/product_brand?post=2334"},{"taxonomy":"product_cat","embeddable":true,"href":"https:\/\/mydrink.ee\/fi\/wp-json\/wp\/v2\/product_cat?post=2334"},{"taxonomy":"product_tag","embeddable":true,"href":"https:\/\/mydrink.ee\/fi\/wp-json\/wp\/v2\/product_tag?post=2334"}],"curies":[{"name":"wp","href":"https:\/\/api.w.org\/{rel}","templated":true}]}}